{"id":215976,"date":"2024-08-07T04:16:09","date_gmt":"2024-08-07T11:16:09","guid":{"rendered":"https:\/\/glandine.com\/product\/dolce-gabbana-elegante-schwarze-langaermelige-jacke\/"},"modified":"2024-11-30T06:27:33","modified_gmt":"2024-11-30T05:27:33","slug":"dolce-gabbana-elegante-schwarze-langaermelige-jacke","status":"publish","type":"product","link":"https:\/\/tpmadalina42.supserv.cozmoslabs.com\/fi\/tuote-2\/dolce-gabbana-elegante-schwarze-langaermelige-jacke\/","title":{"rendered":"Dolce &amp; Gabbana Elegantti musta pitk\u00e4hihainen takki"},"content":{"rendered":"<p>Umarmen Sie zeitlose Eleganz mit dieser wundersch\u00f6nen, 100% authentischen Dolce &amp; Gabbana Jacke mit langen \u00c4rmeln, neu mit Etiketten. Dieses St\u00fcck ist der Inbegriff von italienischem Luxus und Handwerkskunst. Es bietet eine regul\u00e4re Passform, die der Silhouette schmeichelt, w\u00e4hrend es sich mit komplizierten Logodetails f\u00fcr einen Hauch von Exklusivit\u00e4t r\u00fchmt. Diese in Italien gefertigte Jacke ist perfekt f\u00fcr alle, die sowohl Mode als auch Qualit\u00e4t suchen.<\/p>\n<ul>\n<li>V\u00e4ri: Musta<\/li>\n<li>Material: 72% Viskose, 15% Polyester, 10% Nylon, 3% Elasthan<\/li>\n<li>Alkuper\u00e4maa: IT<\/li>\n<\/ul>","protected":false},"excerpt":{"rendered":"<p>Umarmen Sie zeitlose Eleganz mit dieser wundersch\u00f6nen, 100% authentischen Dolce &amp; Gabbana Jacke mit langen \u00c4rmeln, neu mit Etiketten. Dieses St\u00fcck ist der Inbegriff von italienischem Luxus und Handwerkskunst. Es bietet eine regul\u00e4re Passform, die der Silhouette schmeichelt, w\u00e4hrend es sich mit komplizierten Logodetails f\u00fcr einen Hauch von Exklusivit\u00e4t r\u00fchmt. Diese in Italien gefertigte Jacke [&hellip;]<\/p>","protected":false},"featured_media":215970,"template":"","meta":[],"product_brand":[1620],"product_cat":[1637,1670,1623],"product_tag":[],"class_list":{"0":"post-215976","1":"product","2":"type-product","3":"status-publish","4":"has-post-thumbnail","6":"product_brand-dolce-gabbana","7":"product_cat-frauen-kleidung","8":"product_cat-jacken-maentel","9":"product_cat-kleidung","11":"first","12":"instock","13":"sale","14":"taxable","15":"shipping-taxable","16":"purchasable","17":"product-type-variable"},"_links":{"self":[{"href":"https:\/\/tpmadalina42.supserv.cozmoslabs.com\/fi\/wp-json\/wp\/v2\/product\/215976","targetHints":{"allow":["GET"]}}],"collection":[{"href":"https:\/\/tpmadalina42.supserv.cozmoslabs.com\/fi\/wp-json\/wp\/v2\/product"}],"about":[{"href":"https:\/\/tpmadalina42.supserv.cozmoslabs.com\/fi\/wp-json\/wp\/v2\/types\/product"}],"wp:featuredmedia":[{"embeddable":true,"href":"https:\/\/tpmadalina42.supserv.cozmoslabs.com\/fi\/wp-json\/wp\/v2\/media\/215970"}],"wp:attachment":[{"href":"https:\/\/tpmadalina42.supserv.cozmoslabs.com\/fi\/wp-json\/wp\/v2\/media?parent=215976"}],"wp:term":[{"taxonomy":"product_brand","embeddable":true,"href":"https:\/\/tpmadalina42.supserv.cozmoslabs.com\/fi\/wp-json\/wp\/v2\/product_brand?post=215976"},{"taxonomy":"product_cat","embeddable":true,"href":"https:\/\/tpmadalina42.supserv.cozmoslabs.com\/fi\/wp-json\/wp\/v2\/product_cat?post=215976"},{"taxonomy":"product_tag","embeddable":true,"href":"https:\/\/tpmadalina42.supserv.cozmoslabs.com\/fi\/wp-json\/wp\/v2\/product_tag?post=215976"}],"curies":[{"name":"wp","href":"https:\/\/api.w.org\/{rel}","templated":true}]}}