{"id":216073,"date":"2024-08-07T04:22:36","date_gmt":"2024-08-07T11:22:36","guid":{"rendered":"https:\/\/glandine.com\/product\/dolce-gabbana-eleganter-maxirock-mit-hoher-taille-und-a-linie\/"},"modified":"2024-11-30T06:29:11","modified_gmt":"2024-11-30T05:29:11","slug":"dolce-gabbana-eleganter-maxirock-mit-hoher-taille-und-a-linie","status":"publish","type":"product","link":"https:\/\/tpmadalina42.supserv.cozmoslabs.com\/fi\/tuote-2\/dolce-gabbana-eleganter-maxirock-mit-hoher-taille-und-a-linie\/","title":{"rendered":"Dolce &amp; Gabbana Eleganter Maxirock mit hoher Taille und A-Linie"},"content":{"rendered":"<p>Dieser wundersch\u00f6ne Rock mit hoher Taille und A-Linie von Dolce &amp; Gabbana ist von raffinierter Eleganz. Perfekt geschneidert, pr\u00e4sentiert dieses St\u00fcck eine schicke, verl\u00e4ngerte Silhouette, die bei jeder Veranstaltung ein Statement setzt. Er ist in einem sch\u00f6nen Braunton gehalten, wird mit einem praktischen Rei\u00dfverschluss geschlossen und ist mit den charakteristischen Logodetails der Marke akzentuiert, w\u00e4hrend er im luxuri\u00f6sen Italien hergestellt wird. Dieser Rock ist eine vielseitige Erg\u00e4nzung Ihrer Garderobe und verspr\u00fcht klassischen Charme mit einem modernen Twist &#8211; perfekt, um Ihren Stil aufzuwerten.<\/p>\n<ul>\n<li>V\u00e4ri: Ruskea<\/li>\n<li>Materiaali: 100% polyesteri<\/li>\n<li>Alkuper\u00e4maa: IT<\/li>\n<\/ul>","protected":false},"excerpt":{"rendered":"<p>Dieser wundersch\u00f6ne Rock mit hoher Taille und A-Linie von Dolce &amp; Gabbana ist von raffinierter Eleganz. Perfekt geschneidert, pr\u00e4sentiert dieses St\u00fcck eine schicke, verl\u00e4ngerte Silhouette, die bei jeder Veranstaltung ein Statement setzt. Er ist in einem sch\u00f6nen Braunton gehalten, wird mit einem praktischen Rei\u00dfverschluss geschlossen und ist mit den charakteristischen Logodetails der Marke akzentuiert, w\u00e4hrend [&hellip;]<\/p>","protected":false},"featured_media":216068,"template":"","meta":[],"product_brand":[1620],"product_cat":[1637,1623,1699],"product_tag":[],"class_list":{"0":"post-216073","1":"product","2":"type-product","3":"status-publish","4":"has-post-thumbnail","6":"product_brand-dolce-gabbana","7":"product_cat-frauen-kleidung","8":"product_cat-kleidung","9":"product_cat-roecke","11":"first","12":"instock","13":"sale","14":"taxable","15":"shipping-taxable","16":"purchasable","17":"product-type-variable"},"_links":{"self":[{"href":"https:\/\/tpmadalina42.supserv.cozmoslabs.com\/fi\/wp-json\/wp\/v2\/product\/216073","targetHints":{"allow":["GET"]}}],"collection":[{"href":"https:\/\/tpmadalina42.supserv.cozmoslabs.com\/fi\/wp-json\/wp\/v2\/product"}],"about":[{"href":"https:\/\/tpmadalina42.supserv.cozmoslabs.com\/fi\/wp-json\/wp\/v2\/types\/product"}],"wp:featuredmedia":[{"embeddable":true,"href":"https:\/\/tpmadalina42.supserv.cozmoslabs.com\/fi\/wp-json\/wp\/v2\/media\/216068"}],"wp:attachment":[{"href":"https:\/\/tpmadalina42.supserv.cozmoslabs.com\/fi\/wp-json\/wp\/v2\/media?parent=216073"}],"wp:term":[{"taxonomy":"product_brand","embeddable":true,"href":"https:\/\/tpmadalina42.supserv.cozmoslabs.com\/fi\/wp-json\/wp\/v2\/product_brand?post=216073"},{"taxonomy":"product_cat","embeddable":true,"href":"https:\/\/tpmadalina42.supserv.cozmoslabs.com\/fi\/wp-json\/wp\/v2\/product_cat?post=216073"},{"taxonomy":"product_tag","embeddable":true,"href":"https:\/\/tpmadalina42.supserv.cozmoslabs.com\/fi\/wp-json\/wp\/v2\/product_tag?post=216073"}],"curies":[{"name":"wp","href":"https:\/\/api.w.org\/{rel}","templated":true}]}}