{"id":216607,"date":"2024-08-07T04:58:22","date_gmt":"2024-08-07T11:58:22","guid":{"rendered":"https:\/\/glandine.com\/product\/dolce-gabbana-elegantes-schwarzes-oberteil-mit-3-4-aermeln-und-goldverzierung\/"},"modified":"2024-11-30T06:41:43","modified_gmt":"2024-11-30T05:41:43","slug":"dolce-gabbana-elegantes-schwarzes-oberteil-mit-3-4-aermeln-und-goldverzierung","status":"publish","type":"product","link":"https:\/\/tpmadalina42.supserv.cozmoslabs.com\/fi\/tuote-2\/dolce-gabbana-elegantes-schwarzes-oberteil-mit-3-4-aermeln-und-goldverzierung\/","title":{"rendered":"Dolce &amp; Gabbana Elegantes schwarzes Oberteil mit 3\/4-\u00c4rmeln und Goldverzierung"},"content":{"rendered":"<p>Astu huippumuodin maailmaan t\u00e4ll\u00e4 upealla <strong>Dolce &amp; Gabbana<\/strong> Damenoberteil mit 3\/4 \u00c4rmeln. Die exquisite Materialmischung sorgt f\u00fcr Komfort und eine schmeichelhafte Passform und macht dieses Modell zu einem Beweis f\u00fcr zeitlosen Stil und Luxus. Der schicke schwarze Farbton wird durch das charakteristische goldene Logo-Metalldetail der Marke elegant akzentuiert und ist ein Muss f\u00fcr alle, die ihre Garderobe mit einem Hauch von Glamour aufwerten wollen.<\/p>\n<ul>\n<li>Material: 59% Baumwolle, 38% Nylon, 3% Elasthan<\/li>\n<li>V\u00e4ri: Musta<\/li>\n<li>Valmistettu Italiassa<\/li>\n<\/ul>","protected":false},"excerpt":{"rendered":"<p>Treten Sie ein in die Welt der High Fashion mit diesem atemberaubenden Dolce &amp; Gabbana Damenoberteil mit 3\/4 \u00c4rmeln. Die exquisite Materialmischung sorgt f\u00fcr Komfort und eine schmeichelhafte Passform und macht dieses Modell zu einem Beweis f\u00fcr zeitlosen Stil und Luxus. Der schicke schwarze Farbton wird durch das charakteristische goldene Logo-Metalldetail der Marke elegant akzentuiert [&hellip;]<\/p>","protected":false},"featured_media":216601,"template":"","meta":[],"product_brand":[1620],"product_cat":[1637,1623,1714],"product_tag":[],"class_list":{"0":"post-216607","1":"product","2":"type-product","3":"status-publish","4":"has-post-thumbnail","6":"product_brand-dolce-gabbana","7":"product_cat-frauen-kleidung","8":"product_cat-kleidung","9":"product_cat-oberteile-t-shirts","11":"first","12":"instock","13":"sale","14":"taxable","15":"shipping-taxable","16":"purchasable","17":"product-type-variable"},"_links":{"self":[{"href":"https:\/\/tpmadalina42.supserv.cozmoslabs.com\/fi\/wp-json\/wp\/v2\/product\/216607","targetHints":{"allow":["GET"]}}],"collection":[{"href":"https:\/\/tpmadalina42.supserv.cozmoslabs.com\/fi\/wp-json\/wp\/v2\/product"}],"about":[{"href":"https:\/\/tpmadalina42.supserv.cozmoslabs.com\/fi\/wp-json\/wp\/v2\/types\/product"}],"wp:featuredmedia":[{"embeddable":true,"href":"https:\/\/tpmadalina42.supserv.cozmoslabs.com\/fi\/wp-json\/wp\/v2\/media\/216601"}],"wp:attachment":[{"href":"https:\/\/tpmadalina42.supserv.cozmoslabs.com\/fi\/wp-json\/wp\/v2\/media?parent=216607"}],"wp:term":[{"taxonomy":"product_brand","embeddable":true,"href":"https:\/\/tpmadalina42.supserv.cozmoslabs.com\/fi\/wp-json\/wp\/v2\/product_brand?post=216607"},{"taxonomy":"product_cat","embeddable":true,"href":"https:\/\/tpmadalina42.supserv.cozmoslabs.com\/fi\/wp-json\/wp\/v2\/product_cat?post=216607"},{"taxonomy":"product_tag","embeddable":true,"href":"https:\/\/tpmadalina42.supserv.cozmoslabs.com\/fi\/wp-json\/wp\/v2\/product_tag?post=216607"}],"curies":[{"name":"wp","href":"https:\/\/api.w.org\/{rel}","templated":true}]}}