{"id":216709,"date":"2024-08-07T05:05:26","date_gmt":"2024-08-07T12:05:26","guid":{"rendered":"https:\/\/glandine.com\/product\/dolce-gabbana-elegante-straight-pants-mit-hoher-taille\/"},"modified":"2024-11-30T06:43:21","modified_gmt":"2024-11-30T05:43:21","slug":"dolce-gabbana-elegante-straight-pants-mit-hoher-taille","status":"publish","type":"product","link":"https:\/\/tpmadalina42.supserv.cozmoslabs.com\/fi\/tuote-2\/dolce-gabbana-elegante-straight-pants-mit-hoher-taille\/","title":{"rendered":"Dolce &amp; Gabbana Elegante Straight Pants mit hoher Taille"},"content":{"rendered":"<p>Mit dieser exquisiten geraden Hose mit hoher Taille aus der prestigetr\u00e4chtigen MainLine-Kollektion von Dolce &amp; Gabbana werden Sie in den Luxus eintauchen. Diese perfekt geschnittene Hose mit regul\u00e4rer Passform verbindet klassischen Stil mit modernem Design und verleiht Ihrer Garderobe einen Hauch von raffinierter Eleganz. Die in Italien gefertigte Hose verf\u00fcgt \u00fcber einen nahtlosen Rei\u00dfverschluss und einen Knopfverschluss und ist mit subtilen Logodetails verziert, die sicherstellen, dass Ihr Kleidungsst\u00fcck B\u00e4nde \u00fcber Ihren anspruchsvollen Sinn f\u00fcr Mode spricht.<\/p>\n<ul>\n<li>V\u00e4ri: Sininen<\/li>\n<li>Material: 99% Baumwolle 1% Elastan<\/li>\n<li>Alkuper\u00e4maa: IT<\/li>\n<li>Valmistettu Italiassa<\/li>\n<\/ul>","protected":false},"excerpt":{"rendered":"<p>Mit dieser exquisiten geraden Hose mit hoher Taille aus der prestigetr\u00e4chtigen MainLine-Kollektion von Dolce &amp; Gabbana werden Sie in den Luxus eintauchen. Diese perfekt geschnittene Hose mit regul\u00e4rer Passform verbindet klassischen Stil mit modernem Design und verleiht Ihrer Garderobe einen Hauch von raffinierter Eleganz. Die in Italien gefertigte Hose verf\u00fcgt \u00fcber einen nahtlosen Rei\u00dfverschluss und [&hellip;]<\/p>","protected":false},"featured_media":216704,"template":"","meta":[],"product_brand":[1620],"product_cat":[1637,1686,1623],"product_tag":[],"class_list":{"0":"post-216709","1":"product","2":"type-product","3":"status-publish","4":"has-post-thumbnail","6":"product_brand-dolce-gabbana","7":"product_cat-frauen-kleidung","8":"product_cat-jeans-hosen-frauen-kleidung","9":"product_cat-kleidung","11":"first","12":"instock","13":"sale","14":"taxable","15":"shipping-taxable","16":"purchasable","17":"product-type-variable"},"_links":{"self":[{"href":"https:\/\/tpmadalina42.supserv.cozmoslabs.com\/fi\/wp-json\/wp\/v2\/product\/216709","targetHints":{"allow":["GET"]}}],"collection":[{"href":"https:\/\/tpmadalina42.supserv.cozmoslabs.com\/fi\/wp-json\/wp\/v2\/product"}],"about":[{"href":"https:\/\/tpmadalina42.supserv.cozmoslabs.com\/fi\/wp-json\/wp\/v2\/types\/product"}],"wp:featuredmedia":[{"embeddable":true,"href":"https:\/\/tpmadalina42.supserv.cozmoslabs.com\/fi\/wp-json\/wp\/v2\/media\/216704"}],"wp:attachment":[{"href":"https:\/\/tpmadalina42.supserv.cozmoslabs.com\/fi\/wp-json\/wp\/v2\/media?parent=216709"}],"wp:term":[{"taxonomy":"product_brand","embeddable":true,"href":"https:\/\/tpmadalina42.supserv.cozmoslabs.com\/fi\/wp-json\/wp\/v2\/product_brand?post=216709"},{"taxonomy":"product_cat","embeddable":true,"href":"https:\/\/tpmadalina42.supserv.cozmoslabs.com\/fi\/wp-json\/wp\/v2\/product_cat?post=216709"},{"taxonomy":"product_tag","embeddable":true,"href":"https:\/\/tpmadalina42.supserv.cozmoslabs.com\/fi\/wp-json\/wp\/v2\/product_tag?post=216709"}],"curies":[{"name":"wp","href":"https:\/\/api.w.org\/{rel}","templated":true}]}}