{"id":216942,"date":"2024-08-07T05:21:32","date_gmt":"2024-08-07T12:21:32","guid":{"rendered":"https:\/\/glandine.com\/product\/acht-schicke-skinny-denim-hose-mit-niedriger-taille\/"},"modified":"2024-11-30T06:46:12","modified_gmt":"2024-11-30T05:46:12","slug":"acht-schicke-skinny-denim-hose-mit-niedriger-taille","status":"publish","type":"product","link":"https:\/\/tpmadalina42.supserv.cozmoslabs.com\/fi\/tuote-2\/acht-schicke-skinny-denim-hose-mit-niedriger-taille\/","title":{"rendered":"Kahdeksan tyylik\u00e4st\u00e4 matalavy\u00f6t\u00e4r\u00f6ist\u00e4 ohutta farkkuhousua"},"content":{"rendered":"<p>Mit dieser umwerfenden, brandneuen Acht Skinny Jeans sind Sie stilvoll unterwegs. Diese Jeans ist perfekt, um Ihre Freizeitgarderobe aufzuwerten. Sie hat einen eleganten blauen Farbton, ein modernes Design mit niedriger Taille und den zus\u00e4tzlichen Komfort eines Rei\u00dfverschlusses. Der letzte Schliff sind die dezenten Logodetails, die die Finesse verk\u00f6rpern, f\u00fcr die Acht bekannt ist. Die Jeans ist aus einer Mischung gefertigt, die sowohl weich als auch dehnbar ist und somit f\u00fcr Komfort und Mode gleicherma\u00dfen sorgt.<\/p>\n<ul>\n<li>V\u00e4ri: Sininen<\/li>\n<li>Materiaali: 98% puuvilla 2% elastaani<\/li>\n<li>Alkuper\u00e4maa: IT<\/li>\n<\/ul>","protected":false},"excerpt":{"rendered":"<p>Mit dieser umwerfenden, brandneuen Acht Skinny Jeans sind Sie stilvoll unterwegs. Diese Jeans ist perfekt, um Ihre Freizeitgarderobe aufzuwerten. Sie hat einen eleganten blauen Farbton, ein modernes Design mit niedriger Taille und den zus\u00e4tzlichen Komfort eines Rei\u00dfverschlusses. Der letzte Schliff sind die dezenten Logodetails, die die Finesse verk\u00f6rpern, f\u00fcr die Acht bekannt ist. Die Jeans [&hellip;]<\/p>","protected":false},"featured_media":216936,"template":"","meta":[],"product_brand":[1928],"product_cat":[1637,1686,1623],"product_tag":[],"class_list":{"0":"post-216942","1":"product","2":"type-product","3":"status-publish","4":"has-post-thumbnail","6":"product_brand-acht","7":"product_cat-frauen-kleidung","8":"product_cat-jeans-hosen-frauen-kleidung","9":"product_cat-kleidung","11":"first","12":"instock","13":"sale","14":"taxable","15":"shipping-taxable","16":"purchasable","17":"product-type-variable"},"_links":{"self":[{"href":"https:\/\/tpmadalina42.supserv.cozmoslabs.com\/fi\/wp-json\/wp\/v2\/product\/216942","targetHints":{"allow":["GET"]}}],"collection":[{"href":"https:\/\/tpmadalina42.supserv.cozmoslabs.com\/fi\/wp-json\/wp\/v2\/product"}],"about":[{"href":"https:\/\/tpmadalina42.supserv.cozmoslabs.com\/fi\/wp-json\/wp\/v2\/types\/product"}],"wp:featuredmedia":[{"embeddable":true,"href":"https:\/\/tpmadalina42.supserv.cozmoslabs.com\/fi\/wp-json\/wp\/v2\/media\/216936"}],"wp:attachment":[{"href":"https:\/\/tpmadalina42.supserv.cozmoslabs.com\/fi\/wp-json\/wp\/v2\/media?parent=216942"}],"wp:term":[{"taxonomy":"product_brand","embeddable":true,"href":"https:\/\/tpmadalina42.supserv.cozmoslabs.com\/fi\/wp-json\/wp\/v2\/product_brand?post=216942"},{"taxonomy":"product_cat","embeddable":true,"href":"https:\/\/tpmadalina42.supserv.cozmoslabs.com\/fi\/wp-json\/wp\/v2\/product_cat?post=216942"},{"taxonomy":"product_tag","embeddable":true,"href":"https:\/\/tpmadalina42.supserv.cozmoslabs.com\/fi\/wp-json\/wp\/v2\/product_tag?post=216942"}],"curies":[{"name":"wp","href":"https:\/\/api.w.org\/{rel}","templated":true}]}}