{"id":216966,"date":"2024-08-07T05:23:14","date_gmt":"2024-08-07T12:23:14","guid":{"rendered":"https:\/\/glandine.com\/product\/acht-schicke-zerschlissene-skinny-jeans-mit-niedriger-taille\/"},"modified":"2024-11-30T06:46:33","modified_gmt":"2024-11-30T05:46:33","slug":"acht-schicke-zerschlissene-skinny-jeans-mit-niedriger-taille","status":"publish","type":"product","link":"https:\/\/tpmadalina42.supserv.cozmoslabs.com\/fi\/tuote-2\/acht-schicke-zerschlissene-skinny-jeans-mit-niedriger-taille\/","title":{"rendered":"Acht Schicke zerschlissene Skinny Jeans mit niedriger Taille"},"content":{"rendered":"<p>Verleihen Sie Ihrer Garderobe einen Hauch von italienischem Flair mit dieser umwerfenden Acht Skinny Jeans. Die figurumschmeichelnde Jeans hat eine moderne, niedrige Taille und einen schicken, zerfledderten Look, der garantiert alle Blicke auf sich zieht. Gefertigt aus einer hochwertigen Baumwoll-Elastan-Mischung, verspricht sie Komfort und Stil zugleich. Das auff\u00e4llige Farbschema in Wei\u00df und Blau verleiht jedem Outfit eine frische, moderne Ausstrahlung und wird mit einem Rei\u00dfverschluss geschlossen, der f\u00fcr eine perfekte Passform sorgt. Ein dezentes Logodetail verleiht dieser Must-Have-Jeans ein unverwechselbares Finish.<\/p>\n<ul>\n<li>Material: 89% Baumwolle, 11% Elasthan<\/li>\n<li>Farbe: Blau und Wei\u00df<\/li>\n<li>Alkuper\u00e4: Valmistettu Italiassa<\/li>\n<\/ul>","protected":false},"excerpt":{"rendered":"<p>Verleihen Sie Ihrer Garderobe einen Hauch von italienischem Flair mit dieser umwerfenden Acht Skinny Jeans. Die figurumschmeichelnde Jeans hat eine moderne, niedrige Taille und einen schicken, zerfledderten Look, der garantiert alle Blicke auf sich zieht. Gefertigt aus einer hochwertigen Baumwoll-Elastan-Mischung, verspricht sie Komfort und Stil zugleich. Das auff\u00e4llige Farbschema in Wei\u00df und Blau verleiht jedem [&hellip;]<\/p>","protected":false},"featured_media":216961,"template":"","meta":[],"product_brand":[1928],"product_cat":[1637,1686,1623],"product_tag":[],"class_list":{"0":"post-216966","1":"product","2":"type-product","3":"status-publish","4":"has-post-thumbnail","6":"product_brand-acht","7":"product_cat-frauen-kleidung","8":"product_cat-jeans-hosen-frauen-kleidung","9":"product_cat-kleidung","11":"first","12":"instock","13":"sale","14":"taxable","15":"shipping-taxable","16":"purchasable","17":"product-type-variable"},"_links":{"self":[{"href":"https:\/\/tpmadalina42.supserv.cozmoslabs.com\/fi\/wp-json\/wp\/v2\/product\/216966","targetHints":{"allow":["GET"]}}],"collection":[{"href":"https:\/\/tpmadalina42.supserv.cozmoslabs.com\/fi\/wp-json\/wp\/v2\/product"}],"about":[{"href":"https:\/\/tpmadalina42.supserv.cozmoslabs.com\/fi\/wp-json\/wp\/v2\/types\/product"}],"wp:featuredmedia":[{"embeddable":true,"href":"https:\/\/tpmadalina42.supserv.cozmoslabs.com\/fi\/wp-json\/wp\/v2\/media\/216961"}],"wp:attachment":[{"href":"https:\/\/tpmadalina42.supserv.cozmoslabs.com\/fi\/wp-json\/wp\/v2\/media?parent=216966"}],"wp:term":[{"taxonomy":"product_brand","embeddable":true,"href":"https:\/\/tpmadalina42.supserv.cozmoslabs.com\/fi\/wp-json\/wp\/v2\/product_brand?post=216966"},{"taxonomy":"product_cat","embeddable":true,"href":"https:\/\/tpmadalina42.supserv.cozmoslabs.com\/fi\/wp-json\/wp\/v2\/product_cat?post=216966"},{"taxonomy":"product_tag","embeddable":true,"href":"https:\/\/tpmadalina42.supserv.cozmoslabs.com\/fi\/wp-json\/wp\/v2\/product_tag?post=216966"}],"curies":[{"name":"wp","href":"https:\/\/api.w.org\/{rel}","templated":true}]}}