{"id":217125,"date":"2024-08-07T05:32:56","date_gmt":"2024-08-07T12:32:56","guid":{"rendered":"https:\/\/glandine.com\/product\/acht-schicke-designer-skinny-jeans-mit-niedriger-taille-2\/"},"modified":"2024-11-30T06:48:27","modified_gmt":"2024-11-30T05:48:27","slug":"acht-schicke-designer-skinny-jeans-mit-niedriger-taille-2","status":"publish","type":"product","link":"https:\/\/tpmadalina42.supserv.cozmoslabs.com\/fi\/tuote-2\/acht-schicke-designer-skinny-jeans-mit-niedriger-taille-2\/","title":{"rendered":"Kahdeksan tyylik\u00e4st\u00e4 matalavy\u00f6t\u00e4r\u00f6ist\u00e4 design-farkkua"},"content":{"rendered":"<p>Mit dieser eleganten Acht Low Waist Skinny Jeans sind Sie stilvoll unterwegs. Perfekt f\u00fcr eine Reihe von vielseitigen Looks, sind diese Jeans ein Beweis f\u00fcr tadellose Schneiderkunst und moderne Finesse. Aus einer hochwertigen Baumwollmischung gefertigt, bietet sie Komfort ohne Kompromisse bei der figurschmeichelnden Silhouette. Das dezente Logodetail sorgt f\u00fcr einen Hauch von Luxus und macht diese Jeans zu einem unverzichtbaren Bestandteil Ihrer Garderobe.<\/p>\n<ul>\n<li>V\u00e4ri: Musta<\/li>\n<li>Materiaali: 97% puuvilla 3% elastaani<\/li>\n<li>Alkuper\u00e4maa: IT<\/li>\n<li>Vetoketjukiinnitys<\/li>\n<li>Logon yksityiskohdat<\/li>\n<\/ul>","protected":false},"excerpt":{"rendered":"<p>Mit dieser eleganten Acht Low Waist Skinny Jeans sind Sie stilvoll unterwegs. Perfekt f\u00fcr eine Reihe von vielseitigen Looks, sind diese Jeans ein Beweis f\u00fcr tadellose Schneiderkunst und moderne Finesse. Aus einer hochwertigen Baumwollmischung gefertigt, bietet sie Komfort ohne Kompromisse bei der figurschmeichelnden Silhouette. Das dezente Logodetail sorgt f\u00fcr einen Hauch von Luxus und macht [&hellip;]<\/p>","protected":false},"featured_media":217120,"template":"","meta":[],"product_brand":[1928],"product_cat":[1637,1686,1623],"product_tag":[],"class_list":{"0":"post-217125","1":"product","2":"type-product","3":"status-publish","4":"has-post-thumbnail","6":"product_brand-acht","7":"product_cat-frauen-kleidung","8":"product_cat-jeans-hosen-frauen-kleidung","9":"product_cat-kleidung","11":"first","12":"instock","13":"sale","14":"taxable","15":"shipping-taxable","16":"purchasable","17":"product-type-variable"},"_links":{"self":[{"href":"https:\/\/tpmadalina42.supserv.cozmoslabs.com\/fi\/wp-json\/wp\/v2\/product\/217125","targetHints":{"allow":["GET"]}}],"collection":[{"href":"https:\/\/tpmadalina42.supserv.cozmoslabs.com\/fi\/wp-json\/wp\/v2\/product"}],"about":[{"href":"https:\/\/tpmadalina42.supserv.cozmoslabs.com\/fi\/wp-json\/wp\/v2\/types\/product"}],"wp:featuredmedia":[{"embeddable":true,"href":"https:\/\/tpmadalina42.supserv.cozmoslabs.com\/fi\/wp-json\/wp\/v2\/media\/217120"}],"wp:attachment":[{"href":"https:\/\/tpmadalina42.supserv.cozmoslabs.com\/fi\/wp-json\/wp\/v2\/media?parent=217125"}],"wp:term":[{"taxonomy":"product_brand","embeddable":true,"href":"https:\/\/tpmadalina42.supserv.cozmoslabs.com\/fi\/wp-json\/wp\/v2\/product_brand?post=217125"},{"taxonomy":"product_cat","embeddable":true,"href":"https:\/\/tpmadalina42.supserv.cozmoslabs.com\/fi\/wp-json\/wp\/v2\/product_cat?post=217125"},{"taxonomy":"product_tag","embeddable":true,"href":"https:\/\/tpmadalina42.supserv.cozmoslabs.com\/fi\/wp-json\/wp\/v2\/product_tag?post=217125"}],"curies":[{"name":"wp","href":"https:\/\/api.w.org\/{rel}","templated":true}]}}