{"id":217193,"date":"2024-08-07T05:36:43","date_gmt":"2024-08-07T12:36:43","guid":{"rendered":"https:\/\/glandine.com\/product\/costume-national-schicke-schwarze-denim-skinny-jeans-mit-niedriger-taille\/"},"modified":"2024-11-30T06:49:14","modified_gmt":"2024-11-30T05:49:14","slug":"costume-national-schicke-schwarze-denim-skinny-jeans-mit-niedriger-taille","status":"publish","type":"product","link":"https:\/\/tpmadalina42.supserv.cozmoslabs.com\/fi\/tuote-2\/costume-national-schicke-schwarze-denim-skinny-jeans-mit-niedriger-taille\/","title":{"rendered":"Costume National Tyylikk\u00e4\u00e4t matalavy\u00f6t\u00e4r\u00f6iset mustat denim-farkut"},"content":{"rendered":"<p>Mit diesen atemberaubenden Costume National Skinny Jeans sind Sie auf dem besten Weg zu eleganter Eleganz. Wundersch\u00f6n, brandneu und mit einem zeitlosen schwarzen Farbton und Low-Waist-Design, mischen diese Jeans klassische Eleganz mit zeitgen\u00f6ssischem Stil. Die perfekte Erg\u00e4nzung zu Ihrer Garderobe, sie verf\u00fcgen \u00fcber einen bequemen Rei\u00dfverschluss und sind mit subtilen Logo-Details geschm\u00fcckt, verk\u00f6rpert die Aufmerksamkeit der Marke f\u00fcr Luxus und Qualit\u00e4t.<\/p>\n<ul>\n<li>V\u00e4ri: Musta<\/li>\n<li>Material: 65% Baumwolle 35% Polyester<\/li>\n<li>Alkuper\u00e4maa: IT<\/li>\n<\/ul>","protected":false},"excerpt":{"rendered":"<p>Mit diesen atemberaubenden Costume National Skinny Jeans sind Sie auf dem besten Weg zu eleganter Eleganz. Wundersch\u00f6n, brandneu und mit einem zeitlosen schwarzen Farbton und Low-Waist-Design, mischen diese Jeans klassische Eleganz mit zeitgen\u00f6ssischem Stil. Die perfekte Erg\u00e4nzung zu Ihrer Garderobe, sie verf\u00fcgen \u00fcber einen bequemen Rei\u00dfverschluss und sind mit subtilen Logo-Details geschm\u00fcckt, verk\u00f6rpert die Aufmerksamkeit [&hellip;]<\/p>","protected":false},"featured_media":217185,"template":"","meta":[],"product_brand":[1790],"product_cat":[1637,1686,1623],"product_tag":[],"class_list":{"0":"post-217193","1":"product","2":"type-product","3":"status-publish","4":"has-post-thumbnail","6":"product_brand-costume-national","7":"product_cat-frauen-kleidung","8":"product_cat-jeans-hosen-frauen-kleidung","9":"product_cat-kleidung","11":"first","12":"instock","13":"sale","14":"taxable","15":"shipping-taxable","16":"purchasable","17":"product-type-variable"},"_links":{"self":[{"href":"https:\/\/tpmadalina42.supserv.cozmoslabs.com\/fi\/wp-json\/wp\/v2\/product\/217193","targetHints":{"allow":["GET"]}}],"collection":[{"href":"https:\/\/tpmadalina42.supserv.cozmoslabs.com\/fi\/wp-json\/wp\/v2\/product"}],"about":[{"href":"https:\/\/tpmadalina42.supserv.cozmoslabs.com\/fi\/wp-json\/wp\/v2\/types\/product"}],"wp:featuredmedia":[{"embeddable":true,"href":"https:\/\/tpmadalina42.supserv.cozmoslabs.com\/fi\/wp-json\/wp\/v2\/media\/217185"}],"wp:attachment":[{"href":"https:\/\/tpmadalina42.supserv.cozmoslabs.com\/fi\/wp-json\/wp\/v2\/media?parent=217193"}],"wp:term":[{"taxonomy":"product_brand","embeddable":true,"href":"https:\/\/tpmadalina42.supserv.cozmoslabs.com\/fi\/wp-json\/wp\/v2\/product_brand?post=217193"},{"taxonomy":"product_cat","embeddable":true,"href":"https:\/\/tpmadalina42.supserv.cozmoslabs.com\/fi\/wp-json\/wp\/v2\/product_cat?post=217193"},{"taxonomy":"product_tag","embeddable":true,"href":"https:\/\/tpmadalina42.supserv.cozmoslabs.com\/fi\/wp-json\/wp\/v2\/product_tag?post=217193"}],"curies":[{"name":"wp","href":"https:\/\/api.w.org\/{rel}","templated":true}]}}