{"id":217381,"date":"2024-08-07T05:49:32","date_gmt":"2024-08-07T12:49:32","guid":{"rendered":"https:\/\/glandine.com\/product\/dolce-gabbana-eleganter-goldfarbener-kettenguertel\/"},"modified":"2024-11-30T06:51:12","modified_gmt":"2024-11-30T05:51:12","slug":"dolce-gabbana-eleganter-goldfarbener-kettenguertel","status":"publish","type":"product","link":"https:\/\/tpmadalina42.supserv.cozmoslabs.com\/fi\/tuote-2\/dolce-gabbana-eleganter-goldfarbener-kettenguertel\/","title":{"rendered":"Dolce &amp; Gabbana Eleganter goldfarbener Ketteng\u00fcrtel"},"content":{"rendered":"<p>Genie\u00dfe die Opulenz von Dolce &amp; Gabbana mit diesem atemberaubenden goldfarbenen G\u00fcrtel, der eine schicke DG-Logo-Schlie\u00dfe aufweist. Perfekt, um jedes Outfit aufzuwerten, verleiht dieser 100% authentische G\u00fcrtel einen Hauch von Luxus. In Italien gefertigt, garantiert er Stil und Qualit\u00e4t.<\/p>\n<ul>\n<li>Merkki: Dolce &amp; Gabbana<\/li>\n<li>Material: Metallkette<\/li>\n<li>V\u00e4ri: Kulta<\/li>\n<li>Sukupuoli: naiset<\/li>\n<li>Logon yksityiskohdat<\/li>\n<li>Valmistettu Italiassa<\/li>\n<li>Leveys: 3 cm<\/li>\n<li>Gr\u00f6\u00dfe S: 72cm<\/li>\n<li>Gr\u00f6\u00dfe M: 74 cm<\/li>\n<\/ul>","protected":false},"excerpt":{"rendered":"<p>Genie\u00dfe die Opulenz von Dolce &amp; Gabbana mit diesem atemberaubenden goldfarbenen G\u00fcrtel, der eine schicke DG-Logo-Schlie\u00dfe aufweist. Perfekt, um jedes Outfit aufzuwerten, verleiht dieser 100% authentische G\u00fcrtel einen Hauch von Luxus. In Italien gefertigt, garantiert er Stil und Qualit\u00e4t. Marke: Dolce &amp; Gabbana Material: Metallkette Farbe: Gold Geschlecht: Frauen Logo-Details Hergestellt in Italien Breite: 3 [&hellip;]<\/p>","protected":false},"featured_media":217375,"template":"","meta":[],"product_brand":[1620],"product_cat":[1621,1632,1652],"product_tag":[],"class_list":{"0":"post-217381","1":"product","2":"type-product","3":"status-publish","4":"has-post-thumbnail","6":"product_brand-dolce-gabbana","7":"product_cat-accessoire","8":"product_cat-frauen-zubehoer","9":"product_cat-guertel-frauen-zubehoer","11":"first","12":"instock","13":"sale","14":"taxable","15":"shipping-taxable","16":"purchasable","17":"product-type-variable"},"_links":{"self":[{"href":"https:\/\/tpmadalina42.supserv.cozmoslabs.com\/fi\/wp-json\/wp\/v2\/product\/217381","targetHints":{"allow":["GET"]}}],"collection":[{"href":"https:\/\/tpmadalina42.supserv.cozmoslabs.com\/fi\/wp-json\/wp\/v2\/product"}],"about":[{"href":"https:\/\/tpmadalina42.supserv.cozmoslabs.com\/fi\/wp-json\/wp\/v2\/types\/product"}],"wp:featuredmedia":[{"embeddable":true,"href":"https:\/\/tpmadalina42.supserv.cozmoslabs.com\/fi\/wp-json\/wp\/v2\/media\/217375"}],"wp:attachment":[{"href":"https:\/\/tpmadalina42.supserv.cozmoslabs.com\/fi\/wp-json\/wp\/v2\/media?parent=217381"}],"wp:term":[{"taxonomy":"product_brand","embeddable":true,"href":"https:\/\/tpmadalina42.supserv.cozmoslabs.com\/fi\/wp-json\/wp\/v2\/product_brand?post=217381"},{"taxonomy":"product_cat","embeddable":true,"href":"https:\/\/tpmadalina42.supserv.cozmoslabs.com\/fi\/wp-json\/wp\/v2\/product_cat?post=217381"},{"taxonomy":"product_tag","embeddable":true,"href":"https:\/\/tpmadalina42.supserv.cozmoslabs.com\/fi\/wp-json\/wp\/v2\/product_tag?post=217381"}],"curies":[{"name":"wp","href":"https:\/\/api.w.org\/{rel}","templated":true}]}}