{"id":217394,"date":"2024-08-07T05:51:10","date_gmt":"2024-08-07T12:51:10","guid":{"rendered":"https:\/\/glandine.com\/product\/dolce-gabbana-elegante-graue-seidenfliege-4\/"},"modified":"2024-11-30T06:52:25","modified_gmt":"2024-11-30T05:52:25","slug":"dolce-gabbana-elegante-graue-seidenfliege-4","status":"publish","type":"product","link":"https:\/\/tpmadalina42.supserv.cozmoslabs.com\/fi\/tuote-2\/dolce-gabbana-elegante-graue-seidenfliege-4\/","title":{"rendered":"Dolce &amp; Gabbana Elegantti harmaa silkkirusetti"},"content":{"rendered":"<p>G\u00f6nnen Sie sich den Inbegriff von Raffinesse mit dieser atemberaubenden 100% authentischen Fliege von Dolce &amp; Gabbana. Mit einer eleganten grauen Farbe, ist diese Fliege das ultimative Accessoire, um Ihre formelle Kleidung zu erh\u00f6hen. Mit einem praktischen, verstellbaren Nackenband bietet sie eine perfekte Passform f\u00fcr jede Gr\u00f6\u00dfe, w\u00e4hrend der einzigartige Metallverschluss in Form eines Hakens auf der R\u00fcckseite einen Hauch von Luxus und Unterscheidung hinzuf\u00fcgt. Gefertigt aus feinster 100%iger Seide und Made in Italy, ist es ein exquisites St\u00fcck aus der exklusiven Kollektion von Dolce &amp; Gabbana, das bei jeder gehobenen Veranstaltung beeindruckt.<\/p>\n<ul>\n<li>V\u00e4ri: Harmaa<\/li>\n<li>Materiaali: 100% silkki<\/li>\n<li>Alkuper\u00e4maa: IT<\/li>\n<\/ul>","protected":false},"excerpt":{"rendered":"<p>G\u00f6nnen Sie sich den Inbegriff von Raffinesse mit dieser atemberaubenden 100% authentischen Fliege von Dolce &amp; Gabbana. Mit einer eleganten grauen Farbe, ist diese Fliege das ultimative Accessoire, um Ihre formelle Kleidung zu erh\u00f6hen. Mit einem praktischen, verstellbaren Nackenband bietet sie eine perfekte Passform f\u00fcr jede Gr\u00f6\u00dfe, w\u00e4hrend der einzigartige Metallverschluss in Form eines Hakens [&hellip;]<\/p>","protected":false},"featured_media":217386,"template":"","meta":[],"product_brand":[1620],"product_cat":[1621,1631,1712],"product_tag":[],"class_list":{"0":"post-217394","1":"product","2":"type-product","3":"status-publish","4":"has-post-thumbnail","6":"product_brand-dolce-gabbana","7":"product_cat-accessoire","8":"product_cat-maenner-zubehoer","9":"product_cat-krawatten-fliegen","11":"first","12":"instock","13":"sale","14":"taxable","15":"shipping-taxable","16":"purchasable","17":"product-type-simple"},"_links":{"self":[{"href":"https:\/\/tpmadalina42.supserv.cozmoslabs.com\/fi\/wp-json\/wp\/v2\/product\/217394","targetHints":{"allow":["GET"]}}],"collection":[{"href":"https:\/\/tpmadalina42.supserv.cozmoslabs.com\/fi\/wp-json\/wp\/v2\/product"}],"about":[{"href":"https:\/\/tpmadalina42.supserv.cozmoslabs.com\/fi\/wp-json\/wp\/v2\/types\/product"}],"wp:featuredmedia":[{"embeddable":true,"href":"https:\/\/tpmadalina42.supserv.cozmoslabs.com\/fi\/wp-json\/wp\/v2\/media\/217386"}],"wp:attachment":[{"href":"https:\/\/tpmadalina42.supserv.cozmoslabs.com\/fi\/wp-json\/wp\/v2\/media?parent=217394"}],"wp:term":[{"taxonomy":"product_brand","embeddable":true,"href":"https:\/\/tpmadalina42.supserv.cozmoslabs.com\/fi\/wp-json\/wp\/v2\/product_brand?post=217394"},{"taxonomy":"product_cat","embeddable":true,"href":"https:\/\/tpmadalina42.supserv.cozmoslabs.com\/fi\/wp-json\/wp\/v2\/product_cat?post=217394"},{"taxonomy":"product_tag","embeddable":true,"href":"https:\/\/tpmadalina42.supserv.cozmoslabs.com\/fi\/wp-json\/wp\/v2\/product_tag?post=217394"}],"curies":[{"name":"wp","href":"https:\/\/api.w.org\/{rel}","templated":true}]}}