{"id":217426,"date":"2024-08-07T05:53:33","date_gmt":"2024-08-07T12:53:33","guid":{"rendered":"https:\/\/glandine.com\/product\/dolce-gabbana-eleganter-multicolor-eimerhut\/"},"modified":"2024-11-30T06:52:46","modified_gmt":"2024-11-30T05:52:46","slug":"dolce-gabbana-eleganter-multicolor-eimerhut","status":"publish","type":"product","link":"https:\/\/tpmadalina42.supserv.cozmoslabs.com\/fi\/tuote-2\/dolce-gabbana-eleganter-multicolor-eimerhut\/","title":{"rendered":"Dolce &amp; Gabbana Tyylik\u00e4s moniv\u00e4rinen \u00e4mp\u00e4rihattu"},"content":{"rendered":"<p>Gehen Sie stilvoll aus mit diesem atemberaubenden Multicolor Bucket Hat aus der exklusiven MainLine Kollektion von Dolce &amp; Gabbana. Mit au\u00dfergew\u00f6hnlicher Liebe zum Detail gefertigt, ist dieser 100% authentische Eimerhut nicht nur ein modisches Statement, sondern ein Symbol f\u00fcr Luxus und Eleganz. Das auff\u00e4llige, mehrfarbige Design mit dem ikonischen Logodetail macht ihn zum perfekten Accessoire f\u00fcr Ihre Garderobe. Hergestellt in Italien, garantiert es die h\u00f6chste Qualit\u00e4t und Handwerkskunst, f\u00fcr die Dolce &amp; Gabbana bekannt ist.<\/p>\n<ul>\n<li>V\u00e4ri: Moniv\u00e4rinen<\/li>\n<li>Material: 85% Baumwolle, 14% Nylon, 1% Elasthan<\/li>\n<li>Alkuper\u00e4maa: IT<\/li>\n<li>Yksityiskohdat logosta<\/li>\n<\/ul>","protected":false},"excerpt":{"rendered":"<p>Gehen Sie stilvoll aus mit diesem atemberaubenden Multicolor Bucket Hat aus der exklusiven MainLine Kollektion von Dolce &amp; Gabbana. Mit au\u00dfergew\u00f6hnlicher Liebe zum Detail gefertigt, ist dieser 100% authentische Eimerhut nicht nur ein modisches Statement, sondern ein Symbol f\u00fcr Luxus und Eleganz. Das auff\u00e4llige, mehrfarbige Design mit dem ikonischen Logodetail macht ihn zum perfekten Accessoire [&hellip;]<\/p>","protected":false},"featured_media":217419,"template":"","meta":[],"product_brand":[1620],"product_cat":[1621,1631,1667],"product_tag":[],"class_list":{"0":"post-217426","1":"product","2":"type-product","3":"status-publish","4":"has-post-thumbnail","6":"product_brand-dolce-gabbana","7":"product_cat-accessoire","8":"product_cat-maenner-zubehoer","9":"product_cat-huete-muetzen","11":"first","12":"instock","13":"sale","14":"taxable","15":"shipping-taxable","16":"purchasable","17":"product-type-variable"},"_links":{"self":[{"href":"https:\/\/tpmadalina42.supserv.cozmoslabs.com\/fi\/wp-json\/wp\/v2\/product\/217426","targetHints":{"allow":["GET"]}}],"collection":[{"href":"https:\/\/tpmadalina42.supserv.cozmoslabs.com\/fi\/wp-json\/wp\/v2\/product"}],"about":[{"href":"https:\/\/tpmadalina42.supserv.cozmoslabs.com\/fi\/wp-json\/wp\/v2\/types\/product"}],"wp:featuredmedia":[{"embeddable":true,"href":"https:\/\/tpmadalina42.supserv.cozmoslabs.com\/fi\/wp-json\/wp\/v2\/media\/217419"}],"wp:attachment":[{"href":"https:\/\/tpmadalina42.supserv.cozmoslabs.com\/fi\/wp-json\/wp\/v2\/media?parent=217426"}],"wp:term":[{"taxonomy":"product_brand","embeddable":true,"href":"https:\/\/tpmadalina42.supserv.cozmoslabs.com\/fi\/wp-json\/wp\/v2\/product_brand?post=217426"},{"taxonomy":"product_cat","embeddable":true,"href":"https:\/\/tpmadalina42.supserv.cozmoslabs.com\/fi\/wp-json\/wp\/v2\/product_cat?post=217426"},{"taxonomy":"product_tag","embeddable":true,"href":"https:\/\/tpmadalina42.supserv.cozmoslabs.com\/fi\/wp-json\/wp\/v2\/product_tag?post=217426"}],"curies":[{"name":"wp","href":"https:\/\/api.w.org\/{rel}","templated":true}]}}