{"id":217783,"date":"2024-08-07T06:17:19","date_gmt":"2024-08-07T13:17:19","guid":{"rendered":"https:\/\/glandine.com\/product\/dolce-gabbana-elegante-blaue-acetat-sonnenbrille-fuer-frauen\/"},"modified":"2024-11-30T06:56:30","modified_gmt":"2024-11-30T05:56:30","slug":"dolce-gabbana-elegante-blaue-acetat-sonnenbrille-fuer-frauen","status":"publish","type":"product","link":"https:\/\/tpmadalina42.supserv.cozmoslabs.com\/fi\/tuote-2\/dolce-gabbana-elegante-blaue-acetat-sonnenbrille-fuer-frauen\/","title":{"rendered":"Dolce &amp; Gabbana Elegant blue acetate -aurinkolasit naisille"},"content":{"rendered":"<p>G\u00f6nnen Sie sich den Inbegriff von Stil mit dieser exquisiten Sonnenbrille von <strong>Dolce &amp; Gabbana<\/strong>. Die Sonnenbrille ist aus hochwertigem Acetat in elegantem Blau gefertigt und das perfekte Accessoire, um jedem Outfit einen Hauch von Eleganz zu verleihen. Sie ist mit schwarzen Gl\u00e4sern ausgestattet, die einen 100%igen UVA- und UVB-Schutz garantieren, so dass Ihre Augen mit Raffinesse gesch\u00fctzt sind. Diese in Italien hergestellte Sonnenbrille steht f\u00fcr Luxus und modernes Design.<\/p>\n<ul>\n<li>V\u00e4ri: Sininen<\/li>\n<li>Materiaali: 100% asetaatti<\/li>\n<li>Linsen: Schwarz, 100% UV-Schutz<\/li>\n<li>Alkuper\u00e4maa: IT<\/li>\n<\/ul>","protected":false},"excerpt":{"rendered":"<p>G\u00f6nnen Sie sich den Inbegriff von Stil mit dieser exquisiten Sonnenbrille von Dolce &amp; Gabbana. Die Sonnenbrille ist aus hochwertigem Acetat in elegantem Blau gefertigt und das perfekte Accessoire, um jedem Outfit einen Hauch von Eleganz zu verleihen. Sie ist mit schwarzen Gl\u00e4sern ausgestattet, die einen 100%igen UVA- und UVB-Schutz garantieren, so dass Ihre Augen [&hellip;]<\/p>","protected":false},"featured_media":217775,"template":"","meta":[],"product_brand":[1620],"product_cat":[1627,1640],"product_tag":[],"class_list":{"0":"post-217783","1":"product","2":"type-product","3":"status-publish","4":"has-post-thumbnail","6":"product_brand-dolce-gabbana","7":"product_cat-sonnenbrille","8":"product_cat-sonnenbrillen-fuer-frauen","10":"first","11":"instock","12":"sale","13":"taxable","14":"shipping-taxable","15":"purchasable","16":"product-type-simple"},"_links":{"self":[{"href":"https:\/\/tpmadalina42.supserv.cozmoslabs.com\/fi\/wp-json\/wp\/v2\/product\/217783","targetHints":{"allow":["GET"]}}],"collection":[{"href":"https:\/\/tpmadalina42.supserv.cozmoslabs.com\/fi\/wp-json\/wp\/v2\/product"}],"about":[{"href":"https:\/\/tpmadalina42.supserv.cozmoslabs.com\/fi\/wp-json\/wp\/v2\/types\/product"}],"wp:featuredmedia":[{"embeddable":true,"href":"https:\/\/tpmadalina42.supserv.cozmoslabs.com\/fi\/wp-json\/wp\/v2\/media\/217775"}],"wp:attachment":[{"href":"https:\/\/tpmadalina42.supserv.cozmoslabs.com\/fi\/wp-json\/wp\/v2\/media?parent=217783"}],"wp:term":[{"taxonomy":"product_brand","embeddable":true,"href":"https:\/\/tpmadalina42.supserv.cozmoslabs.com\/fi\/wp-json\/wp\/v2\/product_brand?post=217783"},{"taxonomy":"product_cat","embeddable":true,"href":"https:\/\/tpmadalina42.supserv.cozmoslabs.com\/fi\/wp-json\/wp\/v2\/product_cat?post=217783"},{"taxonomy":"product_tag","embeddable":true,"href":"https:\/\/tpmadalina42.supserv.cozmoslabs.com\/fi\/wp-json\/wp\/v2\/product_tag?post=217783"}],"curies":[{"name":"wp","href":"https:\/\/api.w.org\/{rel}","templated":true}]}}