{"id":217824,"date":"2024-08-07T06:21:07","date_gmt":"2024-08-07T13:21:07","guid":{"rendered":"https:\/\/glandine.com\/product\/dsquared%c2%b2-multicolor-bedruckte-badeshorts-boxer\/"},"modified":"2024-11-30T06:57:37","modified_gmt":"2024-11-30T05:57:37","slug":"dsquared%c2%b2-multicolor-bedruckte-badeshorts-boxer","status":"publish","type":"product","link":"https:\/\/tpmadalina42.supserv.cozmoslabs.com\/fi\/tuote-2\/dsquared\u00b2-multicolor-bedruckte-badeshorts-boxer\/","title":{"rendered":"Dsquared\u00b2 Moniv\u00e4rinen painettu uimashortsiboksi"},"content":{"rendered":"<p>Matkusta tyylikk\u00e4\u00e4sti n\u00e4ill\u00e4 kirkkailla Dsquared\u00b2 Swim Shorts -boksireilla, jotka ovat ehdoton katseenvangitsija rantavaatekokoelmaasi. N\u00e4m\u00e4 laadukkaasta polyesterist\u00e4 valmistetut eksklusiiviset shortsit tarjoavat mukavan istuvuuden ja n\u00e4ytt\u00e4v\u00e4n moniv\u00e4risen printtisuunnittelun, jonka avulla voit tehd\u00e4 vaikutelman mill\u00e4 tahansa uima-allas- tai rantamatkalla. K\u00e4yt\u00e4nn\u00f6llinen joustava vy\u00f6t\u00e4r\u00f6nauha, t\u00e4ydellisen istuvuuden takaava kiristysny\u00f6ri ja ikoninen Dsquared\u00b2 -logoyksityiskohta tekev\u00e4t uima-asustasi ylellisen p\u00e4ivityksen.<\/p>\n<ul>\n<li>Materiaali: 100% polyesteri<\/li>\n<li>V\u00e4ri: Moniv\u00e4rinen<\/li>\n<li>Alkuper\u00e4maa: IT<\/li>\n<\/ul>","protected":false},"excerpt":{"rendered":"<p>Mit diesen leuchtenden Dsquared\u00b2 Swim Shorts Boxer, einem absoluten Hingucker f\u00fcr Ihre Beachwear-Kollektion, sind Sie stilvoll unterwegs. Aus hochwertigem Polyester gefertigt, bieten diese exklusiven Shorts eine bequeme Passform und ein auff\u00e4lliges, mehrfarbiges Druckdesign, mit dem Sie bei jedem Pool- oder Strandausflug ein Statement setzen k\u00f6nnen. Mit dem praktischen elastischen Taillenband, dem Kordelzug f\u00fcr den perfekten [&hellip;]<\/p>","protected":false},"featured_media":217818,"template":"","meta":[],"product_brand":[1989],"product_cat":[1709,1633,1623],"product_tag":[],"class_list":{"0":"post-217824","1":"product","2":"type-product","3":"status-publish","4":"has-post-thumbnail","6":"product_brand-dsquared","7":"product_cat-bademode-maenner-kleidung","8":"product_cat-maenner-kleidung","9":"product_cat-kleidung","11":"first","12":"instock","13":"sale","14":"taxable","15":"shipping-taxable","16":"purchasable","17":"product-type-variable"},"_links":{"self":[{"href":"https:\/\/tpmadalina42.supserv.cozmoslabs.com\/fi\/wp-json\/wp\/v2\/product\/217824","targetHints":{"allow":["GET"]}}],"collection":[{"href":"https:\/\/tpmadalina42.supserv.cozmoslabs.com\/fi\/wp-json\/wp\/v2\/product"}],"about":[{"href":"https:\/\/tpmadalina42.supserv.cozmoslabs.com\/fi\/wp-json\/wp\/v2\/types\/product"}],"wp:featuredmedia":[{"embeddable":true,"href":"https:\/\/tpmadalina42.supserv.cozmoslabs.com\/fi\/wp-json\/wp\/v2\/media\/217818"}],"wp:attachment":[{"href":"https:\/\/tpmadalina42.supserv.cozmoslabs.com\/fi\/wp-json\/wp\/v2\/media?parent=217824"}],"wp:term":[{"taxonomy":"product_brand","embeddable":true,"href":"https:\/\/tpmadalina42.supserv.cozmoslabs.com\/fi\/wp-json\/wp\/v2\/product_brand?post=217824"},{"taxonomy":"product_cat","embeddable":true,"href":"https:\/\/tpmadalina42.supserv.cozmoslabs.com\/fi\/wp-json\/wp\/v2\/product_cat?post=217824"},{"taxonomy":"product_tag","embeddable":true,"href":"https:\/\/tpmadalina42.supserv.cozmoslabs.com\/fi\/wp-json\/wp\/v2\/product_tag?post=217824"}],"curies":[{"name":"wp","href":"https:\/\/api.w.org\/{rel}","templated":true}]}}