{"id":217915,"date":"2024-08-07T06:27:40","date_gmt":"2024-08-07T13:27:40","guid":{"rendered":"https:\/\/glandine.com\/product\/dsquared%c2%b2-eleganter-weisser-baumwoll-stretch-slip\/"},"modified":"2024-11-30T06:59:23","modified_gmt":"2024-11-30T05:59:23","slug":"dsquared%c2%b2-eleganter-weisser-baumwoll-stretch-slip","status":"publish","type":"product","link":"https:\/\/tpmadalina42.supserv.cozmoslabs.com\/fi\/tuote-2\/dsquared\u00b2-eleganter-weisser-baumwoll-stretch-slip\/","title":{"rendered":"Dsquared\u00b2 Tyylikk\u00e4\u00e4t valkoiset joustavat puuvillahousut"},"content":{"rendered":"<p>Erleben Sie die perfekte Mischung aus Komfort und Stil mit diesen 100% authentischen, brandneuen Slips von Dsquared\u00b2. Er ist mit einem elastischen Bund ausgestattet, der f\u00fcr eine gute Passform sorgt, und besteht aus hochwertiger Baumwolle mit einem Hauch von Elastan f\u00fcr den perfekten Stretch. Die Slips bieten nicht nur eine hervorragende Passform und Komfort, sondern sind auch mit dem kultigen Dsquared\u00b2-Logo versehen, das f\u00fcr einen zus\u00e4tzlichen Hauch von Luxus sorgt. Mit Sorgfalt in Italien gefertigt, sind sie ein Grundnahrungsmittel f\u00fcr die Garderobe eines jeden anspruchsvollen Gentleman.<\/p>\n<ul>\n<li>Material: 89% Baumwolle, 11% Elastan<\/li>\n<li>V\u00e4ri: Valkoinen<\/li>\n<li>Alkuper\u00e4maa: Italia<\/li>\n<li>Modell: Slip mit elastischem Bund<\/li>\n<li>Logo-Details vorhanden<\/li>\n<\/ul>","protected":false},"excerpt":{"rendered":"<p>Erleben Sie die perfekte Mischung aus Komfort und Stil mit diesen 100% authentischen, brandneuen Slips von Dsquared\u00b2. Er ist mit einem elastischen Bund ausgestattet, der f\u00fcr eine gute Passform sorgt, und besteht aus hochwertiger Baumwolle mit einem Hauch von Elastan f\u00fcr den perfekten Stretch. Die Slips bieten nicht nur eine hervorragende Passform und Komfort, sondern [&hellip;]<\/p>","protected":false},"featured_media":217912,"template":"","meta":[],"product_brand":[1989],"product_cat":[1633,1623,1718],"product_tag":[],"class_list":{"0":"post-217915","1":"product","2":"type-product","3":"status-publish","4":"has-post-thumbnail","6":"product_brand-dsquared","7":"product_cat-maenner-kleidung","8":"product_cat-kleidung","9":"product_cat-unterwaesche-maenner-kleidung","11":"first","12":"instock","13":"sale","14":"taxable","15":"shipping-taxable","16":"purchasable","17":"product-type-variable"},"_links":{"self":[{"href":"https:\/\/tpmadalina42.supserv.cozmoslabs.com\/fi\/wp-json\/wp\/v2\/product\/217915","targetHints":{"allow":["GET"]}}],"collection":[{"href":"https:\/\/tpmadalina42.supserv.cozmoslabs.com\/fi\/wp-json\/wp\/v2\/product"}],"about":[{"href":"https:\/\/tpmadalina42.supserv.cozmoslabs.com\/fi\/wp-json\/wp\/v2\/types\/product"}],"wp:featuredmedia":[{"embeddable":true,"href":"https:\/\/tpmadalina42.supserv.cozmoslabs.com\/fi\/wp-json\/wp\/v2\/media\/217912"}],"wp:attachment":[{"href":"https:\/\/tpmadalina42.supserv.cozmoslabs.com\/fi\/wp-json\/wp\/v2\/media?parent=217915"}],"wp:term":[{"taxonomy":"product_brand","embeddable":true,"href":"https:\/\/tpmadalina42.supserv.cozmoslabs.com\/fi\/wp-json\/wp\/v2\/product_brand?post=217915"},{"taxonomy":"product_cat","embeddable":true,"href":"https:\/\/tpmadalina42.supserv.cozmoslabs.com\/fi\/wp-json\/wp\/v2\/product_cat?post=217915"},{"taxonomy":"product_tag","embeddable":true,"href":"https:\/\/tpmadalina42.supserv.cozmoslabs.com\/fi\/wp-json\/wp\/v2\/product_tag?post=217915"}],"curies":[{"name":"wp","href":"https:\/\/api.w.org\/{rel}","templated":true}]}}