{"id":217927,"date":"2024-08-07T06:28:28","date_gmt":"2024-08-07T13:28:28","guid":{"rendered":"https:\/\/glandine.com\/product\/dsquared%c2%b2-schicker-gelber-modal-stretch-herrenslip\/"},"modified":"2024-11-30T06:59:37","modified_gmt":"2024-11-30T05:59:37","slug":"dsquared%c2%b2-schicker-gelber-modal-stretch-herrenslip","status":"publish","type":"product","link":"https:\/\/tpmadalina42.supserv.cozmoslabs.com\/fi\/tuote-2\/dsquared\u00b2-schicker-gelber-modal-stretch-herrenslip\/","title":{"rendered":"Dsquared\u00b2 Tyylikk\u00e4\u00e4t keltaiset, modaalin joustavat miesten alushousut"},"content":{"rendered":"<p>Erlebe die perfekte Mischung aus Komfort und Stil mit diesen absolut umwerfenden, 100% authentischen Dsquared\u00b2-Slips f\u00fcr M\u00e4nner. Diese Slips sind so konzipiert, dass sie eine gro\u00dfartige Passform und Komfort bieten, w\u00e4hrend sie mit einem elastischen Bund f\u00fcr den perfekten Halt ausgestattet sind. Die leuchtend gelbe Farbe und die wei\u00dfen Akzente setzen ein gewagtes Modestatement. Das hochwertige Modal-Stretch-Gewebe bietet h\u00f6chste Qualit\u00e4t und garantiert Langlebigkeit und Atmungsaktivit\u00e4t. Mit italienischer Handwerkskunst gefertigt, k\u00f6nnen Sie von diesem Designer-Slip nichts als Luxus und Finesse erwarten.<\/p>\n<ul>\n<li>V\u00e4ri: Keltainen<\/li>\n<li>Materiaali: 95% Modal 5% elastaani<\/li>\n<li>Alkuper\u00e4maa: Italia<\/li>\n<li>Marke: Dsquared\u00b2<\/li>\n<\/ul>","protected":false},"excerpt":{"rendered":"<p>Erlebe die perfekte Mischung aus Komfort und Stil mit diesen absolut umwerfenden, 100% authentischen Dsquared\u00b2-Slips f\u00fcr M\u00e4nner. Diese Slips sind so konzipiert, dass sie eine gro\u00dfartige Passform und Komfort bieten, w\u00e4hrend sie mit einem elastischen Bund f\u00fcr den perfekten Halt ausgestattet sind. Die leuchtend gelbe Farbe und die wei\u00dfen Akzente setzen ein gewagtes Modestatement. Das [&hellip;]<\/p>","protected":false},"featured_media":217924,"template":"","meta":[],"product_brand":[1989],"product_cat":[1633,1623,1718],"product_tag":[],"class_list":{"0":"post-217927","1":"product","2":"type-product","3":"status-publish","4":"has-post-thumbnail","6":"product_brand-dsquared","7":"product_cat-maenner-kleidung","8":"product_cat-kleidung","9":"product_cat-unterwaesche-maenner-kleidung","11":"first","12":"instock","13":"sale","14":"taxable","15":"shipping-taxable","16":"purchasable","17":"product-type-variable"},"_links":{"self":[{"href":"https:\/\/tpmadalina42.supserv.cozmoslabs.com\/fi\/wp-json\/wp\/v2\/product\/217927","targetHints":{"allow":["GET"]}}],"collection":[{"href":"https:\/\/tpmadalina42.supserv.cozmoslabs.com\/fi\/wp-json\/wp\/v2\/product"}],"about":[{"href":"https:\/\/tpmadalina42.supserv.cozmoslabs.com\/fi\/wp-json\/wp\/v2\/types\/product"}],"wp:featuredmedia":[{"embeddable":true,"href":"https:\/\/tpmadalina42.supserv.cozmoslabs.com\/fi\/wp-json\/wp\/v2\/media\/217924"}],"wp:attachment":[{"href":"https:\/\/tpmadalina42.supserv.cozmoslabs.com\/fi\/wp-json\/wp\/v2\/media?parent=217927"}],"wp:term":[{"taxonomy":"product_brand","embeddable":true,"href":"https:\/\/tpmadalina42.supserv.cozmoslabs.com\/fi\/wp-json\/wp\/v2\/product_brand?post=217927"},{"taxonomy":"product_cat","embeddable":true,"href":"https:\/\/tpmadalina42.supserv.cozmoslabs.com\/fi\/wp-json\/wp\/v2\/product_cat?post=217927"},{"taxonomy":"product_tag","embeddable":true,"href":"https:\/\/tpmadalina42.supserv.cozmoslabs.com\/fi\/wp-json\/wp\/v2\/product_tag?post=217927"}],"curies":[{"name":"wp","href":"https:\/\/api.w.org\/{rel}","templated":true}]}}