{"id":217940,"date":"2024-08-07T06:29:15","date_gmt":"2024-08-07T13:29:15","guid":{"rendered":"https:\/\/glandine.com\/product\/dsquared%c2%b2-eleganter-grauer-baumwoll-stretch-slip-2\/"},"modified":"2024-11-30T06:59:51","modified_gmt":"2024-11-30T05:59:51","slug":"dsquared%c2%b2-eleganter-grauer-baumwoll-stretch-slip-2","status":"publish","type":"product","link":"https:\/\/tpmadalina42.supserv.cozmoslabs.com\/fi\/tuote-2\/dsquared\u00b2-eleganter-grauer-baumwoll-stretch-slip-2\/","title":{"rendered":"Dsquared\u00b2 Tyylikk\u00e4\u00e4t harmaat joustavat puuvillahousut"},"content":{"rendered":"<p>Genie\u00dfen Sie den unvergleichlichen Komfort und das elegante Design der neuesten Unterw\u00e4sche-Kollektion von DSquared\u00b2. Diese grauen Slips verf\u00fcgen \u00fcber einen elastischen Bund f\u00fcr eine perfekte Passform und zeigen das kultige DSquared\u00b2-Logo f\u00fcr einen zus\u00e4tzlichen Hauch von Luxus. Aus einer hochwertigen Baumwoll-Elastan-Mischung gefertigt, bietet der Slip eine hervorragende Passform und hohen Tragekomfort, was ihn zu einem Muss in der Garderobe eines jeden Mannes macht. Lassen Sie sich von der Qualit\u00e4t und Raffinesse der italienischen Eleganz \u00fcberzeugen.<\/p>\n<ul>\n<li>Materiaali: 95% puuvilla, 5% elastaani<\/li>\n<li>V\u00e4ri: Harmaa<\/li>\n<li>Joustava vy\u00f6t\u00e4r\u00f6nauha logolla<\/li>\n<li>Alkuper\u00e4maa: Italia<\/li>\n<\/ul>","protected":false},"excerpt":{"rendered":"<p>Genie\u00dfen Sie den unvergleichlichen Komfort und das elegante Design der neuesten Unterw\u00e4sche-Kollektion von DSquared\u00b2. Diese grauen Slips verf\u00fcgen \u00fcber einen elastischen Bund f\u00fcr eine perfekte Passform und zeigen das kultige DSquared\u00b2-Logo f\u00fcr einen zus\u00e4tzlichen Hauch von Luxus. Aus einer hochwertigen Baumwoll-Elastan-Mischung gefertigt, bietet der Slip eine hervorragende Passform und hohen Tragekomfort, was ihn zu einem [&hellip;]<\/p>","protected":false},"featured_media":217937,"template":"","meta":[],"product_brand":[1989],"product_cat":[1633,1623,1718],"product_tag":[],"class_list":{"0":"post-217940","1":"product","2":"type-product","3":"status-publish","4":"has-post-thumbnail","6":"product_brand-dsquared","7":"product_cat-maenner-kleidung","8":"product_cat-kleidung","9":"product_cat-unterwaesche-maenner-kleidung","11":"first","12":"instock","13":"sale","14":"taxable","15":"shipping-taxable","16":"purchasable","17":"product-type-variable"},"_links":{"self":[{"href":"https:\/\/tpmadalina42.supserv.cozmoslabs.com\/fi\/wp-json\/wp\/v2\/product\/217940","targetHints":{"allow":["GET"]}}],"collection":[{"href":"https:\/\/tpmadalina42.supserv.cozmoslabs.com\/fi\/wp-json\/wp\/v2\/product"}],"about":[{"href":"https:\/\/tpmadalina42.supserv.cozmoslabs.com\/fi\/wp-json\/wp\/v2\/types\/product"}],"wp:featuredmedia":[{"embeddable":true,"href":"https:\/\/tpmadalina42.supserv.cozmoslabs.com\/fi\/wp-json\/wp\/v2\/media\/217937"}],"wp:attachment":[{"href":"https:\/\/tpmadalina42.supserv.cozmoslabs.com\/fi\/wp-json\/wp\/v2\/media?parent=217940"}],"wp:term":[{"taxonomy":"product_brand","embeddable":true,"href":"https:\/\/tpmadalina42.supserv.cozmoslabs.com\/fi\/wp-json\/wp\/v2\/product_brand?post=217940"},{"taxonomy":"product_cat","embeddable":true,"href":"https:\/\/tpmadalina42.supserv.cozmoslabs.com\/fi\/wp-json\/wp\/v2\/product_cat?post=217940"},{"taxonomy":"product_tag","embeddable":true,"href":"https:\/\/tpmadalina42.supserv.cozmoslabs.com\/fi\/wp-json\/wp\/v2\/product_tag?post=217940"}],"curies":[{"name":"wp","href":"https:\/\/api.w.org\/{rel}","templated":true}]}}