{"id":218059,"date":"2024-08-07T06:36:59","date_gmt":"2024-08-07T13:36:59","guid":{"rendered":"https:\/\/glandine.com\/product\/dolce-gabbana-elegantes-seidenoberteil-rot-gruen\/"},"modified":"2024-11-30T07:01:49","modified_gmt":"2024-11-30T06:01:49","slug":"dolce-gabbana-elegantes-seidenoberteil-rot-gruen","status":"publish","type":"product","link":"https:\/\/tpmadalina42.supserv.cozmoslabs.com\/fi\/tuote-2\/dolce-gabbana-elegantes-seidenoberteil-rot-gruen\/","title":{"rendered":"Dolce &amp; Gabbana Elegantes Seidenoberteil Rot Gr\u00fcn"},"content":{"rendered":"<p>G\u00f6nnen Sie sich das luxuri\u00f6se Gef\u00fchl von 100 % Seide mit diesem absolut atemberaubenden Oberteil von Dolce &amp; Gabbana. Perfekt f\u00fcr einen raffinierten Farbklecks ist dieses Oberteil in einem lebhaften Rot- und Gr\u00fcnton gehalten, der italienischen Chic ausstrahlt. Das mit viel Liebe zum Detail gefertigte Oberteil ist mit dem Logo der Kultmarke versehen und garantiert Authentizit\u00e4t und Stil. In Italien gefertigt, ist es der Inbegriff von Eleganz und Qualit\u00e4t.<\/p>\n<ul>\n<li>Materiaali: 100% silkki<\/li>\n<li>V\u00e4ri: punainen<\/li>\n<li>Alkuper\u00e4maa: IT<\/li>\n<\/ul>","protected":false},"excerpt":{"rendered":"<p>G\u00f6nnen Sie sich das luxuri\u00f6se Gef\u00fchl von 100 % Seide mit diesem absolut atemberaubenden Oberteil von Dolce &amp; Gabbana. Perfekt f\u00fcr einen raffinierten Farbklecks ist dieses Oberteil in einem lebhaften Rot- und Gr\u00fcnton gehalten, der italienischen Chic ausstrahlt. Das mit viel Liebe zum Detail gefertigte Oberteil ist mit dem Logo der Kultmarke versehen und garantiert [&hellip;]<\/p>","protected":false},"featured_media":218053,"template":"","meta":[],"product_brand":[1620],"product_cat":[1637,1623,1714],"product_tag":[],"class_list":{"0":"post-218059","1":"product","2":"type-product","3":"status-publish","4":"has-post-thumbnail","6":"product_brand-dolce-gabbana","7":"product_cat-frauen-kleidung","8":"product_cat-kleidung","9":"product_cat-oberteile-t-shirts","11":"first","12":"instock","13":"sale","14":"taxable","15":"shipping-taxable","16":"purchasable","17":"product-type-variable"},"_links":{"self":[{"href":"https:\/\/tpmadalina42.supserv.cozmoslabs.com\/fi\/wp-json\/wp\/v2\/product\/218059","targetHints":{"allow":["GET"]}}],"collection":[{"href":"https:\/\/tpmadalina42.supserv.cozmoslabs.com\/fi\/wp-json\/wp\/v2\/product"}],"about":[{"href":"https:\/\/tpmadalina42.supserv.cozmoslabs.com\/fi\/wp-json\/wp\/v2\/types\/product"}],"wp:featuredmedia":[{"embeddable":true,"href":"https:\/\/tpmadalina42.supserv.cozmoslabs.com\/fi\/wp-json\/wp\/v2\/media\/218053"}],"wp:attachment":[{"href":"https:\/\/tpmadalina42.supserv.cozmoslabs.com\/fi\/wp-json\/wp\/v2\/media?parent=218059"}],"wp:term":[{"taxonomy":"product_brand","embeddable":true,"href":"https:\/\/tpmadalina42.supserv.cozmoslabs.com\/fi\/wp-json\/wp\/v2\/product_brand?post=218059"},{"taxonomy":"product_cat","embeddable":true,"href":"https:\/\/tpmadalina42.supserv.cozmoslabs.com\/fi\/wp-json\/wp\/v2\/product_cat?post=218059"},{"taxonomy":"product_tag","embeddable":true,"href":"https:\/\/tpmadalina42.supserv.cozmoslabs.com\/fi\/wp-json\/wp\/v2\/product_tag?post=218059"}],"curies":[{"name":"wp","href":"https:\/\/api.w.org\/{rel}","templated":true}]}}