{"id":218154,"date":"2024-08-07T06:42:35","date_gmt":"2024-08-07T13:42:35","guid":{"rendered":"https:\/\/glandine.com\/product\/acht-slim-fit-baumwoll-denim-jeans\/"},"modified":"2024-11-30T07:04:34","modified_gmt":"2024-11-30T06:04:34","slug":"acht-slim-fit-baumwoll-denim-jeans","status":"publish","type":"product","link":"https:\/\/tpmadalina42.supserv.cozmoslabs.com\/fi\/tuote-2\/acht-slim-fit-baumwoll-denim-jeans\/","title":{"rendered":"Kahdeksan ohutta puuvillafarkkua"},"content":{"rendered":"<p>Entdecken Sie den Inbegriff von Komfort und Stil mit dieser tadellosen Slim Fit Denim Jeans von Acht. Diese wundersch\u00f6ne und brandneue Jeans ist zu 100 % aus hochwertiger Baumwolle gefertigt und garantiert einen schicken Look, ohne Kompromisse beim Komfort einzugehen. Die niedrige Taille erg\u00e4nzt die moderne Silhouette, w\u00e4hrend der Rei\u00dfverschluss und der Knopfverschluss eine klassische Note hinzuf\u00fcgen. Akzentuiert mit Logodetails, ist diese Hose eine luxuri\u00f6se Erg\u00e4nzung f\u00fcr Ihre Garderobe.<\/p>\n<ul>\n<li>V\u00e4ri: Sininen<\/li>\n<li>Alkuper\u00e4maa: IT<\/li>\n<li>Materiaali: puuvilla<\/li>\n<\/ul>","protected":false},"excerpt":{"rendered":"<p>Entdecken Sie den Inbegriff von Komfort und Stil mit dieser tadellosen Slim Fit Denim Jeans von Acht. Diese wundersch\u00f6ne und brandneue Jeans ist zu 100 % aus hochwertiger Baumwolle gefertigt und garantiert einen schicken Look, ohne Kompromisse beim Komfort einzugehen. Die niedrige Taille erg\u00e4nzt die moderne Silhouette, w\u00e4hrend der Rei\u00dfverschluss und der Knopfverschluss eine klassische [&hellip;]<\/p>","protected":false},"featured_media":218148,"template":"","meta":[],"product_brand":[1928],"product_cat":[1637,1686,1623],"product_tag":[],"class_list":{"0":"post-218154","1":"product","2":"type-product","3":"status-publish","4":"has-post-thumbnail","6":"product_brand-acht","7":"product_cat-frauen-kleidung","8":"product_cat-jeans-hosen-frauen-kleidung","9":"product_cat-kleidung","11":"first","12":"instock","13":"sale","14":"taxable","15":"shipping-taxable","16":"purchasable","17":"product-type-variable"},"_links":{"self":[{"href":"https:\/\/tpmadalina42.supserv.cozmoslabs.com\/fi\/wp-json\/wp\/v2\/product\/218154","targetHints":{"allow":["GET"]}}],"collection":[{"href":"https:\/\/tpmadalina42.supserv.cozmoslabs.com\/fi\/wp-json\/wp\/v2\/product"}],"about":[{"href":"https:\/\/tpmadalina42.supserv.cozmoslabs.com\/fi\/wp-json\/wp\/v2\/types\/product"}],"wp:featuredmedia":[{"embeddable":true,"href":"https:\/\/tpmadalina42.supserv.cozmoslabs.com\/fi\/wp-json\/wp\/v2\/media\/218148"}],"wp:attachment":[{"href":"https:\/\/tpmadalina42.supserv.cozmoslabs.com\/fi\/wp-json\/wp\/v2\/media?parent=218154"}],"wp:term":[{"taxonomy":"product_brand","embeddable":true,"href":"https:\/\/tpmadalina42.supserv.cozmoslabs.com\/fi\/wp-json\/wp\/v2\/product_brand?post=218154"},{"taxonomy":"product_cat","embeddable":true,"href":"https:\/\/tpmadalina42.supserv.cozmoslabs.com\/fi\/wp-json\/wp\/v2\/product_cat?post=218154"},{"taxonomy":"product_tag","embeddable":true,"href":"https:\/\/tpmadalina42.supserv.cozmoslabs.com\/fi\/wp-json\/wp\/v2\/product_tag?post=218154"}],"curies":[{"name":"wp","href":"https:\/\/api.w.org\/{rel}","templated":true}]}}