{"id":218257,"date":"2024-08-07T06:48:42","date_gmt":"2024-08-07T13:48:42","guid":{"rendered":"https:\/\/glandine.com\/product\/dolce-gabbana-elegante-krawattenklammer-aus-goldmessing-fuer-maenner\/"},"modified":"2024-11-30T07:07:39","modified_gmt":"2024-11-30T06:07:39","slug":"dolce-gabbana-elegante-krawattenklammer-aus-goldmessing-fuer-maenner","status":"publish","type":"product","link":"https:\/\/tpmadalina42.supserv.cozmoslabs.com\/fi\/tuote-2\/dolce-gabbana-elegante-krawattenklammer-aus-goldmessing-fuer-maenner\/","title":{"rendered":"Dolce &amp; Gabbana Elegantti kultainen messinkisolmio miehille"},"content":{"rendered":"<p>Verfeinern Sie Ihr Ensemble mit einem exquisiten Hauch von Raffinesse. Diese 100% authentische Krawattenklammer von Dolce &amp; Gabbana verleiht der Kleidung eines jeden Gentleman einen Hauch von Eleganz. Die mit viel Liebe zum Detail gefertigte Goldmessing-Konstruktion strahlt Luxus aus, w\u00e4hrend das ausgepr\u00e4gte Logodetail f\u00fcr ein diskretes Markenfinish sorgt. Ein perfektes Accessoire f\u00fcr den anspruchsvollen Mann, das in Italien mit feinster Handwerkskunst hergestellt wird.<\/p>\n<ul>\n<li>V\u00e4ri: Kulta<\/li>\n<li>Material: 100% Messing<\/li>\n<li>Alkuper\u00e4maa: Italia<\/li>\n<\/ul>","protected":false},"excerpt":{"rendered":"<p>Verfeinern Sie Ihr Ensemble mit einem exquisiten Hauch von Raffinesse. Diese 100% authentische Krawattenklammer von Dolce &amp; Gabbana verleiht der Kleidung eines jeden Gentleman einen Hauch von Eleganz. Die mit viel Liebe zum Detail gefertigte Goldmessing-Konstruktion strahlt Luxus aus, w\u00e4hrend das ausgepr\u00e4gte Logodetail f\u00fcr ein diskretes Markenfinish sorgt. Ein perfektes Accessoire f\u00fcr den anspruchsvollen Mann, [&hellip;]<\/p>","protected":false},"featured_media":218252,"template":"","meta":[],"product_brand":[1620],"product_cat":[1711,1625,1636],"product_tag":[],"class_list":{"0":"post-218257","1":"product","2":"type-product","3":"status-publish","4":"has-post-thumbnail","6":"product_brand-dolce-gabbana","7":"product_cat-krawattenklammern","8":"product_cat-schmuck","9":"product_cat-maenner-schmuck","11":"first","12":"instock","13":"sale","14":"taxable","15":"shipping-taxable","16":"purchasable","17":"product-type-simple"},"_links":{"self":[{"href":"https:\/\/tpmadalina42.supserv.cozmoslabs.com\/fi\/wp-json\/wp\/v2\/product\/218257","targetHints":{"allow":["GET"]}}],"collection":[{"href":"https:\/\/tpmadalina42.supserv.cozmoslabs.com\/fi\/wp-json\/wp\/v2\/product"}],"about":[{"href":"https:\/\/tpmadalina42.supserv.cozmoslabs.com\/fi\/wp-json\/wp\/v2\/types\/product"}],"wp:featuredmedia":[{"embeddable":true,"href":"https:\/\/tpmadalina42.supserv.cozmoslabs.com\/fi\/wp-json\/wp\/v2\/media\/218252"}],"wp:attachment":[{"href":"https:\/\/tpmadalina42.supserv.cozmoslabs.com\/fi\/wp-json\/wp\/v2\/media?parent=218257"}],"wp:term":[{"taxonomy":"product_brand","embeddable":true,"href":"https:\/\/tpmadalina42.supserv.cozmoslabs.com\/fi\/wp-json\/wp\/v2\/product_brand?post=218257"},{"taxonomy":"product_cat","embeddable":true,"href":"https:\/\/tpmadalina42.supserv.cozmoslabs.com\/fi\/wp-json\/wp\/v2\/product_cat?post=218257"},{"taxonomy":"product_tag","embeddable":true,"href":"https:\/\/tpmadalina42.supserv.cozmoslabs.com\/fi\/wp-json\/wp\/v2\/product_tag?post=218257"}],"curies":[{"name":"wp","href":"https:\/\/api.w.org\/{rel}","templated":true}]}}