{"id":218303,"date":"2024-08-07T15:52:02","date_gmt":"2024-08-07T13:52:02","guid":{"rendered":"https:\/\/glandine.com\/product\/emilio-pucci-radiant-gold-vollrand-sonnenbrille-fuer-damen\/"},"modified":"2024-11-30T07:08:47","modified_gmt":"2024-11-30T06:08:47","slug":"emilio-pucci-radiant-gold-vollrand-sonnenbrille-fuer-damen","status":"publish","type":"product","link":"https:\/\/tpmadalina42.supserv.cozmoslabs.com\/fi\/tuote-2\/emilio-pucci-radiant-gold-vollrand-sonnenbrille-fuer-damen\/","title":{"rendered":"Emilio Pucci Radiant Gold Full Rim -aurinkolasit naisille"},"content":{"rendered":"<p>Nauti auringosta Emilio Puccin kultaisten t\u00e4ysreunaisten naisten aurinkolasien majesteettisella tyylill\u00e4. Hieno sekoitus metallia ja muovia, n\u00e4m\u00e4 aurinkolasit tarjoavat sek\u00e4 ylellisyytt\u00e4 ett\u00e4 kest\u00e4vyytt\u00e4. Kultainen s\u00e4vy huokuu ylt\u00e4kyll\u00e4isyytt\u00e4, kun taas elegantisti muotoiltu muotoilu varmistaa, ett\u00e4 erotut edukseen. Ihanteellinen jokaiselle muotitietoiselle naiselle, joka arvostaa ripaus klassista hienostuneisuutta modernissa el\u00e4m\u00e4ntyyliss\u00e4\u00e4n.<\/p>\n<ul>\n<li>Sukupuoli: naiset<\/li>\n<li>P\u00e4\u00e4v\u00e4ri: kulta<\/li>\n<li>Kehyksen v\u00e4ri: kulta<\/li>\n<li>Runkomateriaali: metalli ja muovi<\/li>\n<li>Koko: 55-16-140<\/li>\n<li>Linssin leveys: 55<\/li>\n<li>Silm\u00e4lasien korkeus: 44<\/li>\n<li>Sillan leveys: 16<\/li>\n<li>Kehyksen leveys: 133<\/li>\n<li>Temppelin pituus: 140<\/li>\n<li>Jousisarana: Ei<\/li>\n<li>Toimitus sis\u00e4lt\u00e4\u00e4: merkkikotelon<\/li>\n<li>Vanteen muoto: t\u00e4ysi vanne<\/li>\n<li>Alkuper\u00e4maa: IT<\/li>\n<\/ul>","protected":false},"excerpt":{"rendered":"<p>Genie\u00dfen Sie die Sonne mit dem majest\u00e4tischen Flair der Gold Full-Rim Women&#8217;s Sunglasses von Emilio Pucci. Diese Sonnenbrille ist eine exquisite Mischung aus Metall und Kunststoff und bietet sowohl Luxus als auch Haltbarkeit. Der goldene Farbton strahlt Opulenz aus, w\u00e4hrend das elegant gearbeitete Design daf\u00fcr sorgt, dass Sie mit Anmut auffallen. Ideal f\u00fcr jede modebewusste [&hellip;]<\/p>","protected":false},"featured_media":218299,"template":"","meta":[],"product_brand":[1984],"product_cat":[1626,1645],"product_tag":[],"class_list":{"0":"post-218303","1":"product","2":"type-product","3":"status-publish","4":"has-post-thumbnail","6":"product_brand-emilio-pucci","7":"product_cat-rahmen","8":"product_cat-fassungen-fuer-frauen","10":"first","11":"instock","12":"sale","13":"taxable","14":"shipping-taxable","15":"purchasable","16":"product-type-simple"},"_links":{"self":[{"href":"https:\/\/tpmadalina42.supserv.cozmoslabs.com\/fi\/wp-json\/wp\/v2\/product\/218303","targetHints":{"allow":["GET"]}}],"collection":[{"href":"https:\/\/tpmadalina42.supserv.cozmoslabs.com\/fi\/wp-json\/wp\/v2\/product"}],"about":[{"href":"https:\/\/tpmadalina42.supserv.cozmoslabs.com\/fi\/wp-json\/wp\/v2\/types\/product"}],"wp:featuredmedia":[{"embeddable":true,"href":"https:\/\/tpmadalina42.supserv.cozmoslabs.com\/fi\/wp-json\/wp\/v2\/media\/218299"}],"wp:attachment":[{"href":"https:\/\/tpmadalina42.supserv.cozmoslabs.com\/fi\/wp-json\/wp\/v2\/media?parent=218303"}],"wp:term":[{"taxonomy":"product_brand","embeddable":true,"href":"https:\/\/tpmadalina42.supserv.cozmoslabs.com\/fi\/wp-json\/wp\/v2\/product_brand?post=218303"},{"taxonomy":"product_cat","embeddable":true,"href":"https:\/\/tpmadalina42.supserv.cozmoslabs.com\/fi\/wp-json\/wp\/v2\/product_cat?post=218303"},{"taxonomy":"product_tag","embeddable":true,"href":"https:\/\/tpmadalina42.supserv.cozmoslabs.com\/fi\/wp-json\/wp\/v2\/product_tag?post=218303"}],"curies":[{"name":"wp","href":"https:\/\/api.w.org\/{rel}","templated":true}]}}