{"id":220891,"date":"2024-08-07T09:25:30","date_gmt":"2024-08-07T16:25:30","guid":{"rendered":"https:\/\/glandine.com\/product\/dolce-gabbana-seidenblaues-t-shirt-mit-rundhalsausschnitt-ein-hauch-von-eleganz\/"},"modified":"2024-11-30T10:59:13","modified_gmt":"2024-11-30T09:59:13","slug":"dolce-gabbana-seidenblaues-t-shirt-mit-rundhalsausschnitt-ein-hauch-von-eleganz","status":"publish","type":"product","link":"https:\/\/tpmadalina42.supserv.cozmoslabs.com\/fi\/tuote-2\/dolce-gabbana-seidenblaues-t-shirt-mit-rundhalsausschnitt-ein-hauch-von-eleganz\/","title":{"rendered":"Dolce &amp; Gabbana Seidenblaues T-Shirt mit Rundhalsausschnitt &#8211; Ein Hauch von Eleganz"},"content":{"rendered":"<p>G\u00f6nnen Sie sich die nahtlose Mischung aus Luxus und Komfort mit diesem T-Shirt mit Rundhalsausschnitt aus 100% authentischer Seide von Dolce &amp; Gabbana. Das schlichte, exquisite Modell hat einen Pulloververschluss und ist mit den ikonischen Logodetails verziert, die in Italien sorgf\u00e4ltig verarbeitet wurden. Werten Sie Ihre Garderobe mit diesem klassisch blauen St\u00fcck auf, das sich nahtlos von der Tagesgarderobe in die Abendgarderobe verwandeln l\u00e4sst.<\/p>\n<ul>\n<li>Materiaali: 100% silkki<\/li>\n<li>V\u00e4ri: Sininen<\/li>\n<li>Alkuper\u00e4maa: Italia<\/li>\n<li>Logon yksityiskohdat<\/li>\n<li>Pullover-Verschluss<\/li>\n<\/ul>","protected":false},"excerpt":{"rendered":"<p>G\u00f6nnen Sie sich die nahtlose Mischung aus Luxus und Komfort mit diesem T-Shirt mit Rundhalsausschnitt aus 100% authentischer Seide von Dolce &amp; Gabbana. Das schlichte, exquisite Modell hat einen Pulloververschluss und ist mit den ikonischen Logodetails verziert, die in Italien sorgf\u00e4ltig verarbeitet wurden. Werten Sie Ihre Garderobe mit diesem klassisch blauen St\u00fcck auf, das sich [&hellip;]<\/p>","protected":false},"featured_media":220883,"template":"","meta":[],"product_brand":[1620],"product_cat":[1633,1623,1710],"product_tag":[],"class_list":{"0":"post-220891","1":"product","2":"type-product","3":"status-publish","4":"has-post-thumbnail","6":"product_brand-dolce-gabbana","7":"product_cat-maenner-kleidung","8":"product_cat-kleidung","9":"product_cat-t-shirts","11":"first","12":"instock","13":"sale","14":"taxable","15":"shipping-taxable","16":"purchasable","17":"product-type-variable"},"_links":{"self":[{"href":"https:\/\/tpmadalina42.supserv.cozmoslabs.com\/fi\/wp-json\/wp\/v2\/product\/220891","targetHints":{"allow":["GET"]}}],"collection":[{"href":"https:\/\/tpmadalina42.supserv.cozmoslabs.com\/fi\/wp-json\/wp\/v2\/product"}],"about":[{"href":"https:\/\/tpmadalina42.supserv.cozmoslabs.com\/fi\/wp-json\/wp\/v2\/types\/product"}],"wp:featuredmedia":[{"embeddable":true,"href":"https:\/\/tpmadalina42.supserv.cozmoslabs.com\/fi\/wp-json\/wp\/v2\/media\/220883"}],"wp:attachment":[{"href":"https:\/\/tpmadalina42.supserv.cozmoslabs.com\/fi\/wp-json\/wp\/v2\/media?parent=220891"}],"wp:term":[{"taxonomy":"product_brand","embeddable":true,"href":"https:\/\/tpmadalina42.supserv.cozmoslabs.com\/fi\/wp-json\/wp\/v2\/product_brand?post=220891"},{"taxonomy":"product_cat","embeddable":true,"href":"https:\/\/tpmadalina42.supserv.cozmoslabs.com\/fi\/wp-json\/wp\/v2\/product_cat?post=220891"},{"taxonomy":"product_tag","embeddable":true,"href":"https:\/\/tpmadalina42.supserv.cozmoslabs.com\/fi\/wp-json\/wp\/v2\/product_tag?post=220891"}],"curies":[{"name":"wp","href":"https:\/\/api.w.org\/{rel}","templated":true}]}}