{"id":221290,"date":"2024-08-07T09:43:46","date_gmt":"2024-08-07T16:43:46","guid":{"rendered":"https:\/\/glandine.com\/product\/dolce-gabbana-bezaubernder-metallic-gruener-faltenrock-in-a-linie\/"},"modified":"2024-11-30T11:05:30","modified_gmt":"2024-11-30T10:05:30","slug":"dolce-gabbana-bezaubernder-metallic-gruener-faltenrock-in-a-linie","status":"publish","type":"product","link":"https:\/\/tpmadalina42.supserv.cozmoslabs.com\/fi\/tuote-2\/dolce-gabbana-bezaubernder-metallic-gruener-faltenrock-in-a-linie\/","title":{"rendered":"Dolce &amp; Gabbana Suloinen metallinvihre\u00e4 laskostettu A-linjainen hame"},"content":{"rendered":"<p>Tauchen Sie ein in die Welt des italienischen Luxus mit diesem atemberaubenden knielangen Rock mit hoher Taille von <strong>Dolce &amp; Gabbana<\/strong>. Der metallicgr\u00fcne Farbton des Rocks strahlt einen Hauch von bezaubernder Opulenz aus und macht ihn zu einer umwerfenden Wahl f\u00fcr jeden gehobenen Anlass. Das elegante Plissee-Design wird durch ein bequemes Stretch-Innenfutter aus Seide erg\u00e4nzt, das sowohl Stil als auch Bequemlichkeit garantiert. Das Modell ist mit einem praktischen Rei\u00dfverschluss und einem Knopfverschluss ausgestattet und mit dem charakteristischen Logo der Marke versehen &#8211; ein Beweis f\u00fcr die exquisite Handwerkskunst von Dolce &amp; Gabbana. Der in Italien gefertigte Rock besteht aus einer Mischung aus metallisch schimmerndem Polyester und weicher Baumwolle.<\/p>\n<ul>\n<li>V\u00e4ri: Vihre\u00e4<\/li>\n<li>Material: 64% Metallic-Polyester, 36% Baumwolle<\/li>\n<li>Futter: 86% Seide, 8% Baumwolle, 4% Elasthan, 2% Nylon<\/li>\n<li>Alkuper\u00e4maa: IT<\/li>\n<\/ul>","protected":false},"excerpt":{"rendered":"<p>Tauchen Sie ein in die Welt des italienischen Luxus mit diesem atemberaubenden knielangen Rock mit hoher Taille von Dolce &amp; Gabbana. Der metallicgr\u00fcne Farbton des Rocks strahlt einen Hauch von bezaubernder Opulenz aus und macht ihn zu einer umwerfenden Wahl f\u00fcr jeden gehobenen Anlass. Das elegante Plissee-Design wird durch ein bequemes Stretch-Innenfutter aus Seide erg\u00e4nzt, [&hellip;]<\/p>","protected":false},"featured_media":221283,"template":"","meta":[],"product_brand":[1620],"product_cat":[1637,1623,1699],"product_tag":[],"class_list":{"0":"post-221290","1":"product","2":"type-product","3":"status-publish","4":"has-post-thumbnail","6":"product_brand-dolce-gabbana","7":"product_cat-frauen-kleidung","8":"product_cat-kleidung","9":"product_cat-roecke","11":"first","12":"instock","13":"sale","14":"taxable","15":"shipping-taxable","16":"purchasable","17":"product-type-variable"},"_links":{"self":[{"href":"https:\/\/tpmadalina42.supserv.cozmoslabs.com\/fi\/wp-json\/wp\/v2\/product\/221290","targetHints":{"allow":["GET"]}}],"collection":[{"href":"https:\/\/tpmadalina42.supserv.cozmoslabs.com\/fi\/wp-json\/wp\/v2\/product"}],"about":[{"href":"https:\/\/tpmadalina42.supserv.cozmoslabs.com\/fi\/wp-json\/wp\/v2\/types\/product"}],"wp:featuredmedia":[{"embeddable":true,"href":"https:\/\/tpmadalina42.supserv.cozmoslabs.com\/fi\/wp-json\/wp\/v2\/media\/221283"}],"wp:attachment":[{"href":"https:\/\/tpmadalina42.supserv.cozmoslabs.com\/fi\/wp-json\/wp\/v2\/media?parent=221290"}],"wp:term":[{"taxonomy":"product_brand","embeddable":true,"href":"https:\/\/tpmadalina42.supserv.cozmoslabs.com\/fi\/wp-json\/wp\/v2\/product_brand?post=221290"},{"taxonomy":"product_cat","embeddable":true,"href":"https:\/\/tpmadalina42.supserv.cozmoslabs.com\/fi\/wp-json\/wp\/v2\/product_cat?post=221290"},{"taxonomy":"product_tag","embeddable":true,"href":"https:\/\/tpmadalina42.supserv.cozmoslabs.com\/fi\/wp-json\/wp\/v2\/product_tag?post=221290"}],"curies":[{"name":"wp","href":"https:\/\/api.w.org\/{rel}","templated":true}]}}