{"id":221466,"date":"2024-08-07T09:52:58","date_gmt":"2024-08-07T16:52:58","guid":{"rendered":"https:\/\/glandine.com\/product\/dolce-gabbana-elegante-pferdeleder-schnuerstiefel\/"},"modified":"2024-11-30T11:07:45","modified_gmt":"2024-11-30T10:07:45","slug":"dolce-gabbana-elegante-pferdeleder-schnuerstiefel","status":"publish","type":"product","link":"https:\/\/tpmadalina42.supserv.cozmoslabs.com\/fi\/tuote-2\/dolce-gabbana-elegante-pferdeleder-schnuerstiefel\/","title":{"rendered":"Dolce &amp; Gabbana Elegante Pferdeleder-Schn\u00fcrstiefel"},"content":{"rendered":"<p>Mit diesen fachm\u00e4nnisch gefertigten Schn\u00fcrstiefeln, die von zeitlosem Stil und Langlebigkeit zeugen, treten Sie in den Luxus ein. Entworfen f\u00fcr den anspruchsvollen Gentleman, der hochwertiges Schuhwerk sch\u00e4tzt, sind diese Stiefel perfekt f\u00fcr jeden gehobenen Anlass oder stilvolle Alltagskleidung.<\/p>\n<ul>\n<li>Merkki: Dolce &amp; Gabbana<\/li>\n<li>V\u00e4ri: Ruskea<\/li>\n<li>Materiaali: 100% hevosen nahka<\/li>\n<li>Gummiau\u00dfensohle<\/li>\n<li>Logon yksityiskohdat<\/li>\n<li>Valmistettu Italiassa<\/li>\n<li>Eritt\u00e4in eksklusiivinen ja korkea ammattitaito<\/li>\n<\/ul>","protected":false},"excerpt":{"rendered":"<p>Mit diesen fachm\u00e4nnisch gefertigten Schn\u00fcrstiefeln, die von zeitlosem Stil und Langlebigkeit zeugen, treten Sie in den Luxus ein. Entworfen f\u00fcr den anspruchsvollen Gentleman, der hochwertiges Schuhwerk sch\u00e4tzt, sind diese Stiefel perfekt f\u00fcr jeden gehobenen Anlass oder stilvolle Alltagskleidung. Marke: Dolce &amp; Gabbana Farbe: Braun Material: 100% Pferdeleder Gummiau\u00dfensohle Logo-Details In Italien hergestellt Sehr exklusive und [&hellip;]<\/p>","protected":false},"featured_media":221460,"template":"","meta":[],"product_brand":[1620],"product_cat":[1634,1624,1654],"product_tag":[],"class_list":{"0":"post-221466","1":"product","2":"type-product","3":"status-publish","4":"has-post-thumbnail","6":"product_brand-dolce-gabbana","7":"product_cat-maenner-schuhe","8":"product_cat-schuhe","9":"product_cat-stiefel","11":"first","12":"instock","13":"sale","14":"taxable","15":"shipping-taxable","16":"purchasable","17":"product-type-variable"},"_links":{"self":[{"href":"https:\/\/tpmadalina42.supserv.cozmoslabs.com\/fi\/wp-json\/wp\/v2\/product\/221466","targetHints":{"allow":["GET"]}}],"collection":[{"href":"https:\/\/tpmadalina42.supserv.cozmoslabs.com\/fi\/wp-json\/wp\/v2\/product"}],"about":[{"href":"https:\/\/tpmadalina42.supserv.cozmoslabs.com\/fi\/wp-json\/wp\/v2\/types\/product"}],"wp:featuredmedia":[{"embeddable":true,"href":"https:\/\/tpmadalina42.supserv.cozmoslabs.com\/fi\/wp-json\/wp\/v2\/media\/221460"}],"wp:attachment":[{"href":"https:\/\/tpmadalina42.supserv.cozmoslabs.com\/fi\/wp-json\/wp\/v2\/media?parent=221466"}],"wp:term":[{"taxonomy":"product_brand","embeddable":true,"href":"https:\/\/tpmadalina42.supserv.cozmoslabs.com\/fi\/wp-json\/wp\/v2\/product_brand?post=221466"},{"taxonomy":"product_cat","embeddable":true,"href":"https:\/\/tpmadalina42.supserv.cozmoslabs.com\/fi\/wp-json\/wp\/v2\/product_cat?post=221466"},{"taxonomy":"product_tag","embeddable":true,"href":"https:\/\/tpmadalina42.supserv.cozmoslabs.com\/fi\/wp-json\/wp\/v2\/product_tag?post=221466"}],"curies":[{"name":"wp","href":"https:\/\/api.w.org\/{rel}","templated":true}]}}