{"id":222518,"date":"2024-08-07T10:41:47","date_gmt":"2024-08-07T17:41:47","guid":{"rendered":"https:\/\/glandine.com\/product\/dolce-gabbana-eleganter-schwarzer-samtguertel-mit-eingravierter-schnalle\/"},"modified":"2024-11-30T11:19:31","modified_gmt":"2024-11-30T10:19:31","slug":"dolce-gabbana-eleganter-schwarzer-samtguertel-mit-eingravierter-schnalle","status":"publish","type":"product","link":"https:\/\/tpmadalina42.supserv.cozmoslabs.com\/fi\/tuote-2\/dolce-gabbana-eleganter-schwarzer-samtguertel-mit-eingravierter-schnalle\/","title":{"rendered":"Dolce &amp; Gabbana Elegantti musta samettivy\u00f6 kaiverretulla soljella"},"content":{"rendered":"<p>G\u00f6nnen Sie sich den Inbegriff von Raffinesse mit unserem atemberaubenden G\u00fcrtel von Dolce &amp; Gabbana. Gefertigt aus luxuri\u00f6sem, hochwertigem Samt, ist dieses wundersch\u00f6ne Accessoire brandneu mit Etiketten, was 100%ige Authentizit\u00e4t und einen tadellosen Zustand garantiert. Der G\u00fcrtel ist kunstvoll mit einer Metallschnalle mit Logogravur verziert, die jedem Outfit einen Hauch von Klasse verleiht. Er strahlt Eleganz aus und ist ein vielseitiges St\u00fcck, das ein Statement setzt, ohne ein Wort zu sagen.<\/p>\n<ul>\n<li>Materiaali: sametti<\/li>\n<li>V\u00e4ri: Musta<\/li>\n<li>Leveys: 2,5 cm<\/li>\n<li>Gr\u00f6\u00dfe: 95cm \/ 38 Zoll<\/li>\n<li>Valmistettu Italiassa<\/li>\n<\/ul>","protected":false},"excerpt":{"rendered":"<p>G\u00f6nnen Sie sich den Inbegriff von Raffinesse mit unserem atemberaubenden G\u00fcrtel von Dolce &amp; Gabbana. Gefertigt aus luxuri\u00f6sem, hochwertigem Samt, ist dieses wundersch\u00f6ne Accessoire brandneu mit Etiketten, was 100%ige Authentizit\u00e4t und einen tadellosen Zustand garantiert. Der G\u00fcrtel ist kunstvoll mit einer Metallschnalle mit Logogravur verziert, die jedem Outfit einen Hauch von Klasse verleiht. Er strahlt [&hellip;]<\/p>","protected":false},"featured_media":222515,"template":"","meta":[],"product_brand":[1620],"product_cat":[1621,1631,1651],"product_tag":[],"class_list":{"0":"post-222518","1":"product","2":"type-product","3":"status-publish","4":"has-post-thumbnail","6":"product_brand-dolce-gabbana","7":"product_cat-accessoire","8":"product_cat-maenner-zubehoer","9":"product_cat-guertel","11":"first","12":"instock","13":"sale","14":"taxable","15":"shipping-taxable","16":"purchasable","17":"product-type-variable"},"_links":{"self":[{"href":"https:\/\/tpmadalina42.supserv.cozmoslabs.com\/fi\/wp-json\/wp\/v2\/product\/222518","targetHints":{"allow":["GET"]}}],"collection":[{"href":"https:\/\/tpmadalina42.supserv.cozmoslabs.com\/fi\/wp-json\/wp\/v2\/product"}],"about":[{"href":"https:\/\/tpmadalina42.supserv.cozmoslabs.com\/fi\/wp-json\/wp\/v2\/types\/product"}],"wp:featuredmedia":[{"embeddable":true,"href":"https:\/\/tpmadalina42.supserv.cozmoslabs.com\/fi\/wp-json\/wp\/v2\/media\/222515"}],"wp:attachment":[{"href":"https:\/\/tpmadalina42.supserv.cozmoslabs.com\/fi\/wp-json\/wp\/v2\/media?parent=222518"}],"wp:term":[{"taxonomy":"product_brand","embeddable":true,"href":"https:\/\/tpmadalina42.supserv.cozmoslabs.com\/fi\/wp-json\/wp\/v2\/product_brand?post=222518"},{"taxonomy":"product_cat","embeddable":true,"href":"https:\/\/tpmadalina42.supserv.cozmoslabs.com\/fi\/wp-json\/wp\/v2\/product_cat?post=222518"},{"taxonomy":"product_tag","embeddable":true,"href":"https:\/\/tpmadalina42.supserv.cozmoslabs.com\/fi\/wp-json\/wp\/v2\/product_tag?post=222518"}],"curies":[{"name":"wp","href":"https:\/\/api.w.org\/{rel}","templated":true}]}}