{"id":222754,"date":"2024-08-07T10:56:06","date_gmt":"2024-08-07T17:56:06","guid":{"rendered":"https:\/\/glandine.com\/product\/ermanno-scervino-eleganter-brauner-leder-guertel-mit-schwarzer-metallschnalle\/"},"modified":"2024-11-30T11:24:10","modified_gmt":"2024-11-30T10:24:10","slug":"ermanno-scervino-eleganter-brauner-leder-guertel-mit-schwarzer-metallschnalle","status":"publish","type":"product","link":"https:\/\/tpmadalina42.supserv.cozmoslabs.com\/fi\/tuote-2\/ermanno-scervino-eleganter-brauner-leder-guertel-mit-schwarzer-metallschnalle\/","title":{"rendered":"Ermanno Scervino Eleganter brauner Leder-G\u00fcrtel mit schwarzer Metallschnalle"},"content":{"rendered":"<p>G\u00f6nnen Sie sich den Inbegriff von Raffinesse mit unserem atemberaubenden neuen Accessoire. Dieser 100% authentische, brandneue und markierte Ermanno Scervino Tailleng\u00fcrtel ist aus hochwertigem Leder in einem satten Braunton gefertigt. Sein schlankes Design wird durch eine schwarze Metallschnalle perfektioniert, die ein markantes Statement setzt. Dieser G\u00fcrtel ist ideal, um die Kleidung eines Gentleman aufzuwerten. Er verbindet nahtlos Luxus mit Funktionalit\u00e4t und ist stolz darauf, in Italien hergestellt zu werden. Eine exquisite Wahl f\u00fcr diejenigen, die einen anspruchsvollen Geschmack f\u00fcr Qualit\u00e4t und Stil haben.<\/p>\n<ul>\n<li>Materiaali: 100% nahka<\/li>\n<li>V\u00e4ri: Ruskea<\/li>\n<li>Alkuper\u00e4maa: SE<\/li>\n<li>Marke: Ermanno Scervino<\/li>\n<li>Logon yksityiskohdat<\/li>\n<\/ul>","protected":false},"excerpt":{"rendered":"<p>G\u00f6nnen Sie sich den Inbegriff von Raffinesse mit unserem atemberaubenden neuen Accessoire. Dieser 100% authentische, brandneue und markierte Ermanno Scervino Tailleng\u00fcrtel ist aus hochwertigem Leder in einem satten Braunton gefertigt. Sein schlankes Design wird durch eine schwarze Metallschnalle perfektioniert, die ein markantes Statement setzt. Dieser G\u00fcrtel ist ideal, um die Kleidung eines Gentleman aufzuwerten. Er [&hellip;]<\/p>","protected":false},"featured_media":222752,"template":"","meta":[],"product_brand":[1831],"product_cat":[1621,1631,1651],"product_tag":[],"class_list":{"0":"post-222754","1":"product","2":"type-product","3":"status-publish","4":"has-post-thumbnail","6":"product_brand-ermanno-scervino","7":"product_cat-accessoire","8":"product_cat-maenner-zubehoer","9":"product_cat-guertel","11":"first","12":"instock","13":"sale","14":"taxable","15":"shipping-taxable","16":"purchasable","17":"product-type-variable"},"_links":{"self":[{"href":"https:\/\/tpmadalina42.supserv.cozmoslabs.com\/fi\/wp-json\/wp\/v2\/product\/222754","targetHints":{"allow":["GET"]}}],"collection":[{"href":"https:\/\/tpmadalina42.supserv.cozmoslabs.com\/fi\/wp-json\/wp\/v2\/product"}],"about":[{"href":"https:\/\/tpmadalina42.supserv.cozmoslabs.com\/fi\/wp-json\/wp\/v2\/types\/product"}],"wp:featuredmedia":[{"embeddable":true,"href":"https:\/\/tpmadalina42.supserv.cozmoslabs.com\/fi\/wp-json\/wp\/v2\/media\/222752"}],"wp:attachment":[{"href":"https:\/\/tpmadalina42.supserv.cozmoslabs.com\/fi\/wp-json\/wp\/v2\/media?parent=222754"}],"wp:term":[{"taxonomy":"product_brand","embeddable":true,"href":"https:\/\/tpmadalina42.supserv.cozmoslabs.com\/fi\/wp-json\/wp\/v2\/product_brand?post=222754"},{"taxonomy":"product_cat","embeddable":true,"href":"https:\/\/tpmadalina42.supserv.cozmoslabs.com\/fi\/wp-json\/wp\/v2\/product_cat?post=222754"},{"taxonomy":"product_tag","embeddable":true,"href":"https:\/\/tpmadalina42.supserv.cozmoslabs.com\/fi\/wp-json\/wp\/v2\/product_tag?post=222754"}],"curies":[{"name":"wp","href":"https:\/\/api.w.org\/{rel}","templated":true}]}}