{"id":222989,"date":"2024-08-07T12:33:23","date_gmt":"2024-08-07T19:33:23","guid":{"rendered":"https:\/\/glandine.com\/product\/dolce-gabbana-eleganter-kalbsleder-spiegelhalter\/"},"modified":"2024-11-30T11:32:46","modified_gmt":"2024-11-30T10:32:46","slug":"dolce-gabbana-eleganter-kalbsleder-spiegelhalter","status":"publish","type":"product","link":"https:\/\/tpmadalina42.supserv.cozmoslabs.com\/fi\/tuote-2\/dolce-gabbana-eleganter-kalbsleder-spiegelhalter\/","title":{"rendered":"Dolce &amp; Gabbana Eleganter Kalbsleder-Spiegelhalter"},"content":{"rendered":"<p>G\u00f6nnen Sie sich die Essenz des Luxus mit diesem exquisiten Spiegelhalter aus dem renommierten Modehaus Dolce &amp; Gabbana. Das aus hochwertigem Kalbsleder gefertigte Accessoire verbindet Funktionalit\u00e4t mit Eleganz. Sein kompaktes Design mit einem Durchmesser von 7,5 cm ist perfekt, um sich unterwegs zu schminken. Mit dem ikonischen Logo versehen, ist dieser Halter nicht nur ein Gegenstand, sondern auch ein Statement der Raffinesse. Er ist eine ideale Erg\u00e4nzung zu Ihrer Designer-Kollektion und wird in Italien hergestellt, um h\u00f6chste Handwerkskunst zu gew\u00e4hrleisten.<\/p>\n<ul>\n<li>Farbe: Schwarz und Gr\u00fcn<\/li>\n<li>Materiaali: 100% vasikan nahka<\/li>\n<li>Durchmesser: 7,5 cm<\/li>\n<li>Alkuper\u00e4maa: SE<\/li>\n<li>Logon yksityiskohdat<\/li>\n<\/ul>","protected":false},"excerpt":{"rendered":"<p>G\u00f6nnen Sie sich die Essenz des Luxus mit diesem exquisiten Spiegelhalter aus dem renommierten Modehaus Dolce &amp; Gabbana. Das aus hochwertigem Kalbsleder gefertigte Accessoire verbindet Funktionalit\u00e4t mit Eleganz. Sein kompaktes Design mit einem Durchmesser von 7,5 cm ist perfekt, um sich unterwegs zu schminken. Mit dem ikonischen Logo versehen, ist dieser Halter nicht nur ein [&hellip;]<\/p>","protected":false},"featured_media":222985,"template":"","meta":[],"product_brand":[1620],"product_cat":[1621,1632,1683],"product_tag":[],"class_list":{"0":"post-222989","1":"product","2":"type-product","3":"status-publish","4":"has-post-thumbnail","6":"product_brand-dolce-gabbana","7":"product_cat-accessoire","8":"product_cat-frauen-zubehoer","9":"product_cat-andere-frauen-zubehoer","11":"first","12":"instock","13":"sale","14":"taxable","15":"shipping-taxable","16":"purchasable","17":"product-type-simple"},"_links":{"self":[{"href":"https:\/\/tpmadalina42.supserv.cozmoslabs.com\/fi\/wp-json\/wp\/v2\/product\/222989","targetHints":{"allow":["GET"]}}],"collection":[{"href":"https:\/\/tpmadalina42.supserv.cozmoslabs.com\/fi\/wp-json\/wp\/v2\/product"}],"about":[{"href":"https:\/\/tpmadalina42.supserv.cozmoslabs.com\/fi\/wp-json\/wp\/v2\/types\/product"}],"wp:featuredmedia":[{"embeddable":true,"href":"https:\/\/tpmadalina42.supserv.cozmoslabs.com\/fi\/wp-json\/wp\/v2\/media\/222985"}],"wp:attachment":[{"href":"https:\/\/tpmadalina42.supserv.cozmoslabs.com\/fi\/wp-json\/wp\/v2\/media?parent=222989"}],"wp:term":[{"taxonomy":"product_brand","embeddable":true,"href":"https:\/\/tpmadalina42.supserv.cozmoslabs.com\/fi\/wp-json\/wp\/v2\/product_brand?post=222989"},{"taxonomy":"product_cat","embeddable":true,"href":"https:\/\/tpmadalina42.supserv.cozmoslabs.com\/fi\/wp-json\/wp\/v2\/product_cat?post=222989"},{"taxonomy":"product_tag","embeddable":true,"href":"https:\/\/tpmadalina42.supserv.cozmoslabs.com\/fi\/wp-json\/wp\/v2\/product_tag?post=222989"}],"curies":[{"name":"wp","href":"https:\/\/api.w.org\/{rel}","templated":true}]}}