{"id":223680,"date":"2024-08-07T17:13:49","date_gmt":"2024-08-08T00:13:49","guid":{"rendered":"https:\/\/glandine.com\/product\/dolce-gabbana-elegante-schwarze-leder-winterhandschuhe\/"},"modified":"2024-11-30T12:22:28","modified_gmt":"2024-11-30T11:22:28","slug":"dolce-gabbana-elegante-schwarze-leder-winterhandschuhe","status":"publish","type":"product","link":"https:\/\/tpmadalina42.supserv.cozmoslabs.com\/fi\/tuote-2\/dolce-gabbana-elegante-schwarze-leder-winterhandschuhe\/","title":{"rendered":"Dolce &amp; Gabbana Tyylikk\u00e4\u00e4t mustat nahkaiset talvihanskat"},"content":{"rendered":"<p>Erleben Sie W\u00e4rme und Stil mit diesen wundersch\u00f6nen brandneuen, 100% authentischen Handschuhen von Dolce &amp; Gabbana. Entworfen, um Eleganz und Komfort w\u00e4hrend der k\u00fchleren Jahreszeiten zu bieten, sind sie eine schicke Erg\u00e4nzung zu jedem Outfit. Hergestellt in Italien, bieten diese Handschuhe einen Hauch von Luxus bei jedem Tragen.<\/p>\n<ul>\n<li>Materiaali: 100% nahka<\/li>\n<li>Alkuper\u00e4maa: Italia<\/li>\n<li>V\u00e4ri: Musta<\/li>\n<\/ul>","protected":false},"excerpt":{"rendered":"<p>Erleben Sie W\u00e4rme und Stil mit diesen wundersch\u00f6nen brandneuen, 100% authentischen Handschuhen von Dolce &amp; Gabbana. Entworfen, um Eleganz und Komfort w\u00e4hrend der k\u00fchleren Jahreszeiten zu bieten, sind sie eine schicke Erg\u00e4nzung zu jedem Outfit. Hergestellt in Italien, bieten diese Handschuhe einen Hauch von Luxus bei jedem Tragen. Material: 100% Leder Herkunftsland: Italien Farbe: Schwarz<\/p>","protected":false},"featured_media":223675,"template":"","meta":[],"product_brand":[1620],"product_cat":[1621,1631,1662],"product_tag":[],"class_list":{"0":"post-223680","1":"product","2":"type-product","3":"status-publish","4":"has-post-thumbnail","6":"product_brand-dolce-gabbana","7":"product_cat-accessoire","8":"product_cat-maenner-zubehoer","9":"product_cat-handschuhe","11":"first","12":"instock","13":"sale","14":"taxable","15":"shipping-taxable","16":"purchasable","17":"product-type-variable"},"_links":{"self":[{"href":"https:\/\/tpmadalina42.supserv.cozmoslabs.com\/fi\/wp-json\/wp\/v2\/product\/223680","targetHints":{"allow":["GET"]}}],"collection":[{"href":"https:\/\/tpmadalina42.supserv.cozmoslabs.com\/fi\/wp-json\/wp\/v2\/product"}],"about":[{"href":"https:\/\/tpmadalina42.supserv.cozmoslabs.com\/fi\/wp-json\/wp\/v2\/types\/product"}],"wp:featuredmedia":[{"embeddable":true,"href":"https:\/\/tpmadalina42.supserv.cozmoslabs.com\/fi\/wp-json\/wp\/v2\/media\/223675"}],"wp:attachment":[{"href":"https:\/\/tpmadalina42.supserv.cozmoslabs.com\/fi\/wp-json\/wp\/v2\/media?parent=223680"}],"wp:term":[{"taxonomy":"product_brand","embeddable":true,"href":"https:\/\/tpmadalina42.supserv.cozmoslabs.com\/fi\/wp-json\/wp\/v2\/product_brand?post=223680"},{"taxonomy":"product_cat","embeddable":true,"href":"https:\/\/tpmadalina42.supserv.cozmoslabs.com\/fi\/wp-json\/wp\/v2\/product_cat?post=223680"},{"taxonomy":"product_tag","embeddable":true,"href":"https:\/\/tpmadalina42.supserv.cozmoslabs.com\/fi\/wp-json\/wp\/v2\/product_tag?post=223680"}],"curies":[{"name":"wp","href":"https:\/\/api.w.org\/{rel}","templated":true}]}}