{"id":223710,"date":"2024-08-07T17:15:27","date_gmt":"2024-08-08T00:15:27","guid":{"rendered":"https:\/\/glandine.com\/product\/dolce-gabbana-schicker-rosa-schluesselanhaenger-mit-lederbesatz\/"},"modified":"2024-11-30T12:22:57","modified_gmt":"2024-11-30T11:22:57","slug":"dolce-gabbana-schicker-rosa-schluesselanhaenger-mit-lederbesatz","status":"publish","type":"product","link":"https:\/\/tpmadalina42.supserv.cozmoslabs.com\/fi\/tuote-2\/dolce-gabbana-schicker-rosa-schluesselanhaenger-mit-lederbesatz\/","title":{"rendered":"Dolce &amp; Gabbana Chic vaaleanpunainen avaimenper\u00e4 nahkareunuksella"},"content":{"rendered":"<p>G\u00f6nnen Sie sich einen Hauch von Luxus mit diesem umwerfenden Schl\u00fcsselanh\u00e4nger von Dolce &amp; Gabbana. Dieses Accessoire ist mehr als nur ein einfacher Schl\u00fcsselanh\u00e4nger, denn es verbindet Funktionalit\u00e4t mit High-Fashion. Er verf\u00fcgt \u00fcber eine robuste Konstruktion mit einem eleganten Messingring, der durch Metallbeschl\u00e4ge mit Logogravur erg\u00e4nzt wird. Ob Sie Ihre Schl\u00fcssel stilvoll zusammenhalten oder Ihrer Handtasche einen Hauch von Glamour verleihen wollen, dieser Schl\u00fcsselanh\u00e4nger ist ein unverzichtbares Accessoire f\u00fcr jede modebewusste Person.<\/p>\n<ul>\n<li>Material: 40% Silikon, 20% Zamak, 20% Stahl, 20% Leder<\/li>\n<li>V\u00e4ri: Pinkki<\/li>\n<li>Alkuper\u00e4maa: SE<\/li>\n<li>Schl\u00fcsselanh\u00e4nger mit Logodetails<\/li>\n<li>Valmistettu Italiassa<\/li>\n<\/ul>","protected":false},"excerpt":{"rendered":"<p>G\u00f6nnen Sie sich einen Hauch von Luxus mit diesem umwerfenden Schl\u00fcsselanh\u00e4nger von Dolce &amp; Gabbana. Dieses Accessoire ist mehr als nur ein einfacher Schl\u00fcsselanh\u00e4nger, denn es verbindet Funktionalit\u00e4t mit High-Fashion. Er verf\u00fcgt \u00fcber eine robuste Konstruktion mit einem eleganten Messingring, der durch Metallbeschl\u00e4ge mit Logogravur erg\u00e4nzt wird. Ob Sie Ihre Schl\u00fcssel stilvoll zusammenhalten oder Ihrer [&hellip;]<\/p>","protected":false},"featured_media":223707,"template":"","meta":[],"product_brand":[1620],"product_cat":[1621,1632,1673],"product_tag":[],"class_list":{"0":"post-223710","1":"product","2":"type-product","3":"status-publish","4":"has-post-thumbnail","6":"product_brand-dolce-gabbana","7":"product_cat-accessoire","8":"product_cat-frauen-zubehoer","9":"product_cat-schluesselanhaenger-frauen-zubehoer","11":"first","12":"instock","13":"sale","14":"taxable","15":"shipping-taxable","16":"purchasable","17":"product-type-simple"},"_links":{"self":[{"href":"https:\/\/tpmadalina42.supserv.cozmoslabs.com\/fi\/wp-json\/wp\/v2\/product\/223710","targetHints":{"allow":["GET"]}}],"collection":[{"href":"https:\/\/tpmadalina42.supserv.cozmoslabs.com\/fi\/wp-json\/wp\/v2\/product"}],"about":[{"href":"https:\/\/tpmadalina42.supserv.cozmoslabs.com\/fi\/wp-json\/wp\/v2\/types\/product"}],"wp:featuredmedia":[{"embeddable":true,"href":"https:\/\/tpmadalina42.supserv.cozmoslabs.com\/fi\/wp-json\/wp\/v2\/media\/223707"}],"wp:attachment":[{"href":"https:\/\/tpmadalina42.supserv.cozmoslabs.com\/fi\/wp-json\/wp\/v2\/media?parent=223710"}],"wp:term":[{"taxonomy":"product_brand","embeddable":true,"href":"https:\/\/tpmadalina42.supserv.cozmoslabs.com\/fi\/wp-json\/wp\/v2\/product_brand?post=223710"},{"taxonomy":"product_cat","embeddable":true,"href":"https:\/\/tpmadalina42.supserv.cozmoslabs.com\/fi\/wp-json\/wp\/v2\/product_cat?post=223710"},{"taxonomy":"product_tag","embeddable":true,"href":"https:\/\/tpmadalina42.supserv.cozmoslabs.com\/fi\/wp-json\/wp\/v2\/product_tag?post=223710"}],"curies":[{"name":"wp","href":"https:\/\/api.w.org\/{rel}","templated":true}]}}