{"id":223718,"date":"2024-08-07T17:16:03","date_gmt":"2024-08-08T00:16:03","guid":{"rendered":"https:\/\/glandine.com\/product\/dolce-gabbana-eleganter-schluesselanhaenger-aus-schwarzem-leder-mit-fuchsiafarbenem-akzent\/"},"modified":"2024-11-30T12:23:06","modified_gmt":"2024-11-30T11:23:06","slug":"dolce-gabbana-eleganter-schluesselanhaenger-aus-schwarzem-leder-mit-fuchsiafarbenem-akzent","status":"publish","type":"product","link":"https:\/\/tpmadalina42.supserv.cozmoslabs.com\/fi\/tuote-2\/dolce-gabbana-eleganter-schluesselanhaenger-aus-schwarzem-leder-mit-fuchsiafarbenem-akzent\/","title":{"rendered":"Dolce &amp; Gabbana Tyylik\u00e4s mustasta nahasta valmistettu avaimenper\u00e4, jossa on fuksiaa"},"content":{"rendered":"<p>Entdecken Sie den Inbegriff von Raffinesse mit diesem 100% authentischen Dolce &amp; Gabbana Leder Schl\u00fcsselanh\u00e4nger. Dieses exquisite Accessoire wurde entwickelt, um Ihren Alltagsgegenst\u00e4nden einen Hauch von Eleganz zu verleihen. Es verf\u00fcgt \u00fcber einen robusten Messingring, der durch Metallbeschl\u00e4ge mit Logogravur erg\u00e4nzt wird. Es ist nicht nur ein Schl\u00fcsselanh\u00e4nger, sondern ein Statement f\u00fcr Luxus und Stil, gefertigt im Herzen Italiens.<\/p>\n<ul>\n<li>Material: 70% Leder, 30% Echtmessing<\/li>\n<li>Farbe: Schwarz mit einem Fuchsia-Akzent<\/li>\n<li>L\u00e4nge: 16,5 cm<\/li>\n<li>Schl\u00fcsselanh\u00e4nger mit Logodetails<\/li>\n<li>Alkuper\u00e4maa: SE<\/li>\n<li>Valmistettu Italiassa<\/li>\n<\/ul>","protected":false},"excerpt":{"rendered":"<p>Entdecken Sie den Inbegriff von Raffinesse mit diesem 100% authentischen Dolce &amp; Gabbana Leder Schl\u00fcsselanh\u00e4nger. Dieses exquisite Accessoire wurde entwickelt, um Ihren Alltagsgegenst\u00e4nden einen Hauch von Eleganz zu verleihen. Es verf\u00fcgt \u00fcber einen robusten Messingring, der durch Metallbeschl\u00e4ge mit Logogravur erg\u00e4nzt wird. Es ist nicht nur ein Schl\u00fcsselanh\u00e4nger, sondern ein Statement f\u00fcr Luxus und Stil, [&hellip;]<\/p>","protected":false},"featured_media":223715,"template":"","meta":[],"product_brand":[1620],"product_cat":[1621,1632,1673],"product_tag":[],"class_list":{"0":"post-223718","1":"product","2":"type-product","3":"status-publish","4":"has-post-thumbnail","6":"product_brand-dolce-gabbana","7":"product_cat-accessoire","8":"product_cat-frauen-zubehoer","9":"product_cat-schluesselanhaenger-frauen-zubehoer","11":"first","12":"instock","13":"sale","14":"taxable","15":"shipping-taxable","16":"purchasable","17":"product-type-simple"},"_links":{"self":[{"href":"https:\/\/tpmadalina42.supserv.cozmoslabs.com\/fi\/wp-json\/wp\/v2\/product\/223718","targetHints":{"allow":["GET"]}}],"collection":[{"href":"https:\/\/tpmadalina42.supserv.cozmoslabs.com\/fi\/wp-json\/wp\/v2\/product"}],"about":[{"href":"https:\/\/tpmadalina42.supserv.cozmoslabs.com\/fi\/wp-json\/wp\/v2\/types\/product"}],"wp:featuredmedia":[{"embeddable":true,"href":"https:\/\/tpmadalina42.supserv.cozmoslabs.com\/fi\/wp-json\/wp\/v2\/media\/223715"}],"wp:attachment":[{"href":"https:\/\/tpmadalina42.supserv.cozmoslabs.com\/fi\/wp-json\/wp\/v2\/media?parent=223718"}],"wp:term":[{"taxonomy":"product_brand","embeddable":true,"href":"https:\/\/tpmadalina42.supserv.cozmoslabs.com\/fi\/wp-json\/wp\/v2\/product_brand?post=223718"},{"taxonomy":"product_cat","embeddable":true,"href":"https:\/\/tpmadalina42.supserv.cozmoslabs.com\/fi\/wp-json\/wp\/v2\/product_cat?post=223718"},{"taxonomy":"product_tag","embeddable":true,"href":"https:\/\/tpmadalina42.supserv.cozmoslabs.com\/fi\/wp-json\/wp\/v2\/product_tag?post=223718"}],"curies":[{"name":"wp","href":"https:\/\/api.w.org\/{rel}","templated":true}]}}