{"id":223805,"date":"2024-08-07T17:28:29","date_gmt":"2024-08-08T00:28:29","guid":{"rendered":"https:\/\/glandine.com\/product\/dolce-gabbana-daymaster-schnuersenkel-sneakers-mit-barocksohle\/"},"modified":"2024-10-18T02:21:45","modified_gmt":"2024-10-18T00:21:45","slug":"dolce-gabbana-daymaster-schnuersenkel-sneakers-mit-barocksohle","status":"publish","type":"product","link":"https:\/\/tpmadalina42.supserv.cozmoslabs.com\/fi\/tuote-2\/dolce-gabbana-daymaster-schnuersenkel-sneakers-mit-barocksohle\/","title":{"rendered":"Dolce &amp; Gabbana Daymaster Schn\u00fcrsenkel-Sneakers mit Barocksohle"},"content":{"rendered":"<p>Steigern Sie Ihr Stilspiel mit diesen lebhaften und exquisiten Daymaster Sneakers von Dolce &amp; Gabbana. Diese Sneakers, die High Fashion mit sportlicher Eleganz kombinieren, sind brandneu mit Etikett und garantieren 100 % Authentizit\u00e4t und tadellosen Stil. Mit einer einzigartigen Mischung von Materialien f\u00fcr Komfort und Haltbarkeit, zusammen mit einer auff\u00e4lligen Gummi-Barock-Sohle, versprechen sie eine luxuri\u00f6se Erg\u00e4nzung zu Ihrer Schuhkollektion zu sein. Diese Sneaker zum Schn\u00fcren zeigen das Engagement der Marke f\u00fcr hohe Handwerkskunst und sind daf\u00fcr gemacht, bei jedem Schritt aufzufallen.<\/p>\n<ul>\n<li>V\u00e4ri: Moniv\u00e4rinen<\/li>\n<li>Material: 50% Polyester, 20% Leder, 13% Viskose, 10% Baumwolle, 7% Acetat<\/li>\n<li>Pohja: kumia<\/li>\n<li>Alkuper\u00e4maa: Italia<\/li>\n<li>Logon yksityiskohdat<\/li>\n<\/ul>","protected":false},"excerpt":{"rendered":"<p>Steigern Sie Ihr Stilspiel mit diesen lebhaften und exquisiten Daymaster Sneakers von Dolce &amp; Gabbana. Diese Sneakers, die High Fashion mit sportlicher Eleganz kombinieren, sind brandneu mit Etikett und garantieren 100 % Authentizit\u00e4t und tadellosen Stil. Mit einer einzigartigen Mischung von Materialien f\u00fcr Komfort und Haltbarkeit, zusammen mit einer auff\u00e4lligen Gummi-Barock-Sohle, versprechen sie eine luxuri\u00f6se [&hellip;]<\/p>","protected":false},"featured_media":223797,"template":"","meta":[],"product_brand":[1620],"product_cat":[1635,1624,1703],"product_tag":[],"class_list":{"0":"post-223805","1":"product","2":"type-product","3":"status-publish","4":"has-post-thumbnail","6":"product_brand-dolce-gabbana","7":"product_cat-frauen-schuhe","8":"product_cat-schuhe","9":"product_cat-turnschuhe-frauen-schuhe","11":"first","12":"instock","13":"sale","14":"taxable","15":"shipping-taxable","16":"purchasable","17":"product-type-variable"},"_links":{"self":[{"href":"https:\/\/tpmadalina42.supserv.cozmoslabs.com\/fi\/wp-json\/wp\/v2\/product\/223805","targetHints":{"allow":["GET"]}}],"collection":[{"href":"https:\/\/tpmadalina42.supserv.cozmoslabs.com\/fi\/wp-json\/wp\/v2\/product"}],"about":[{"href":"https:\/\/tpmadalina42.supserv.cozmoslabs.com\/fi\/wp-json\/wp\/v2\/types\/product"}],"wp:featuredmedia":[{"embeddable":true,"href":"https:\/\/tpmadalina42.supserv.cozmoslabs.com\/fi\/wp-json\/wp\/v2\/media\/223797"}],"wp:attachment":[{"href":"https:\/\/tpmadalina42.supserv.cozmoslabs.com\/fi\/wp-json\/wp\/v2\/media?parent=223805"}],"wp:term":[{"taxonomy":"product_brand","embeddable":true,"href":"https:\/\/tpmadalina42.supserv.cozmoslabs.com\/fi\/wp-json\/wp\/v2\/product_brand?post=223805"},{"taxonomy":"product_cat","embeddable":true,"href":"https:\/\/tpmadalina42.supserv.cozmoslabs.com\/fi\/wp-json\/wp\/v2\/product_cat?post=223805"},{"taxonomy":"product_tag","embeddable":true,"href":"https:\/\/tpmadalina42.supserv.cozmoslabs.com\/fi\/wp-json\/wp\/v2\/product_tag?post=223805"}],"curies":[{"name":"wp","href":"https:\/\/api.w.org\/{rel}","templated":true}]}}