{"id":224000,"date":"2024-08-07T17:55:13","date_gmt":"2024-08-08T00:55:13","guid":{"rendered":"https:\/\/glandine.com\/product\/dolce-gabbana-elegante-schwarze-seidenfliege-16\/"},"modified":"2024-11-30T13:08:48","modified_gmt":"2024-11-30T12:08:48","slug":"dolce-gabbana-elegante-schwarze-seidenfliege-16","status":"publish","type":"product","link":"https:\/\/tpmadalina42.supserv.cozmoslabs.com\/fi\/tuote-2\/dolce-gabbana-elegante-schwarze-seidenfliege-16\/","title":{"rendered":"Dolce &amp; Gabbana Elegantti musta silkkirusetti"},"content":{"rendered":"<p>Der Inbegriff von Raffinesse trifft auf italienische Handwerkskunst mit dieser umwerfenden 100% authentischen schwarzen Fliege von Dolce &amp; Gabbana. Sie wertet jedes formelle Ensemble auf und verf\u00fcgt \u00fcber einen praktischen Metallverschluss in Form eines Hakens f\u00fcr einfaches Tragen. Diese Fliege ist eine perfekte Mischung aus Luxus und Zweckm\u00e4\u00dfigkeit und ein unverzichtbares Teil der exklusiven Dolce &amp; Gabbana-Kollektion, die mit viel Liebe zum Detail in Italien hergestellt wird.<\/p>\n<ul>\n<li>V\u00e4ri: Musta<\/li>\n<li>Materiaali: 100% silkki<\/li>\n<li>L\u00e4ngenverstellbares Nackenband, Einheitsgr\u00f6\u00dfe<\/li>\n<li>Logon yksityiskohdat<\/li>\n<li>Valmistettu Italiassa<\/li>\n<\/ul>","protected":false},"excerpt":{"rendered":"<p>Der Inbegriff von Raffinesse trifft auf italienische Handwerkskunst mit dieser umwerfenden 100% authentischen schwarzen Fliege von Dolce &amp; Gabbana. Sie wertet jedes formelle Ensemble auf und verf\u00fcgt \u00fcber einen praktischen Metallverschluss in Form eines Hakens f\u00fcr einfaches Tragen. Diese Fliege ist eine perfekte Mischung aus Luxus und Zweckm\u00e4\u00dfigkeit und ein unverzichtbares Teil der exklusiven Dolce [&hellip;]<\/p>","protected":false},"featured_media":223997,"template":"","meta":[],"product_brand":[1620],"product_cat":[1621,1631,1712],"product_tag":[],"class_list":{"0":"post-224000","1":"product","2":"type-product","3":"status-publish","4":"has-post-thumbnail","6":"product_brand-dolce-gabbana","7":"product_cat-accessoire","8":"product_cat-maenner-zubehoer","9":"product_cat-krawatten-fliegen","11":"first","12":"instock","13":"sale","14":"taxable","15":"shipping-taxable","16":"purchasable","17":"product-type-simple"},"_links":{"self":[{"href":"https:\/\/tpmadalina42.supserv.cozmoslabs.com\/fi\/wp-json\/wp\/v2\/product\/224000","targetHints":{"allow":["GET"]}}],"collection":[{"href":"https:\/\/tpmadalina42.supserv.cozmoslabs.com\/fi\/wp-json\/wp\/v2\/product"}],"about":[{"href":"https:\/\/tpmadalina42.supserv.cozmoslabs.com\/fi\/wp-json\/wp\/v2\/types\/product"}],"wp:featuredmedia":[{"embeddable":true,"href":"https:\/\/tpmadalina42.supserv.cozmoslabs.com\/fi\/wp-json\/wp\/v2\/media\/223997"}],"wp:attachment":[{"href":"https:\/\/tpmadalina42.supserv.cozmoslabs.com\/fi\/wp-json\/wp\/v2\/media?parent=224000"}],"wp:term":[{"taxonomy":"product_brand","embeddable":true,"href":"https:\/\/tpmadalina42.supserv.cozmoslabs.com\/fi\/wp-json\/wp\/v2\/product_brand?post=224000"},{"taxonomy":"product_cat","embeddable":true,"href":"https:\/\/tpmadalina42.supserv.cozmoslabs.com\/fi\/wp-json\/wp\/v2\/product_cat?post=224000"},{"taxonomy":"product_tag","embeddable":true,"href":"https:\/\/tpmadalina42.supserv.cozmoslabs.com\/fi\/wp-json\/wp\/v2\/product_tag?post=224000"}],"curies":[{"name":"wp","href":"https:\/\/api.w.org\/{rel}","templated":true}]}}