{"id":224423,"date":"2024-08-07T18:33:57","date_gmt":"2024-08-08T01:33:57","guid":{"rendered":"https:\/\/glandine.com\/product\/dolce-gabbana-opulente-seidenfliege-mit-polka-dot-fuer-maenner\/"},"modified":"2024-11-30T13:20:38","modified_gmt":"2024-11-30T12:20:38","slug":"dolce-gabbana-opulente-seidenfliege-mit-polka-dot-fuer-maenner","status":"publish","type":"product","link":"https:\/\/tpmadalina42.supserv.cozmoslabs.com\/fi\/tuote-2\/dolce-gabbana-opulente-seidenfliege-mit-polka-dot-fuer-maenner\/","title":{"rendered":"Dolce &amp; Gabbana Opulente Seidenfliege mit Polka Dot f\u00fcr M\u00e4nner"},"content":{"rendered":"<p>Steigern Sie Ihr Stilspiel mit dieser absolut atemberaubenden, 100% authentischen Fliege von Dolce &amp; Gabbana. Zeigen Sie Raffinesse mit ihrem eleganten grauen Polka-Dot-Design. Fachm\u00e4nnisch aus feinster Seide gefertigt, bietet sie sowohl Luxus als auch Komfort. Die Fliege verf\u00fcgt \u00fcber ein verstellbares Halsband, das eine perfekte Passform f\u00fcr jeden besonderen Anlass gew\u00e4hrleistet. Die Krawatte wird in Italien hergestellt und ist eine exquisite Erg\u00e4nzung f\u00fcr jede Herrengarderobe.<\/p>\n<ul>\n<li>Merkki: Dolce &amp; Gabbana<\/li>\n<li>Materiaali: 100% silkki<\/li>\n<li>V\u00e4ri: Harmaa<\/li>\n<li>Alkuper\u00e4maa: IT<\/li>\n<\/ul>","protected":false},"excerpt":{"rendered":"<p>Steigern Sie Ihr Stilspiel mit dieser absolut atemberaubenden, 100% authentischen Fliege von Dolce &amp; Gabbana. Zeigen Sie Raffinesse mit ihrem eleganten grauen Polka-Dot-Design. Fachm\u00e4nnisch aus feinster Seide gefertigt, bietet sie sowohl Luxus als auch Komfort. Die Fliege verf\u00fcgt \u00fcber ein verstellbares Halsband, das eine perfekte Passform f\u00fcr jeden besonderen Anlass gew\u00e4hrleistet. Die Krawatte wird in [&hellip;]<\/p>","protected":false},"featured_media":224419,"template":"","meta":[],"product_brand":[1620],"product_cat":[1621,1631,1712],"product_tag":[],"class_list":{"0":"post-224423","1":"product","2":"type-product","3":"status-publish","4":"has-post-thumbnail","6":"product_brand-dolce-gabbana","7":"product_cat-accessoire","8":"product_cat-maenner-zubehoer","9":"product_cat-krawatten-fliegen","11":"first","12":"instock","13":"sale","14":"taxable","15":"shipping-taxable","16":"purchasable","17":"product-type-simple"},"_links":{"self":[{"href":"https:\/\/tpmadalina42.supserv.cozmoslabs.com\/fi\/wp-json\/wp\/v2\/product\/224423","targetHints":{"allow":["GET"]}}],"collection":[{"href":"https:\/\/tpmadalina42.supserv.cozmoslabs.com\/fi\/wp-json\/wp\/v2\/product"}],"about":[{"href":"https:\/\/tpmadalina42.supserv.cozmoslabs.com\/fi\/wp-json\/wp\/v2\/types\/product"}],"wp:featuredmedia":[{"embeddable":true,"href":"https:\/\/tpmadalina42.supserv.cozmoslabs.com\/fi\/wp-json\/wp\/v2\/media\/224419"}],"wp:attachment":[{"href":"https:\/\/tpmadalina42.supserv.cozmoslabs.com\/fi\/wp-json\/wp\/v2\/media?parent=224423"}],"wp:term":[{"taxonomy":"product_brand","embeddable":true,"href":"https:\/\/tpmadalina42.supserv.cozmoslabs.com\/fi\/wp-json\/wp\/v2\/product_brand?post=224423"},{"taxonomy":"product_cat","embeddable":true,"href":"https:\/\/tpmadalina42.supserv.cozmoslabs.com\/fi\/wp-json\/wp\/v2\/product_cat?post=224423"},{"taxonomy":"product_tag","embeddable":true,"href":"https:\/\/tpmadalina42.supserv.cozmoslabs.com\/fi\/wp-json\/wp\/v2\/product_tag?post=224423"}],"curies":[{"name":"wp","href":"https:\/\/api.w.org\/{rel}","templated":true}]}}