{"id":224578,"date":"2024-08-07T18:47:00","date_gmt":"2024-08-08T01:47:00","guid":{"rendered":"https:\/\/glandine.com\/product\/dolce-gabbana-schicke-weisse-portofino-ledersneakers\/"},"modified":"2024-12-09T15:54:27","modified_gmt":"2024-12-09T14:54:27","slug":"dolce-gabbana-schicke-weisse-portofino-ledersneakers","status":"publish","type":"product","link":"https:\/\/tpmadalina42.supserv.cozmoslabs.com\/fi\/tuote-2\/dolce-gabbana-schicke-weisse-portofino-ledersneakers\/","title":{"rendered":"Dolce &amp; Gabbana Schicke wei\u00dfe Portofino-Ledersneakers"},"content":{"rendered":"<p>Gehen Sie stilvoll aus mit diesen umwerfenden wei\u00dfen Portofino Sneakers des renommierten Modehauses Dolce &amp; Gabbana. Diese neuen Kicks, komplett mit Anh\u00e4ngern, r\u00fchmen sich einer glatten und glatten Lederkonstruktion, die Eleganz mit jedem Schritt verk\u00f6rpert. Das Design zeichnet sich durch eine auff\u00e4llige rote Fersenlasche und ein markantes rotes LOVE-Patch aus, das stolz das Dolce &amp; Gabbana-Logo auf der Zunge tr\u00e4gt. Sie bieten nicht nur eine luxuri\u00f6se \u00c4sthetik, sondern werden auch in Italien mit \u00fcberlegener Handwerkskunst hergestellt, um sowohl Luxus als auch Haltbarkeit zu gew\u00e4hrleisten.<\/p>\n<ul>\n<li>V\u00e4ri: Valkoinen<\/li>\n<li>Materiaali: nahka<\/li>\n<li>Pohja: kumia<\/li>\n<li>Alkuper\u00e4maa: IT<\/li>\n<li>Logon yksityiskohdat<\/li>\n<\/ul>","protected":false},"excerpt":{"rendered":"<p>Gehen Sie stilvoll aus mit diesen umwerfenden wei\u00dfen Portofino Sneakers des renommierten Modehauses Dolce &amp; Gabbana. Diese neuen Kicks, komplett mit Anh\u00e4ngern, r\u00fchmen sich einer glatten und glatten Lederkonstruktion, die Eleganz mit jedem Schritt verk\u00f6rpert. Das Design zeichnet sich durch eine auff\u00e4llige rote Fersenlasche und ein markantes rotes LOVE-Patch aus, das stolz das Dolce &amp; [&hellip;]<\/p>","protected":false},"featured_media":224570,"template":"","meta":[],"product_brand":[1620],"product_cat":[1635,1624,1703],"product_tag":[],"class_list":{"0":"post-224578","1":"product","2":"type-product","3":"status-publish","4":"has-post-thumbnail","6":"product_brand-dolce-gabbana","7":"product_cat-frauen-schuhe","8":"product_cat-schuhe","9":"product_cat-turnschuhe-frauen-schuhe","11":"first","12":"instock","13":"sale","14":"taxable","15":"shipping-taxable","16":"purchasable","17":"product-type-variable"},"_links":{"self":[{"href":"https:\/\/tpmadalina42.supserv.cozmoslabs.com\/fi\/wp-json\/wp\/v2\/product\/224578","targetHints":{"allow":["GET"]}}],"collection":[{"href":"https:\/\/tpmadalina42.supserv.cozmoslabs.com\/fi\/wp-json\/wp\/v2\/product"}],"about":[{"href":"https:\/\/tpmadalina42.supserv.cozmoslabs.com\/fi\/wp-json\/wp\/v2\/types\/product"}],"wp:featuredmedia":[{"embeddable":true,"href":"https:\/\/tpmadalina42.supserv.cozmoslabs.com\/fi\/wp-json\/wp\/v2\/media\/224570"}],"wp:attachment":[{"href":"https:\/\/tpmadalina42.supserv.cozmoslabs.com\/fi\/wp-json\/wp\/v2\/media?parent=224578"}],"wp:term":[{"taxonomy":"product_brand","embeddable":true,"href":"https:\/\/tpmadalina42.supserv.cozmoslabs.com\/fi\/wp-json\/wp\/v2\/product_brand?post=224578"},{"taxonomy":"product_cat","embeddable":true,"href":"https:\/\/tpmadalina42.supserv.cozmoslabs.com\/fi\/wp-json\/wp\/v2\/product_cat?post=224578"},{"taxonomy":"product_tag","embeddable":true,"href":"https:\/\/tpmadalina42.supserv.cozmoslabs.com\/fi\/wp-json\/wp\/v2\/product_tag?post=224578"}],"curies":[{"name":"wp","href":"https:\/\/api.w.org\/{rel}","templated":true}]}}