{"id":224703,"date":"2024-08-07T18:56:54","date_gmt":"2024-08-08T01:56:54","guid":{"rendered":"https:\/\/glandine.com\/product\/dolce-gabbana-schicke-high-waist-denim-hot-pants-shorts\/"},"modified":"2024-11-30T13:25:00","modified_gmt":"2024-11-30T12:25:00","slug":"dolce-gabbana-schicke-high-waist-denim-hot-pants-shorts","status":"publish","type":"product","link":"https:\/\/tpmadalina42.supserv.cozmoslabs.com\/fi\/tuote-2\/dolce-gabbana-schicke-high-waist-denim-hot-pants-shorts\/","title":{"rendered":"Dolce &amp; Gabbana Schicke High Waist Denim Hot Pants Shorts"},"content":{"rendered":"<p>Starten Sie in die Sommersaison mit diesen atemberaubenden, brandneuen High Waist Denim Hot Pants von Dolce &amp; Gabbana. Diese Shorts sind der Inbegriff von italienischem Chic. Sie sind aus 100 % hochwertiger Baumwolle gefertigt und bestechen durch ihre leuchtend blaue Farbe. Mit einem bequemen Rei\u00dfverschluss und exquisiten Logodetails verk\u00f6rpern sie m\u00fchelosen Stil und Luxus &#8211; perfekt, um Ihre Garderobe f\u00fcr das warme Wetter aufzuwerten.<\/p>\n<ul>\n<li>Materiaali: 100% puuvilla<\/li>\n<li>V\u00e4ri: Sininen<\/li>\n<li>Alkuper\u00e4maa: IT<\/li>\n<li>Merkki: Dolce &amp; Gabbana<\/li>\n<\/ul>","protected":false},"excerpt":{"rendered":"<p>Starten Sie in die Sommersaison mit diesen atemberaubenden, brandneuen High Waist Denim Hot Pants von Dolce &amp; Gabbana. Diese Shorts sind der Inbegriff von italienischem Chic. Sie sind aus 100 % hochwertiger Baumwolle gefertigt und bestechen durch ihre leuchtend blaue Farbe. Mit einem bequemen Rei\u00dfverschluss und exquisiten Logodetails verk\u00f6rpern sie m\u00fchelosen Stil und Luxus &#8211; [&hellip;]<\/p>","protected":false},"featured_media":224698,"template":"","meta":[],"product_brand":[1620],"product_cat":[1637,1623,1698],"product_tag":[],"class_list":{"0":"post-224703","1":"product","2":"type-product","3":"status-publish","4":"has-post-thumbnail","6":"product_brand-dolce-gabbana","7":"product_cat-frauen-kleidung","8":"product_cat-kleidung","9":"product_cat-kurze-hosen-frauen-kleidung","11":"first","12":"instock","13":"sale","14":"taxable","15":"shipping-taxable","16":"purchasable","17":"product-type-variable"},"_links":{"self":[{"href":"https:\/\/tpmadalina42.supserv.cozmoslabs.com\/fi\/wp-json\/wp\/v2\/product\/224703","targetHints":{"allow":["GET"]}}],"collection":[{"href":"https:\/\/tpmadalina42.supserv.cozmoslabs.com\/fi\/wp-json\/wp\/v2\/product"}],"about":[{"href":"https:\/\/tpmadalina42.supserv.cozmoslabs.com\/fi\/wp-json\/wp\/v2\/types\/product"}],"wp:featuredmedia":[{"embeddable":true,"href":"https:\/\/tpmadalina42.supserv.cozmoslabs.com\/fi\/wp-json\/wp\/v2\/media\/224698"}],"wp:attachment":[{"href":"https:\/\/tpmadalina42.supserv.cozmoslabs.com\/fi\/wp-json\/wp\/v2\/media?parent=224703"}],"wp:term":[{"taxonomy":"product_brand","embeddable":true,"href":"https:\/\/tpmadalina42.supserv.cozmoslabs.com\/fi\/wp-json\/wp\/v2\/product_brand?post=224703"},{"taxonomy":"product_cat","embeddable":true,"href":"https:\/\/tpmadalina42.supserv.cozmoslabs.com\/fi\/wp-json\/wp\/v2\/product_cat?post=224703"},{"taxonomy":"product_tag","embeddable":true,"href":"https:\/\/tpmadalina42.supserv.cozmoslabs.com\/fi\/wp-json\/wp\/v2\/product_tag?post=224703"}],"curies":[{"name":"wp","href":"https:\/\/api.w.org\/{rel}","templated":true}]}}