{"id":224821,"date":"2024-08-07T19:05:17","date_gmt":"2024-08-08T02:05:17","guid":{"rendered":"https:\/\/glandine.com\/product\/dolce-gabbana-chic-multicolor-raffia-leder-schluesselanhaenger\/"},"modified":"2024-11-30T13:26:38","modified_gmt":"2024-11-30T12:26:38","slug":"dolce-gabbana-chic-multicolor-raffia-leder-schluesselanhaenger","status":"publish","type":"product","link":"https:\/\/tpmadalina42.supserv.cozmoslabs.com\/fi\/tuote-2\/dolce-gabbana-chic-multicolor-raffia-leder-schluesselanhaenger\/","title":{"rendered":"Dolce &amp; Gabbana Chic Moniv\u00e4rinen Raffia &amp; Nahkainen avaimenper\u00e4"},"content":{"rendered":"<p>Peppen Sie Ihre Accessoire-Kollektion mit diesem absolut atemberaubenden Schl\u00fcsselanh\u00e4nger aus der luxuri\u00f6sen MainLine-Kollektion von Dolce &amp; Gabbana auf. Er ist charmant und praktisch zugleich und zeigt ein lebhaftes Sizilien-Raffia-Motiv, das mit silbernen Metalldetails akzentuiert ist &#8211; perfekt, um Ihren t\u00e4glichen Utensilien einen Hauch von Glamour zu verleihen.<\/p>\n<ul>\n<li>Farbe: Multicolor mit roten Akzenten<\/li>\n<li>Motiv: SICILY-Raffia<\/li>\n<li>Material: 70% Raffia, 30% Leder<\/li>\n<li>Befestigung: Schl\u00fcsselring, Karabinerverschluss<\/li>\n<li>Logon yksityiskohdat<\/li>\n<li>Valmistettu Italiassa<\/li>\n<\/ul>","protected":false},"excerpt":{"rendered":"<p>Peppen Sie Ihre Accessoire-Kollektion mit diesem absolut atemberaubenden Schl\u00fcsselanh\u00e4nger aus der luxuri\u00f6sen MainLine-Kollektion von Dolce &amp; Gabbana auf. Er ist charmant und praktisch zugleich und zeigt ein lebhaftes Sizilien-Raffia-Motiv, das mit silbernen Metalldetails akzentuiert ist &#8211; perfekt, um Ihren t\u00e4glichen Utensilien einen Hauch von Glamour zu verleihen. Farbe: Multicolor mit roten Akzenten Motiv: SICILY-Raffia Material: [&hellip;]<\/p>","protected":false},"featured_media":224818,"template":"","meta":[],"product_brand":[1620],"product_cat":[1621,1632,1673],"product_tag":[],"class_list":{"0":"post-224821","1":"product","2":"type-product","3":"status-publish","4":"has-post-thumbnail","6":"product_brand-dolce-gabbana","7":"product_cat-accessoire","8":"product_cat-frauen-zubehoer","9":"product_cat-schluesselanhaenger-frauen-zubehoer","11":"first","12":"instock","13":"sale","14":"taxable","15":"shipping-taxable","16":"purchasable","17":"product-type-simple"},"_links":{"self":[{"href":"https:\/\/tpmadalina42.supserv.cozmoslabs.com\/fi\/wp-json\/wp\/v2\/product\/224821","targetHints":{"allow":["GET"]}}],"collection":[{"href":"https:\/\/tpmadalina42.supserv.cozmoslabs.com\/fi\/wp-json\/wp\/v2\/product"}],"about":[{"href":"https:\/\/tpmadalina42.supserv.cozmoslabs.com\/fi\/wp-json\/wp\/v2\/types\/product"}],"wp:featuredmedia":[{"embeddable":true,"href":"https:\/\/tpmadalina42.supserv.cozmoslabs.com\/fi\/wp-json\/wp\/v2\/media\/224818"}],"wp:attachment":[{"href":"https:\/\/tpmadalina42.supserv.cozmoslabs.com\/fi\/wp-json\/wp\/v2\/media?parent=224821"}],"wp:term":[{"taxonomy":"product_brand","embeddable":true,"href":"https:\/\/tpmadalina42.supserv.cozmoslabs.com\/fi\/wp-json\/wp\/v2\/product_brand?post=224821"},{"taxonomy":"product_cat","embeddable":true,"href":"https:\/\/tpmadalina42.supserv.cozmoslabs.com\/fi\/wp-json\/wp\/v2\/product_cat?post=224821"},{"taxonomy":"product_tag","embeddable":true,"href":"https:\/\/tpmadalina42.supserv.cozmoslabs.com\/fi\/wp-json\/wp\/v2\/product_tag?post=224821"}],"curies":[{"name":"wp","href":"https:\/\/api.w.org\/{rel}","templated":true}]}}