{"id":225820,"date":"2024-08-07T20:25:55","date_gmt":"2024-08-08T03:25:55","guid":{"rendered":"https:\/\/glandine.com\/product\/dolce-gabbana-schicker-karierter-langer-mantel-in-sunshine-yellow\/"},"modified":"2024-11-30T13:58:57","modified_gmt":"2024-11-30T12:58:57","slug":"dolce-gabbana-schicker-karierter-langer-mantel-in-sunshine-yellow","status":"publish","type":"product","link":"https:\/\/tpmadalina42.supserv.cozmoslabs.com\/fi\/tuote-2\/dolce-gabbana-schicker-karierter-langer-mantel-in-sunshine-yellow\/","title":{"rendered":"Dolce &amp; Gabbanan tyylik\u00e4s ruudullinen pitk\u00e4 takki auringonkeltaisena"},"content":{"rendered":"<p>Zeitlose Eleganz mit diesem atemberaubenden karierten langen Mantel von Dolce &amp; Gabbana. Dieser Mantel ist perfekt f\u00fcr die modebewusste Frau und besticht durch ein raffiniertes Muster, das durch einen leuchtenden Gelbton erg\u00e4nzt wird. Die pl\u00fcschige Stoffmischung sorgt f\u00fcr W\u00e4rme und Komfort, w\u00e4hrend die doppelten Brusttaschen und der 5-Knopf-Verschluss Funktionalit\u00e4t mit Stil verbinden. Der Mantel wurde in Italien mit viel Liebe zum Detail und hoher Handwerkskunst gefertigt und ist ein absolutes Muss f\u00fcr alle, die ihrer Garderobe einen Hauch von Luxus verleihen m\u00f6chten.<\/p>\n<ul>\n<li>V\u00e4ri: Keltainen<\/li>\n<li>Material: 27% Angora, 26% Polyester Film Fiber, 21% Wolle, 10% Nylon, 8% Schurwolle, 8% Mohair<\/li>\n<li>Alkuper\u00e4maa: Italia<\/li>\n<li>Einzelheiten zum Logo<\/li>\n<\/ul>","protected":false},"excerpt":{"rendered":"<p>Zeitlose Eleganz mit diesem atemberaubenden karierten langen Mantel von Dolce &amp; Gabbana. Dieser Mantel ist perfekt f\u00fcr die modebewusste Frau und besticht durch ein raffiniertes Muster, das durch einen leuchtenden Gelbton erg\u00e4nzt wird. Die pl\u00fcschige Stoffmischung sorgt f\u00fcr W\u00e4rme und Komfort, w\u00e4hrend die doppelten Brusttaschen und der 5-Knopf-Verschluss Funktionalit\u00e4t mit Stil verbinden. Der Mantel wurde [&hellip;]<\/p>","protected":false},"featured_media":225813,"template":"","meta":[],"product_brand":[1620],"product_cat":[1637,1670,1623],"product_tag":[],"class_list":{"0":"post-225820","1":"product","2":"type-product","3":"status-publish","4":"has-post-thumbnail","6":"product_brand-dolce-gabbana","7":"product_cat-frauen-kleidung","8":"product_cat-jacken-maentel","9":"product_cat-kleidung","11":"first","12":"instock","13":"sale","14":"taxable","15":"shipping-taxable","16":"purchasable","17":"product-type-variable"},"_links":{"self":[{"href":"https:\/\/tpmadalina42.supserv.cozmoslabs.com\/fi\/wp-json\/wp\/v2\/product\/225820","targetHints":{"allow":["GET"]}}],"collection":[{"href":"https:\/\/tpmadalina42.supserv.cozmoslabs.com\/fi\/wp-json\/wp\/v2\/product"}],"about":[{"href":"https:\/\/tpmadalina42.supserv.cozmoslabs.com\/fi\/wp-json\/wp\/v2\/types\/product"}],"wp:featuredmedia":[{"embeddable":true,"href":"https:\/\/tpmadalina42.supserv.cozmoslabs.com\/fi\/wp-json\/wp\/v2\/media\/225813"}],"wp:attachment":[{"href":"https:\/\/tpmadalina42.supserv.cozmoslabs.com\/fi\/wp-json\/wp\/v2\/media?parent=225820"}],"wp:term":[{"taxonomy":"product_brand","embeddable":true,"href":"https:\/\/tpmadalina42.supserv.cozmoslabs.com\/fi\/wp-json\/wp\/v2\/product_brand?post=225820"},{"taxonomy":"product_cat","embeddable":true,"href":"https:\/\/tpmadalina42.supserv.cozmoslabs.com\/fi\/wp-json\/wp\/v2\/product_cat?post=225820"},{"taxonomy":"product_tag","embeddable":true,"href":"https:\/\/tpmadalina42.supserv.cozmoslabs.com\/fi\/wp-json\/wp\/v2\/product_tag?post=225820"}],"curies":[{"name":"wp","href":"https:\/\/api.w.org\/{rel}","templated":true}]}}