{"id":225842,"date":"2024-08-07T20:27:40","date_gmt":"2024-08-08T03:27:40","guid":{"rendered":"https:\/\/glandine.com\/product\/dolce-gabbana-elegante-ponchojacke-mit-bueffelkaro\/"},"modified":"2024-11-30T13:59:13","modified_gmt":"2024-11-30T12:59:13","slug":"dolce-gabbana-elegante-ponchojacke-mit-bueffelkaro","status":"publish","type":"product","link":"https:\/\/tpmadalina42.supserv.cozmoslabs.com\/fi\/tuote-2\/dolce-gabbana-elegante-ponchojacke-mit-bueffelkaro\/","title":{"rendered":"Dolce &amp; Gabbana Elegantti ponchotakki, jossa on puhveli ruutu"},"content":{"rendered":"<p>G\u00f6nnen Sie sich italienischen Luxus mit dieser auff\u00e4lligen Poncho-Jacke <strong>Kirjailija: Dolce &amp; Gabbana<\/strong>, die ein auff\u00e4lliges B\u00fcffelkaro-Muster aufweist. Dieses mit viel Liebe zum Detail gefertigte St\u00fcck verk\u00f6rpert hochwertige Handwerkskunst und exklusiven Stil, um Ihre Garderobe mit einem Hauch von Opulenz aufzuwerten. Perfekt, um jedem Ensemble einen Hauch von Raffinesse zu verleihen, ist diese Jacke ein Muss f\u00fcr alle, die modische Finesse zu sch\u00e4tzen wissen.<\/p>\n<ul>\n<li>Farbe: Schwarz und Rot<\/li>\n<li>Material: 30% Polyester-Filmfaser, 23% Angora, 22% Nylon, 17% Mohair, 8% Wolle<\/li>\n<li>Istuvuus: Normaali<\/li>\n<li>Logon yksityiskohdat<\/li>\n<li>Valmistettu Italiassa<\/li>\n<\/ul>","protected":false},"excerpt":{"rendered":"<p>G\u00f6nnen Sie sich italienischen Luxus mit dieser auff\u00e4lligen Poncho-Jacke von Dolce &amp; Gabbana, die ein auff\u00e4lliges B\u00fcffelkaro-Muster aufweist. Dieses mit viel Liebe zum Detail gefertigte St\u00fcck verk\u00f6rpert hochwertige Handwerkskunst und exklusiven Stil, um Ihre Garderobe mit einem Hauch von Opulenz aufzuwerten. Perfekt, um jedem Ensemble einen Hauch von Raffinesse zu verleihen, ist diese Jacke ein [&hellip;]<\/p>","protected":false},"featured_media":225834,"template":"","meta":[],"product_brand":[1620],"product_cat":[1637,1670,1623],"product_tag":[],"class_list":{"0":"post-225842","1":"product","2":"type-product","3":"status-publish","4":"has-post-thumbnail","6":"product_brand-dolce-gabbana","7":"product_cat-frauen-kleidung","8":"product_cat-jacken-maentel","9":"product_cat-kleidung","11":"first","12":"instock","13":"sale","14":"taxable","15":"shipping-taxable","16":"purchasable","17":"product-type-variable"},"_links":{"self":[{"href":"https:\/\/tpmadalina42.supserv.cozmoslabs.com\/fi\/wp-json\/wp\/v2\/product\/225842","targetHints":{"allow":["GET"]}}],"collection":[{"href":"https:\/\/tpmadalina42.supserv.cozmoslabs.com\/fi\/wp-json\/wp\/v2\/product"}],"about":[{"href":"https:\/\/tpmadalina42.supserv.cozmoslabs.com\/fi\/wp-json\/wp\/v2\/types\/product"}],"wp:featuredmedia":[{"embeddable":true,"href":"https:\/\/tpmadalina42.supserv.cozmoslabs.com\/fi\/wp-json\/wp\/v2\/media\/225834"}],"wp:attachment":[{"href":"https:\/\/tpmadalina42.supserv.cozmoslabs.com\/fi\/wp-json\/wp\/v2\/media?parent=225842"}],"wp:term":[{"taxonomy":"product_brand","embeddable":true,"href":"https:\/\/tpmadalina42.supserv.cozmoslabs.com\/fi\/wp-json\/wp\/v2\/product_brand?post=225842"},{"taxonomy":"product_cat","embeddable":true,"href":"https:\/\/tpmadalina42.supserv.cozmoslabs.com\/fi\/wp-json\/wp\/v2\/product_cat?post=225842"},{"taxonomy":"product_tag","embeddable":true,"href":"https:\/\/tpmadalina42.supserv.cozmoslabs.com\/fi\/wp-json\/wp\/v2\/product_tag?post=225842"}],"curies":[{"name":"wp","href":"https:\/\/api.w.org\/{rel}","templated":true}]}}