{"id":225852,"date":"2024-08-07T20:28:14","date_gmt":"2024-08-08T03:28:14","guid":{"rendered":"https:\/\/glandine.com\/product\/dolce-gabbana-eleganter-doppelreihiger-blazer-aus-baumwolle-und-seide\/"},"modified":"2024-11-30T13:59:20","modified_gmt":"2024-11-30T12:59:20","slug":"dolce-gabbana-eleganter-doppelreihiger-blazer-aus-baumwolle-und-seide","status":"publish","type":"product","link":"https:\/\/tpmadalina42.supserv.cozmoslabs.com\/fi\/tuote-2\/dolce-gabbana-eleganter-doppelreihiger-blazer-aus-baumwolle-und-seide\/","title":{"rendered":"Dolce &amp; Gabbana Elegantti kaksirivinen bleiseri puuvillaa ja silkki\u00e4."},"content":{"rendered":"<p>Der schwarze Blazer von Dolce &amp; Gabbana ist ein luxuri\u00f6ses Modell, das perfekt geschnitten ist. Dieser zweireihige Mantel ist eine Mischung aus Raffinesse und modernem Stil und ist ein Muss f\u00fcr jede modebewusste Garderobe. Mit exquisiten Details wie dem Knopfverschluss auf der Vorderseite, den praktischen Taschen auf der Vorderseite und den langen \u00c4rmeln werden Sie bei jedem Anlass Eleganz ausstrahlen.<\/p>\n<p>Das in Italien mit hoher Handwerkskunst gefertigte Modell verspricht nicht nur eine schlanke Silhouette, sondern bietet mit seiner sorgf\u00e4ltig ausgew\u00e4hlten Stoffzusammensetzung auch einen angenehmen Tragekomfort. Perfekt zum \u00dcberziehen \u00fcber die Abendgarderobe oder zum Aufpeppen eines Tagesensembles.<\/p>\n<ul>\n<li>V\u00e4ri: Musta<\/li>\n<li>Material: 78% Baumwolle, 20% Seide, 2% Elasthan<\/li>\n<li>Innenfutter: 97% Polyester, 3% Elastan<\/li>\n<li>Alkuper\u00e4maa: Italia<\/li>\n<li>Logon yksityiskohdat<\/li>\n<\/ul>","protected":false},"excerpt":{"rendered":"<p>Der schwarze Blazer von Dolce &amp; Gabbana ist ein luxuri\u00f6ses Modell, das perfekt geschnitten ist. Dieser zweireihige Mantel ist eine Mischung aus Raffinesse und modernem Stil und ist ein Muss f\u00fcr jede modebewusste Garderobe. Mit exquisiten Details wie dem Knopfverschluss auf der Vorderseite, den praktischen Taschen auf der Vorderseite und den langen \u00c4rmeln werden Sie [&hellip;]<\/p>","protected":false},"featured_media":225845,"template":"","meta":[],"product_brand":[1620],"product_cat":[1637,1670,1623],"product_tag":[],"class_list":{"0":"post-225852","1":"product","2":"type-product","3":"status-publish","4":"has-post-thumbnail","6":"product_brand-dolce-gabbana","7":"product_cat-frauen-kleidung","8":"product_cat-jacken-maentel","9":"product_cat-kleidung","11":"first","12":"instock","13":"sale","14":"taxable","15":"shipping-taxable","16":"purchasable","17":"product-type-variable"},"_links":{"self":[{"href":"https:\/\/tpmadalina42.supserv.cozmoslabs.com\/fi\/wp-json\/wp\/v2\/product\/225852","targetHints":{"allow":["GET"]}}],"collection":[{"href":"https:\/\/tpmadalina42.supserv.cozmoslabs.com\/fi\/wp-json\/wp\/v2\/product"}],"about":[{"href":"https:\/\/tpmadalina42.supserv.cozmoslabs.com\/fi\/wp-json\/wp\/v2\/types\/product"}],"wp:featuredmedia":[{"embeddable":true,"href":"https:\/\/tpmadalina42.supserv.cozmoslabs.com\/fi\/wp-json\/wp\/v2\/media\/225845"}],"wp:attachment":[{"href":"https:\/\/tpmadalina42.supserv.cozmoslabs.com\/fi\/wp-json\/wp\/v2\/media?parent=225852"}],"wp:term":[{"taxonomy":"product_brand","embeddable":true,"href":"https:\/\/tpmadalina42.supserv.cozmoslabs.com\/fi\/wp-json\/wp\/v2\/product_brand?post=225852"},{"taxonomy":"product_cat","embeddable":true,"href":"https:\/\/tpmadalina42.supserv.cozmoslabs.com\/fi\/wp-json\/wp\/v2\/product_cat?post=225852"},{"taxonomy":"product_tag","embeddable":true,"href":"https:\/\/tpmadalina42.supserv.cozmoslabs.com\/fi\/wp-json\/wp\/v2\/product_tag?post=225852"}],"curies":[{"name":"wp","href":"https:\/\/api.w.org\/{rel}","templated":true}]}}