{"id":226047,"date":"2024-08-07T20:41:23","date_gmt":"2024-08-08T03:41:23","guid":{"rendered":"https:\/\/glandine.com\/product\/dolce-gabbana-elegantes-gestricktes-minikleid-mit-hahnentrittmuster\/"},"modified":"2024-11-30T14:02:50","modified_gmt":"2024-11-30T13:02:50","slug":"dolce-gabbana-elegantes-gestricktes-minikleid-mit-hahnentrittmuster","status":"publish","type":"product","link":"https:\/\/tpmadalina42.supserv.cozmoslabs.com\/fi\/tuote-2\/dolce-gabbana-elegantes-gestricktes-minikleid-mit-hahnentrittmuster\/","title":{"rendered":"Dolce &amp; Gabbana Elegantti neulottu minimekko, jossa on sudenpentukuviointi"},"content":{"rendered":"<p>Entdecken Sie Luxus mit einem Hauch von zeitloser Eleganz mit diesem atemberaubenden Minikleid mit Hahnentrittmuster von Dolce &amp; Gabbana. Es ist aus einer hochwertigen Schurwollmischung gefertigt und setzt bei jeder Veranstaltung ein Statement. Die schicke gr\u00fcne Farbe und die schmeichelhafte Silhouette sorgen f\u00fcr einen opulenten und stilvollen Look. Der sichere Rei\u00dfverschluss und das kultige Logodetail machen dieses Kleidungsst\u00fcck zu einem Must-have und zeigen italienische Handwerkskunst vom Feinsten.<\/p>\n<ul>\n<li>V\u00e4ri: Vihre\u00e4<\/li>\n<li>Material: 92% Schurwolle 8% Nylon<\/li>\n<li>Futter: 97% Polyester 3% Elastan<\/li>\n<li>Alkuper\u00e4maa: IT<\/li>\n<\/ul>","protected":false},"excerpt":{"rendered":"<p>Entdecken Sie Luxus mit einem Hauch von zeitloser Eleganz mit diesem atemberaubenden Minikleid mit Hahnentrittmuster von Dolce &amp; Gabbana. Es ist aus einer hochwertigen Schurwollmischung gefertigt und setzt bei jeder Veranstaltung ein Statement. Die schicke gr\u00fcne Farbe und die schmeichelhafte Silhouette sorgen f\u00fcr einen opulenten und stilvollen Look. Der sichere Rei\u00dfverschluss und das kultige Logodetail [&hellip;]<\/p>","protected":false},"featured_media":226041,"template":"","meta":[],"product_brand":[1620],"product_cat":[1637,1659,1623],"product_tag":[],"class_list":{"0":"post-226047","1":"product","2":"type-product","3":"status-publish","4":"has-post-thumbnail","6":"product_brand-dolce-gabbana","7":"product_cat-frauen-kleidung","8":"product_cat-kleider","9":"product_cat-kleidung","11":"first","12":"instock","13":"sale","14":"taxable","15":"shipping-taxable","16":"purchasable","17":"product-type-variable"},"_links":{"self":[{"href":"https:\/\/tpmadalina42.supserv.cozmoslabs.com\/fi\/wp-json\/wp\/v2\/product\/226047","targetHints":{"allow":["GET"]}}],"collection":[{"href":"https:\/\/tpmadalina42.supserv.cozmoslabs.com\/fi\/wp-json\/wp\/v2\/product"}],"about":[{"href":"https:\/\/tpmadalina42.supserv.cozmoslabs.com\/fi\/wp-json\/wp\/v2\/types\/product"}],"wp:featuredmedia":[{"embeddable":true,"href":"https:\/\/tpmadalina42.supserv.cozmoslabs.com\/fi\/wp-json\/wp\/v2\/media\/226041"}],"wp:attachment":[{"href":"https:\/\/tpmadalina42.supserv.cozmoslabs.com\/fi\/wp-json\/wp\/v2\/media?parent=226047"}],"wp:term":[{"taxonomy":"product_brand","embeddable":true,"href":"https:\/\/tpmadalina42.supserv.cozmoslabs.com\/fi\/wp-json\/wp\/v2\/product_brand?post=226047"},{"taxonomy":"product_cat","embeddable":true,"href":"https:\/\/tpmadalina42.supserv.cozmoslabs.com\/fi\/wp-json\/wp\/v2\/product_cat?post=226047"},{"taxonomy":"product_tag","embeddable":true,"href":"https:\/\/tpmadalina42.supserv.cozmoslabs.com\/fi\/wp-json\/wp\/v2\/product_tag?post=226047"}],"curies":[{"name":"wp","href":"https:\/\/api.w.org\/{rel}","templated":true}]}}