{"id":226064,"date":"2024-08-07T20:42:38","date_gmt":"2024-08-08T03:42:38","guid":{"rendered":"https:\/\/glandine.com\/product\/dolce-gabbana-elegantes-gebluemtes-minikleid-mit-pailletten\/"},"modified":"2024-11-30T14:03:10","modified_gmt":"2024-11-30T13:03:10","slug":"dolce-gabbana-elegantes-gebluemtes-minikleid-mit-pailletten","status":"publish","type":"product","link":"https:\/\/tpmadalina42.supserv.cozmoslabs.com\/fi\/tuote-2\/dolce-gabbana-elegantes-gebluemtes-minikleid-mit-pailletten\/","title":{"rendered":"Dolce &amp; Gabbana Elegantes gebl\u00fcmtes Minikleid mit Pailletten"},"content":{"rendered":"<p>Tauchen Sie ein in die Welt des Luxus mit diesem paillettenbesetzten Minikleid <strong>Kirjailija: Dolce &amp; Gabbana<\/strong>, mit dem Sie einen glanzvollen Auftritt hinlegen. Das in Italien gefertigte Kleid zeichnet sich durch ein kompliziertes, mehrfarbiges Blumendesign aus, das hochwertige Handwerkskunst und Exklusivit\u00e4t ausstrahlt. K\u00fchn und wundersch\u00f6n, wird es das Herzst\u00fcck Ihrer Abendgarderobe sein. Das Kleid ist mit einem praktischen Rei\u00dfverschluss und dezenten Logodetails ausgestattet, die auf das luxuri\u00f6se Erbe der Marke hinweisen.<\/p>\n<ul>\n<li>V\u00e4ri: Moniv\u00e4rinen<\/li>\n<li>Material: 94% Polyester, 6% Seide<\/li>\n<li>Futter: 94% Seide, 6% Elastan<\/li>\n<li>Alkuper\u00e4maa: IT<\/li>\n<\/ul>","protected":false},"excerpt":{"rendered":"<p>Tauchen Sie ein in die Welt des Luxus mit diesem paillettenbesetzten Minikleid von Dolce &amp; Gabbana, mit dem Sie einen glanzvollen Auftritt hinlegen. Das in Italien gefertigte Kleid zeichnet sich durch ein kompliziertes, mehrfarbiges Blumendesign aus, das hochwertige Handwerkskunst und Exklusivit\u00e4t ausstrahlt. K\u00fchn und wundersch\u00f6n, wird es das Herzst\u00fcck Ihrer Abendgarderobe sein. Das Kleid ist [&hellip;]<\/p>","protected":false},"featured_media":226059,"template":"","meta":[],"product_brand":[1620],"product_cat":[1637,1659,1623],"product_tag":[],"class_list":{"0":"post-226064","1":"product","2":"type-product","3":"status-publish","4":"has-post-thumbnail","6":"product_brand-dolce-gabbana","7":"product_cat-frauen-kleidung","8":"product_cat-kleider","9":"product_cat-kleidung","11":"first","12":"instock","13":"sale","14":"taxable","15":"shipping-taxable","16":"purchasable","17":"product-type-variable"},"_links":{"self":[{"href":"https:\/\/tpmadalina42.supserv.cozmoslabs.com\/fi\/wp-json\/wp\/v2\/product\/226064","targetHints":{"allow":["GET"]}}],"collection":[{"href":"https:\/\/tpmadalina42.supserv.cozmoslabs.com\/fi\/wp-json\/wp\/v2\/product"}],"about":[{"href":"https:\/\/tpmadalina42.supserv.cozmoslabs.com\/fi\/wp-json\/wp\/v2\/types\/product"}],"wp:featuredmedia":[{"embeddable":true,"href":"https:\/\/tpmadalina42.supserv.cozmoslabs.com\/fi\/wp-json\/wp\/v2\/media\/226059"}],"wp:attachment":[{"href":"https:\/\/tpmadalina42.supserv.cozmoslabs.com\/fi\/wp-json\/wp\/v2\/media?parent=226064"}],"wp:term":[{"taxonomy":"product_brand","embeddable":true,"href":"https:\/\/tpmadalina42.supserv.cozmoslabs.com\/fi\/wp-json\/wp\/v2\/product_brand?post=226064"},{"taxonomy":"product_cat","embeddable":true,"href":"https:\/\/tpmadalina42.supserv.cozmoslabs.com\/fi\/wp-json\/wp\/v2\/product_cat?post=226064"},{"taxonomy":"product_tag","embeddable":true,"href":"https:\/\/tpmadalina42.supserv.cozmoslabs.com\/fi\/wp-json\/wp\/v2\/product_tag?post=226064"}],"curies":[{"name":"wp","href":"https:\/\/api.w.org\/{rel}","templated":true}]}}