{"id":226377,"date":"2024-08-07T21:01:21","date_gmt":"2024-08-08T04:01:21","guid":{"rendered":"https:\/\/glandine.com\/product\/dolce-gabbana-elegante-jogginghose-aus-schwarzer-baumwollmischung\/"},"modified":"2024-11-30T13:54:11","modified_gmt":"2024-11-30T12:54:11","slug":"dolce-gabbana-elegante-jogginghose-aus-schwarzer-baumwollmischung","status":"publish","type":"product","link":"https:\/\/tpmadalina42.supserv.cozmoslabs.com\/fi\/tuote-2\/dolce-gabbana-elegante-jogginghose-aus-schwarzer-baumwollmischung\/","title":{"rendered":"Dolce &amp; Gabbana Elegante Jogginghose aus schwarzer Baumwollmischung"},"content":{"rendered":"<p>Definieren Sie Komfort und Stil mit dieser luxuri\u00f6sen schwarzen Jogginghose von Dolce &amp; Gabbana, die perfekt f\u00fcr Ihre Freizeitgarderobe ist. Sie ist aus einer hochwertigen Baumwollmischung gefertigt und verf\u00fcgt \u00fcber einen elastischen Bund, einen eleganten Kordelzug und ist mit dem ikonischen Logo verziert, das italienische Handwerkskunst verk\u00f6rpert.<\/p>\n<ul>\n<li>Material: 88% Baumwolle, 6% Polyester, 4% Nylon, 2% Elasthan<\/li>\n<li>V\u00e4ri: Musta<\/li>\n<li>Elastische Taille und Kordelzugverschluss<\/li>\n<li>Logon yksityiskohdat<\/li>\n<li>Valmistettu Italiassa<\/li>\n<li>Alkuper\u00e4maa: IT<\/li>\n<\/ul>","protected":false},"excerpt":{"rendered":"<p>Definieren Sie Komfort und Stil mit dieser luxuri\u00f6sen schwarzen Jogginghose von Dolce &amp; Gabbana, die perfekt f\u00fcr Ihre Freizeitgarderobe ist. Sie ist aus einer hochwertigen Baumwollmischung gefertigt und verf\u00fcgt \u00fcber einen elastischen Bund, einen eleganten Kordelzug und ist mit dem ikonischen Logo verziert, das italienische Handwerkskunst verk\u00f6rpert. Material: 88% Baumwolle, 6% Polyester, 4% Nylon, 2% [&hellip;]<\/p>","protected":false},"featured_media":226372,"template":"","meta":[],"product_brand":[1620],"product_cat":[1633,1671,1623],"product_tag":[],"class_list":{"0":"post-226377","1":"product","2":"type-product","3":"status-publish","4":"has-post-thumbnail","6":"product_brand-dolce-gabbana","7":"product_cat-maenner-kleidung","8":"product_cat-jeans-hosen","9":"product_cat-kleidung","11":"first","12":"instock","13":"sale","14":"taxable","15":"shipping-taxable","16":"purchasable","17":"product-type-variable"},"_links":{"self":[{"href":"https:\/\/tpmadalina42.supserv.cozmoslabs.com\/fi\/wp-json\/wp\/v2\/product\/226377","targetHints":{"allow":["GET"]}}],"collection":[{"href":"https:\/\/tpmadalina42.supserv.cozmoslabs.com\/fi\/wp-json\/wp\/v2\/product"}],"about":[{"href":"https:\/\/tpmadalina42.supserv.cozmoslabs.com\/fi\/wp-json\/wp\/v2\/types\/product"}],"wp:featuredmedia":[{"embeddable":true,"href":"https:\/\/tpmadalina42.supserv.cozmoslabs.com\/fi\/wp-json\/wp\/v2\/media\/226372"}],"wp:attachment":[{"href":"https:\/\/tpmadalina42.supserv.cozmoslabs.com\/fi\/wp-json\/wp\/v2\/media?parent=226377"}],"wp:term":[{"taxonomy":"product_brand","embeddable":true,"href":"https:\/\/tpmadalina42.supserv.cozmoslabs.com\/fi\/wp-json\/wp\/v2\/product_brand?post=226377"},{"taxonomy":"product_cat","embeddable":true,"href":"https:\/\/tpmadalina42.supserv.cozmoslabs.com\/fi\/wp-json\/wp\/v2\/product_cat?post=226377"},{"taxonomy":"product_tag","embeddable":true,"href":"https:\/\/tpmadalina42.supserv.cozmoslabs.com\/fi\/wp-json\/wp\/v2\/product_tag?post=226377"}],"curies":[{"name":"wp","href":"https:\/\/api.w.org\/{rel}","templated":true}]}}