{"id":226386,"date":"2024-08-07T21:02:02","date_gmt":"2024-08-08T04:02:02","guid":{"rendered":"https:\/\/glandine.com\/product\/dolce-gabbana-sunshine-chic-aermelloses-midikleid\/"},"modified":"2024-11-30T13:56:07","modified_gmt":"2024-11-30T12:56:07","slug":"dolce-gabbana-sunshine-chic-aermelloses-midikleid","status":"publish","type":"product","link":"https:\/\/tpmadalina42.supserv.cozmoslabs.com\/fi\/tuote-2\/dolce-gabbana-sunshine-chic-aermelloses-midikleid\/","title":{"rendered":"Dolce &amp; Gabbana Sunshine Chic \u00c4rmelloses Midikleid"},"content":{"rendered":"<p>Genie\u00dfen Sie den Glanz sonniger Tage mit diesem exquisiten Sunshine Chic \u00e4rmellosen Midikleid. Dieses auff\u00e4llige St\u00fcck von Dolce &amp; Gabbana ist perfekt f\u00fcr alle, die Eleganz mit modernen Silhouetten verbinden m\u00f6chten. Seine Bodycon-Struktur schmeichelt Ihrer Figur, w\u00e4hrend der leuchtende Gelbton daf\u00fcr sorgt, dass Sie in jeder Menge auffallen. Das in Italien gefertigte Modell verspricht mit seiner feinen Materialmischung Komfort und Stil und ist damit die ideale Wahl f\u00fcr verschiedene Anl\u00e4sse.<\/p>\n<ul>\n<li>V\u00e4ri: Keltainen<\/li>\n<li>Material: 76% Polyester, 13% Viskose, 6% Elasthan, 5% Seide<\/li>\n<li>Alkuper\u00e4maa: IT<\/li>\n<\/ul>","protected":false},"excerpt":{"rendered":"<p>Genie\u00dfen Sie den Glanz sonniger Tage mit diesem exquisiten Sunshine Chic \u00e4rmellosen Midikleid. Dieses auff\u00e4llige St\u00fcck von Dolce &amp; Gabbana ist perfekt f\u00fcr alle, die Eleganz mit modernen Silhouetten verbinden m\u00f6chten. Seine Bodycon-Struktur schmeichelt Ihrer Figur, w\u00e4hrend der leuchtende Gelbton daf\u00fcr sorgt, dass Sie in jeder Menge auffallen. Das in Italien gefertigte Modell verspricht mit [&hellip;]<\/p>","protected":false},"featured_media":226380,"template":"","meta":[],"product_brand":[1620],"product_cat":[1637,1659,1623],"product_tag":[],"class_list":{"0":"post-226386","1":"product","2":"type-product","3":"status-publish","4":"has-post-thumbnail","6":"product_brand-dolce-gabbana","7":"product_cat-frauen-kleidung","8":"product_cat-kleider","9":"product_cat-kleidung","11":"first","12":"instock","13":"sale","14":"taxable","15":"shipping-taxable","16":"purchasable","17":"product-type-variable"},"_links":{"self":[{"href":"https:\/\/tpmadalina42.supserv.cozmoslabs.com\/fi\/wp-json\/wp\/v2\/product\/226386","targetHints":{"allow":["GET"]}}],"collection":[{"href":"https:\/\/tpmadalina42.supserv.cozmoslabs.com\/fi\/wp-json\/wp\/v2\/product"}],"about":[{"href":"https:\/\/tpmadalina42.supserv.cozmoslabs.com\/fi\/wp-json\/wp\/v2\/types\/product"}],"wp:featuredmedia":[{"embeddable":true,"href":"https:\/\/tpmadalina42.supserv.cozmoslabs.com\/fi\/wp-json\/wp\/v2\/media\/226380"}],"wp:attachment":[{"href":"https:\/\/tpmadalina42.supserv.cozmoslabs.com\/fi\/wp-json\/wp\/v2\/media?parent=226386"}],"wp:term":[{"taxonomy":"product_brand","embeddable":true,"href":"https:\/\/tpmadalina42.supserv.cozmoslabs.com\/fi\/wp-json\/wp\/v2\/product_brand?post=226386"},{"taxonomy":"product_cat","embeddable":true,"href":"https:\/\/tpmadalina42.supserv.cozmoslabs.com\/fi\/wp-json\/wp\/v2\/product_cat?post=226386"},{"taxonomy":"product_tag","embeddable":true,"href":"https:\/\/tpmadalina42.supserv.cozmoslabs.com\/fi\/wp-json\/wp\/v2\/product_tag?post=226386"}],"curies":[{"name":"wp","href":"https:\/\/api.w.org\/{rel}","templated":true}]}}