{"id":226850,"date":"2024-08-07T21:42:15","date_gmt":"2024-08-08T04:42:15","guid":{"rendered":"https:\/\/glandine.com\/product\/dolce-gabbana-eleganter-floraler-minirock-mit-hoher-taille\/"},"modified":"2024-11-30T14:15:30","modified_gmt":"2024-11-30T13:15:30","slug":"dolce-gabbana-eleganter-floraler-minirock-mit-hoher-taille","status":"publish","type":"product","link":"https:\/\/tpmadalina42.supserv.cozmoslabs.com\/fi\/tuote-2\/dolce-gabbana-eleganter-floraler-minirock-mit-hoher-taille\/","title":{"rendered":"Dolce &amp; Gabbana Eleganter floraler Minirock mit hoher Taille"},"content":{"rendered":"<p>G\u00f6nnen Sie sich den Inbegriff von Luxusmode mit diesem exquisiten Minirock <strong>Kirjailija: Dolce &amp; Gabbana<\/strong>. Der Rock ist ein Meisterwerk der Handwerkskunst und besticht durch sein schickes zweifarbiges Blumendesign, mit dem Sie garantiert alle Blicke auf sich ziehen werden. Der hoch taillierte Schnitt schmeichelt Ihrer Silhouette, w\u00e4hrend der elegante, ausgestellte Stil Ihrer Garderobe einen Hauch von Weiblichkeit verleiht. Der Rock ist vollst\u00e4ndig gef\u00fcttert und verf\u00fcgt \u00fcber einen nahtlosen Rei\u00dfverschluss und dezente Hakenverschl\u00fcsse f\u00fcr einen eleganten Look. Dieser in Italien gefertigte Rock verk\u00f6rpert die Raffinesse und den Stil, f\u00fcr den Dolce &amp; Gabbana bekannt ist.<\/p>\n<ul>\n<li>Farbe: Schwarz und Wei\u00df mit Blumendruck<\/li>\n<li>Material: 32% Acetat, 28% Polyester, 19% Baumwolle, 11% Seide, 5% Nylon, 5% Acryl, 2% Viskose<\/li>\n<li>Innenfutter: 97% Polyester, 3% Elastan<\/li>\n<li>Alkuper\u00e4maa: IT<\/li>\n<\/ul>","protected":false},"excerpt":{"rendered":"<p>G\u00f6nnen Sie sich den Inbegriff von Luxusmode mit diesem exquisiten Minirock von Dolce &amp; Gabbana. Der Rock ist ein Meisterwerk der Handwerkskunst und besticht durch sein schickes zweifarbiges Blumendesign, mit dem Sie garantiert alle Blicke auf sich ziehen werden. Der hoch taillierte Schnitt schmeichelt Ihrer Silhouette, w\u00e4hrend der elegante, ausgestellte Stil Ihrer Garderobe einen Hauch [&hellip;]<\/p>","protected":false},"featured_media":226845,"template":"","meta":[],"product_brand":[1620],"product_cat":[1637,1623,1699],"product_tag":[],"class_list":{"0":"post-226850","1":"product","2":"type-product","3":"status-publish","4":"has-post-thumbnail","6":"product_brand-dolce-gabbana","7":"product_cat-frauen-kleidung","8":"product_cat-kleidung","9":"product_cat-roecke","11":"first","12":"instock","13":"sale","14":"taxable","15":"shipping-taxable","16":"purchasable","17":"product-type-variable"},"_links":{"self":[{"href":"https:\/\/tpmadalina42.supserv.cozmoslabs.com\/fi\/wp-json\/wp\/v2\/product\/226850","targetHints":{"allow":["GET"]}}],"collection":[{"href":"https:\/\/tpmadalina42.supserv.cozmoslabs.com\/fi\/wp-json\/wp\/v2\/product"}],"about":[{"href":"https:\/\/tpmadalina42.supserv.cozmoslabs.com\/fi\/wp-json\/wp\/v2\/types\/product"}],"wp:featuredmedia":[{"embeddable":true,"href":"https:\/\/tpmadalina42.supserv.cozmoslabs.com\/fi\/wp-json\/wp\/v2\/media\/226845"}],"wp:attachment":[{"href":"https:\/\/tpmadalina42.supserv.cozmoslabs.com\/fi\/wp-json\/wp\/v2\/media?parent=226850"}],"wp:term":[{"taxonomy":"product_brand","embeddable":true,"href":"https:\/\/tpmadalina42.supserv.cozmoslabs.com\/fi\/wp-json\/wp\/v2\/product_brand?post=226850"},{"taxonomy":"product_cat","embeddable":true,"href":"https:\/\/tpmadalina42.supserv.cozmoslabs.com\/fi\/wp-json\/wp\/v2\/product_cat?post=226850"},{"taxonomy":"product_tag","embeddable":true,"href":"https:\/\/tpmadalina42.supserv.cozmoslabs.com\/fi\/wp-json\/wp\/v2\/product_tag?post=226850"}],"curies":[{"name":"wp","href":"https:\/\/api.w.org\/{rel}","templated":true}]}}