{"id":227306,"date":"2024-08-07T22:32:24","date_gmt":"2024-08-08T05:32:24","guid":{"rendered":"https:\/\/glandine.com\/product\/dolce-gabbana-elegantes-gebluemtes-etuikleid-2\/"},"modified":"2024-11-30T14:24:31","modified_gmt":"2024-11-30T13:24:31","slug":"dolce-gabbana-elegantes-gebluemtes-etuikleid-2","status":"publish","type":"product","link":"https:\/\/tpmadalina42.supserv.cozmoslabs.com\/fi\/tuote-2\/dolce-gabbana-elegantes-gebluemtes-etuikleid-2\/","title":{"rendered":"Dolce &amp; Gabbana Tyylik\u00e4s kukkakuvioinen tuppimekko"},"content":{"rendered":"<p>Umarmen Sie zeitlose Eleganz mit diesem wundersch\u00f6nen New-with-Tags floralen Etuikleid von Dolce &amp; Gabbana, perfekt f\u00fcr Ihre n\u00e4chste gehobene Veranstaltung. Mit einer eleganten schwarzen Farbe und einer exquisiten Mischung von Stoffen, ist dieses Kleid zugeschnitten, um Ihre Silhouette zu akzentuieren, mit einem klassischen R\u00fcckenrei\u00dfverschluss und dem luxuri\u00f6sen Touch, der f\u00fcr hohe italienische Handwerkskunst steht.<\/p>\n<ul>\n<li>V\u00e4ri: Musta<\/li>\n<li>Material: 87% Nylon, 8% Elastan, 5% Seide<\/li>\n<li>Futter: 92% Nylon, 8% Elastan<\/li>\n<li>Alkuper\u00e4maa: IT<\/li>\n<li>Logon yksityiskohdat<\/li>\n<li>Valmistettu Italiassa<\/li>\n<\/ul>","protected":false},"excerpt":{"rendered":"<p>Umarmen Sie zeitlose Eleganz mit diesem wundersch\u00f6nen New-with-Tags floralen Etuikleid von Dolce &amp; Gabbana, perfekt f\u00fcr Ihre n\u00e4chste gehobene Veranstaltung. Mit einer eleganten schwarzen Farbe und einer exquisiten Mischung von Stoffen, ist dieses Kleid zugeschnitten, um Ihre Silhouette zu akzentuieren, mit einem klassischen R\u00fcckenrei\u00dfverschluss und dem luxuri\u00f6sen Touch, der f\u00fcr hohe italienische Handwerkskunst steht. Farbe: [&hellip;]<\/p>","protected":false},"featured_media":227299,"template":"","meta":[],"product_brand":[1620],"product_cat":[1637,1659,1623],"product_tag":[],"class_list":{"0":"post-227306","1":"product","2":"type-product","3":"status-publish","4":"has-post-thumbnail","6":"product_brand-dolce-gabbana","7":"product_cat-frauen-kleidung","8":"product_cat-kleider","9":"product_cat-kleidung","11":"first","12":"instock","13":"sale","14":"taxable","15":"shipping-taxable","16":"purchasable","17":"product-type-variable"},"_links":{"self":[{"href":"https:\/\/tpmadalina42.supserv.cozmoslabs.com\/fi\/wp-json\/wp\/v2\/product\/227306","targetHints":{"allow":["GET"]}}],"collection":[{"href":"https:\/\/tpmadalina42.supserv.cozmoslabs.com\/fi\/wp-json\/wp\/v2\/product"}],"about":[{"href":"https:\/\/tpmadalina42.supserv.cozmoslabs.com\/fi\/wp-json\/wp\/v2\/types\/product"}],"wp:featuredmedia":[{"embeddable":true,"href":"https:\/\/tpmadalina42.supserv.cozmoslabs.com\/fi\/wp-json\/wp\/v2\/media\/227299"}],"wp:attachment":[{"href":"https:\/\/tpmadalina42.supserv.cozmoslabs.com\/fi\/wp-json\/wp\/v2\/media?parent=227306"}],"wp:term":[{"taxonomy":"product_brand","embeddable":true,"href":"https:\/\/tpmadalina42.supserv.cozmoslabs.com\/fi\/wp-json\/wp\/v2\/product_brand?post=227306"},{"taxonomy":"product_cat","embeddable":true,"href":"https:\/\/tpmadalina42.supserv.cozmoslabs.com\/fi\/wp-json\/wp\/v2\/product_cat?post=227306"},{"taxonomy":"product_tag","embeddable":true,"href":"https:\/\/tpmadalina42.supserv.cozmoslabs.com\/fi\/wp-json\/wp\/v2\/product_tag?post=227306"}],"curies":[{"name":"wp","href":"https:\/\/api.w.org\/{rel}","templated":true}]}}