{"id":227381,"date":"2024-08-07T22:39:18","date_gmt":"2024-08-08T05:39:18","guid":{"rendered":"https:\/\/glandine.com\/product\/dolce-gabbana-elegantes-seidenkleid-mit-kristallverzierungen\/"},"modified":"2024-11-30T14:25:35","modified_gmt":"2024-11-30T13:25:35","slug":"dolce-gabbana-elegantes-seidenkleid-mit-kristallverzierungen","status":"publish","type":"product","link":"https:\/\/tpmadalina42.supserv.cozmoslabs.com\/fi\/tuote-2\/dolce-gabbana-elegantes-seidenkleid-mit-kristallverzierungen\/","title":{"rendered":"Dolce &amp; Gabbana Elegantes Seidenkleid mit Kristallverzierungen"},"content":{"rendered":"<p>Tauchen Sie ein in eine Welt des Luxus mit diesem exquisiten Kleid in A-Linie von Dolce &amp; Gabbana. Dieses Kleid f\u00fcr die anspruchsvolle Frau besticht durch einen lebhaften Blumenprint, der durch schimmernde Kristallverzierungen erg\u00e4nzt wird. Der elegante Rei\u00dfverschluss am R\u00fccken sorgt f\u00fcr eine nahtlose Silhouette, w\u00e4hrend die hochwertige Mischung aus 89% Seide und 11% Elastan sowohl Komfort als auch Stil bietet. Das mit viel Liebe zum Detail in Italien gefertigte Kleid ist ein Beweis f\u00fcr das Engagement der Marke f\u00fcr hohe Handwerkskunst.<\/p>\n<p>V\u00e4ri: Moniv\u00e4rinen<br \/>Material: 89% Seide, 11% Elastan<br \/>Alkuper\u00e4maa: IT<br \/>Logon yksityiskohdat<\/p>","protected":false},"excerpt":{"rendered":"<p>Tauchen Sie ein in eine Welt des Luxus mit diesem exquisiten Kleid in A-Linie von Dolce &amp; Gabbana. Dieses Kleid f\u00fcr die anspruchsvolle Frau besticht durch einen lebhaften Blumenprint, der durch schimmernde Kristallverzierungen erg\u00e4nzt wird. Der elegante Rei\u00dfverschluss am R\u00fccken sorgt f\u00fcr eine nahtlose Silhouette, w\u00e4hrend die hochwertige Mischung aus 89% Seide und 11% Elastan [&hellip;]<\/p>","protected":false},"featured_media":227374,"template":"","meta":[],"product_brand":[1620],"product_cat":[1637,1659,1623],"product_tag":[],"class_list":{"0":"post-227381","1":"product","2":"type-product","3":"status-publish","4":"has-post-thumbnail","6":"product_brand-dolce-gabbana","7":"product_cat-frauen-kleidung","8":"product_cat-kleider","9":"product_cat-kleidung","11":"first","12":"instock","13":"sale","14":"taxable","15":"shipping-taxable","16":"purchasable","17":"product-type-variable"},"_links":{"self":[{"href":"https:\/\/tpmadalina42.supserv.cozmoslabs.com\/fi\/wp-json\/wp\/v2\/product\/227381","targetHints":{"allow":["GET"]}}],"collection":[{"href":"https:\/\/tpmadalina42.supserv.cozmoslabs.com\/fi\/wp-json\/wp\/v2\/product"}],"about":[{"href":"https:\/\/tpmadalina42.supserv.cozmoslabs.com\/fi\/wp-json\/wp\/v2\/types\/product"}],"wp:featuredmedia":[{"embeddable":true,"href":"https:\/\/tpmadalina42.supserv.cozmoslabs.com\/fi\/wp-json\/wp\/v2\/media\/227374"}],"wp:attachment":[{"href":"https:\/\/tpmadalina42.supserv.cozmoslabs.com\/fi\/wp-json\/wp\/v2\/media?parent=227381"}],"wp:term":[{"taxonomy":"product_brand","embeddable":true,"href":"https:\/\/tpmadalina42.supserv.cozmoslabs.com\/fi\/wp-json\/wp\/v2\/product_brand?post=227381"},{"taxonomy":"product_cat","embeddable":true,"href":"https:\/\/tpmadalina42.supserv.cozmoslabs.com\/fi\/wp-json\/wp\/v2\/product_cat?post=227381"},{"taxonomy":"product_tag","embeddable":true,"href":"https:\/\/tpmadalina42.supserv.cozmoslabs.com\/fi\/wp-json\/wp\/v2\/product_tag?post=227381"}],"curies":[{"name":"wp","href":"https:\/\/api.w.org\/{rel}","templated":true}]}}