{"id":227412,"date":"2024-08-07T22:42:01","date_gmt":"2024-08-08T05:42:01","guid":{"rendered":"https:\/\/glandine.com\/product\/dolce-gabbana-elegantes-aermelloses-kleid-aus-einer-seidenmischung-in-a-linie\/"},"modified":"2024-11-30T14:26:38","modified_gmt":"2024-11-30T13:26:38","slug":"dolce-gabbana-elegantes-aermelloses-kleid-aus-einer-seidenmischung-in-a-linie","status":"publish","type":"product","link":"https:\/\/tpmadalina42.supserv.cozmoslabs.com\/fi\/tuote-2\/dolce-gabbana-elegantes-aermelloses-kleid-aus-einer-seidenmischung-in-a-linie\/","title":{"rendered":"Dolce &amp; Gabbana Elegantes \u00e4rmelloses Kleid aus einer Seidenmischung in A-Linie"},"content":{"rendered":"<p>Entdecken Sie Eleganz und Raffinesse mit unserem atemberaubenden \u00e4rmellosen langen Kleid in A-Linie, das mit einem fesselnden Bananenblatt-Print versehen ist. Dieses luxuri\u00f6se Kleidungsst\u00fcck aus einer hochwertigen Seidenmischung ist ein Beweis f\u00fcr die exquisite Handwerkskunst und den Stil, der f\u00fcr Dolce &amp; Gabbana steht. Perfekt f\u00fcr besondere Anl\u00e4sse, strahlt es einen zeitlosen Charme aus, der garantiert f\u00fcr Aufsehen sorgt.<\/p>\n<ul>\n<li>Material: 80% Seide, 20% Nylon<\/li>\n<li>Sis\u00e4vuori: 100% nylonia<\/li>\n<li>V\u00e4ri: Vihre\u00e4<\/li>\n<li>Alkuper\u00e4maa: Italia<\/li>\n<li>Merkki: Dolce &amp; Gabbana<\/li>\n<li>Vetoketjukiinnitys<\/li>\n<li>Logon yksityiskohdat<\/li>\n<\/ul>","protected":false},"excerpt":{"rendered":"<p>Entdecken Sie Eleganz und Raffinesse mit unserem atemberaubenden \u00e4rmellosen langen Kleid in A-Linie, das mit einem fesselnden Bananenblatt-Print versehen ist. Dieses luxuri\u00f6se Kleidungsst\u00fcck aus einer hochwertigen Seidenmischung ist ein Beweis f\u00fcr die exquisite Handwerkskunst und den Stil, der f\u00fcr Dolce &amp; Gabbana steht. Perfekt f\u00fcr besondere Anl\u00e4sse, strahlt es einen zeitlosen Charme aus, der garantiert [&hellip;]<\/p>","protected":false},"featured_media":227405,"template":"","meta":[],"product_brand":[1620],"product_cat":[1637,1659,1623],"product_tag":[],"class_list":{"0":"post-227412","1":"product","2":"type-product","3":"status-publish","4":"has-post-thumbnail","6":"product_brand-dolce-gabbana","7":"product_cat-frauen-kleidung","8":"product_cat-kleider","9":"product_cat-kleidung","11":"first","12":"instock","13":"sale","14":"taxable","15":"shipping-taxable","16":"purchasable","17":"product-type-variable"},"_links":{"self":[{"href":"https:\/\/tpmadalina42.supserv.cozmoslabs.com\/fi\/wp-json\/wp\/v2\/product\/227412","targetHints":{"allow":["GET"]}}],"collection":[{"href":"https:\/\/tpmadalina42.supserv.cozmoslabs.com\/fi\/wp-json\/wp\/v2\/product"}],"about":[{"href":"https:\/\/tpmadalina42.supserv.cozmoslabs.com\/fi\/wp-json\/wp\/v2\/types\/product"}],"wp:featuredmedia":[{"embeddable":true,"href":"https:\/\/tpmadalina42.supserv.cozmoslabs.com\/fi\/wp-json\/wp\/v2\/media\/227405"}],"wp:attachment":[{"href":"https:\/\/tpmadalina42.supserv.cozmoslabs.com\/fi\/wp-json\/wp\/v2\/media?parent=227412"}],"wp:term":[{"taxonomy":"product_brand","embeddable":true,"href":"https:\/\/tpmadalina42.supserv.cozmoslabs.com\/fi\/wp-json\/wp\/v2\/product_brand?post=227412"},{"taxonomy":"product_cat","embeddable":true,"href":"https:\/\/tpmadalina42.supserv.cozmoslabs.com\/fi\/wp-json\/wp\/v2\/product_cat?post=227412"},{"taxonomy":"product_tag","embeddable":true,"href":"https:\/\/tpmadalina42.supserv.cozmoslabs.com\/fi\/wp-json\/wp\/v2\/product_tag?post=227412"}],"curies":[{"name":"wp","href":"https:\/\/api.w.org\/{rel}","templated":true}]}}