{"id":227508,"date":"2024-08-07T22:52:14","date_gmt":"2024-08-08T05:52:14","guid":{"rendered":"https:\/\/glandine.com\/product\/dolce-gabbana-elegantes-maxikleid-aus-gebluemter-seide\/"},"modified":"2024-11-30T14:29:31","modified_gmt":"2024-11-30T13:29:31","slug":"dolce-gabbana-elegantes-maxikleid-aus-gebluemter-seide","status":"publish","type":"product","link":"https:\/\/tpmadalina42.supserv.cozmoslabs.com\/fi\/tuote-2\/dolce-gabbana-elegantes-maxikleid-aus-gebluemter-seide\/","title":{"rendered":"Dolce &amp; Gabbana Elegantes Maxikleid aus gebl\u00fcmter Seide"},"content":{"rendered":"<p>Genie\u00dfen Sie den Fr\u00fchling mit diesem exquisiten Maxikleid mit Blumenmuster von Dolce &amp; Gabbana. Es wurde in Italien aus feinster 100%iger Seide gefertigt und verf\u00fcgt \u00fcber einen eleganten R\u00fcschenbesatz sowie einen diskreten, verdeckten Haken- und Rei\u00dfverschluss auf der R\u00fcckseite, der eine nahtlose und schmeichelhafte Passform gew\u00e4hrleistet. Der leuchtende Mehrfarbendruck l\u00e4sst Sie in jeder Menge auffallen, w\u00e4hrend das luxuri\u00f6se Seidenfutter ganzt\u00e4gigen Tragekomfort verspricht. Mit dezenten Logodetails verziert, verk\u00f6rpert dieses Kleid die prestigetr\u00e4chtige Handwerkskunst von Dolce &amp; Gabbana.<\/p>\n<ul>\n<li>Materiaali: 100% silkki<\/li>\n<li>V\u00e4ri: Moniv\u00e4rinen<\/li>\n<li>Sis\u00e4vuori: 100% silkki<\/li>\n<li>Alkuper\u00e4maa: IT<\/li>\n<li>Logon yksityiskohdat<\/li>\n<\/ul>","protected":false},"excerpt":{"rendered":"<p>Genie\u00dfen Sie den Fr\u00fchling mit diesem exquisiten Maxikleid mit Blumenmuster von Dolce &amp; Gabbana. Es wurde in Italien aus feinster 100%iger Seide gefertigt und verf\u00fcgt \u00fcber einen eleganten R\u00fcschenbesatz sowie einen diskreten, verdeckten Haken- und Rei\u00dfverschluss auf der R\u00fcckseite, der eine nahtlose und schmeichelhafte Passform gew\u00e4hrleistet. Der leuchtende Mehrfarbendruck l\u00e4sst Sie in jeder Menge auffallen, [&hellip;]<\/p>","protected":false},"featured_media":227500,"template":"","meta":[],"product_brand":[1620],"product_cat":[1637,1659,1623],"product_tag":[],"class_list":{"0":"post-227508","1":"product","2":"type-product","3":"status-publish","4":"has-post-thumbnail","6":"product_brand-dolce-gabbana","7":"product_cat-frauen-kleidung","8":"product_cat-kleider","9":"product_cat-kleidung","11":"first","12":"instock","13":"sale","14":"taxable","15":"shipping-taxable","16":"purchasable","17":"product-type-variable"},"_links":{"self":[{"href":"https:\/\/tpmadalina42.supserv.cozmoslabs.com\/fi\/wp-json\/wp\/v2\/product\/227508","targetHints":{"allow":["GET"]}}],"collection":[{"href":"https:\/\/tpmadalina42.supserv.cozmoslabs.com\/fi\/wp-json\/wp\/v2\/product"}],"about":[{"href":"https:\/\/tpmadalina42.supserv.cozmoslabs.com\/fi\/wp-json\/wp\/v2\/types\/product"}],"wp:featuredmedia":[{"embeddable":true,"href":"https:\/\/tpmadalina42.supserv.cozmoslabs.com\/fi\/wp-json\/wp\/v2\/media\/227500"}],"wp:attachment":[{"href":"https:\/\/tpmadalina42.supserv.cozmoslabs.com\/fi\/wp-json\/wp\/v2\/media?parent=227508"}],"wp:term":[{"taxonomy":"product_brand","embeddable":true,"href":"https:\/\/tpmadalina42.supserv.cozmoslabs.com\/fi\/wp-json\/wp\/v2\/product_brand?post=227508"},{"taxonomy":"product_cat","embeddable":true,"href":"https:\/\/tpmadalina42.supserv.cozmoslabs.com\/fi\/wp-json\/wp\/v2\/product_cat?post=227508"},{"taxonomy":"product_tag","embeddable":true,"href":"https:\/\/tpmadalina42.supserv.cozmoslabs.com\/fi\/wp-json\/wp\/v2\/product_tag?post=227508"}],"curies":[{"name":"wp","href":"https:\/\/api.w.org\/{rel}","templated":true}]}}