{"id":227518,"date":"2024-08-07T22:53:05","date_gmt":"2024-08-08T05:53:05","guid":{"rendered":"https:\/\/glandine.com\/product\/dolce-gabbana-elegantes-maxikleid-mit-dschungelprint-aus-seide\/"},"modified":"2024-11-30T14:29:38","modified_gmt":"2024-11-30T13:29:38","slug":"dolce-gabbana-elegantes-maxikleid-mit-dschungelprint-aus-seide","status":"publish","type":"product","link":"https:\/\/tpmadalina42.supserv.cozmoslabs.com\/fi\/tuote-2\/dolce-gabbana-elegantes-maxikleid-mit-dschungelprint-aus-seide\/","title":{"rendered":"Dolce &amp; Gabbana Elegantes Maxikleid mit Dschungelprint aus Seide"},"content":{"rendered":"<p>Entdecken Sie den Inbegriff von Luxus und Raffinesse mit unserem Multicolor Dschungel Print Maxikleid. Dieses exquisite St\u00fcck mit Boot-Ausschnitt und kurzen \u00c4rmeln verf\u00fcgt \u00fcber einen verf\u00fchrerischen Allover-Dschungel-Print f\u00fcr einen abenteuerlichen und dennoch schicken Look. Das in Italien gefertigte Kleid mit nahtlosem Rei\u00dfverschluss ist perfekt, um ein gewagtes Stil-Statement abzugeben und sorgt f\u00fcr eine tadellose Passform.<\/p>\n<p>Lassen Sie sich von der au\u00dfergew\u00f6hnlichen Handwerkskunst und der Liebe zum Detail begeistern, die f\u00fcr die Marke Dolce &amp; Gabbana steht.<\/p>\n<ul>\n<li>V\u00e4ri: Moniv\u00e4rinen<\/li>\n<li>Materiaali: 100% silkki<\/li>\n<li>Alkuper\u00e4maa: Italia<\/li>\n<li>Vetoketjukiinnitys<\/li>\n<li>Logon yksityiskohdat<\/li>\n<\/ul>","protected":false},"excerpt":{"rendered":"<p>Entdecken Sie den Inbegriff von Luxus und Raffinesse mit unserem Multicolor Dschungel Print Maxikleid. Dieses exquisite St\u00fcck mit Boot-Ausschnitt und kurzen \u00c4rmeln verf\u00fcgt \u00fcber einen verf\u00fchrerischen Allover-Dschungel-Print f\u00fcr einen abenteuerlichen und dennoch schicken Look. Das in Italien gefertigte Kleid mit nahtlosem Rei\u00dfverschluss ist perfekt, um ein gewagtes Stil-Statement abzugeben und sorgt f\u00fcr eine tadellose Passform. [&hellip;]<\/p>","protected":false},"featured_media":227511,"template":"","meta":[],"product_brand":[1620],"product_cat":[1637,1659,1623],"product_tag":[],"class_list":{"0":"post-227518","1":"product","2":"type-product","3":"status-publish","4":"has-post-thumbnail","6":"product_brand-dolce-gabbana","7":"product_cat-frauen-kleidung","8":"product_cat-kleider","9":"product_cat-kleidung","11":"first","12":"instock","13":"sale","14":"taxable","15":"shipping-taxable","16":"purchasable","17":"product-type-variable"},"_links":{"self":[{"href":"https:\/\/tpmadalina42.supserv.cozmoslabs.com\/fi\/wp-json\/wp\/v2\/product\/227518","targetHints":{"allow":["GET"]}}],"collection":[{"href":"https:\/\/tpmadalina42.supserv.cozmoslabs.com\/fi\/wp-json\/wp\/v2\/product"}],"about":[{"href":"https:\/\/tpmadalina42.supserv.cozmoslabs.com\/fi\/wp-json\/wp\/v2\/types\/product"}],"wp:featuredmedia":[{"embeddable":true,"href":"https:\/\/tpmadalina42.supserv.cozmoslabs.com\/fi\/wp-json\/wp\/v2\/media\/227511"}],"wp:attachment":[{"href":"https:\/\/tpmadalina42.supserv.cozmoslabs.com\/fi\/wp-json\/wp\/v2\/media?parent=227518"}],"wp:term":[{"taxonomy":"product_brand","embeddable":true,"href":"https:\/\/tpmadalina42.supserv.cozmoslabs.com\/fi\/wp-json\/wp\/v2\/product_brand?post=227518"},{"taxonomy":"product_cat","embeddable":true,"href":"https:\/\/tpmadalina42.supserv.cozmoslabs.com\/fi\/wp-json\/wp\/v2\/product_cat?post=227518"},{"taxonomy":"product_tag","embeddable":true,"href":"https:\/\/tpmadalina42.supserv.cozmoslabs.com\/fi\/wp-json\/wp\/v2\/product_tag?post=227518"}],"curies":[{"name":"wp","href":"https:\/\/api.w.org\/{rel}","templated":true}]}}