{"id":227724,"date":"2024-08-07T23:08:45","date_gmt":"2024-08-08T06:08:45","guid":{"rendered":"https:\/\/glandine.com\/product\/dolce-gabbana-elegantes-aermelloses-shift-minikleid\/"},"modified":"2024-11-30T14:33:24","modified_gmt":"2024-11-30T13:33:24","slug":"dolce-gabbana-elegantes-aermelloses-shift-minikleid","status":"publish","type":"product","link":"https:\/\/tpmadalina42.supserv.cozmoslabs.com\/fi\/tuote-2\/dolce-gabbana-elegantes-aermelloses-shift-minikleid\/","title":{"rendered":"Dolce &amp; Gabbana Tyylik\u00e4s hihaton minimekko"},"content":{"rendered":"<p>G\u00f6nnen Sie sich den Inbegriff von italienischem Luxus mit diesem atemberaubenden \u00e4rmellosen Shift-Minikleid von Dolce &amp; Gabbana. Dieses schwarze Kleid in A-Linie ist eine perfekte Mischung aus zeitloser Eleganz und modernem Chic und besticht durch au\u00dfergew\u00f6hnliche Handwerkskunst und eine Silhouette, die alle Blicke auf sich zieht. Mit seinem vielseitigen und raffinierten Stil l\u00e4sst es sich m\u00fchelos vom Tag zum Abend kombinieren. Machen Sie es zu Ihrem Lieblingskleid f\u00fcr besondere Anl\u00e4sse, bei denen es darauf ankommt, einen guten Eindruck zu hinterlassen.<\/p>\n<ul>\n<li>V\u00e4ri: Musta<\/li>\n<li>Materiaali: 97% puuvilla, 3% elastaani.<\/li>\n<li>Innenfutter: 97% Polyester, 3% Elastan<\/li>\n<li>Vetoketjukiinnitys<\/li>\n<li>Logon yksityiskohdat<\/li>\n<li>Valmistettu Italiassa<\/li>\n<li>Alkuper\u00e4maa: IT<\/li>\n<\/ul>","protected":false},"excerpt":{"rendered":"<p>G\u00f6nnen Sie sich den Inbegriff von italienischem Luxus mit diesem atemberaubenden \u00e4rmellosen Shift-Minikleid von Dolce &amp; Gabbana. Dieses schwarze Kleid in A-Linie ist eine perfekte Mischung aus zeitloser Eleganz und modernem Chic und besticht durch au\u00dfergew\u00f6hnliche Handwerkskunst und eine Silhouette, die alle Blicke auf sich zieht. Mit seinem vielseitigen und raffinierten Stil l\u00e4sst es sich [&hellip;]<\/p>","protected":false},"featured_media":227718,"template":"","meta":[],"product_brand":[1620],"product_cat":[1637,1659,1623],"product_tag":[],"class_list":{"0":"post-227724","1":"product","2":"type-product","3":"status-publish","4":"has-post-thumbnail","6":"product_brand-dolce-gabbana","7":"product_cat-frauen-kleidung","8":"product_cat-kleider","9":"product_cat-kleidung","11":"first","12":"instock","13":"sale","14":"taxable","15":"shipping-taxable","16":"purchasable","17":"product-type-variable"},"_links":{"self":[{"href":"https:\/\/tpmadalina42.supserv.cozmoslabs.com\/fi\/wp-json\/wp\/v2\/product\/227724","targetHints":{"allow":["GET"]}}],"collection":[{"href":"https:\/\/tpmadalina42.supserv.cozmoslabs.com\/fi\/wp-json\/wp\/v2\/product"}],"about":[{"href":"https:\/\/tpmadalina42.supserv.cozmoslabs.com\/fi\/wp-json\/wp\/v2\/types\/product"}],"wp:featuredmedia":[{"embeddable":true,"href":"https:\/\/tpmadalina42.supserv.cozmoslabs.com\/fi\/wp-json\/wp\/v2\/media\/227718"}],"wp:attachment":[{"href":"https:\/\/tpmadalina42.supserv.cozmoslabs.com\/fi\/wp-json\/wp\/v2\/media?parent=227724"}],"wp:term":[{"taxonomy":"product_brand","embeddable":true,"href":"https:\/\/tpmadalina42.supserv.cozmoslabs.com\/fi\/wp-json\/wp\/v2\/product_brand?post=227724"},{"taxonomy":"product_cat","embeddable":true,"href":"https:\/\/tpmadalina42.supserv.cozmoslabs.com\/fi\/wp-json\/wp\/v2\/product_cat?post=227724"},{"taxonomy":"product_tag","embeddable":true,"href":"https:\/\/tpmadalina42.supserv.cozmoslabs.com\/fi\/wp-json\/wp\/v2\/product_tag?post=227724"}],"curies":[{"name":"wp","href":"https:\/\/api.w.org\/{rel}","templated":true}]}}