{"id":227940,"date":"2024-08-08T08:27:47","date_gmt":"2024-08-08T06:27:47","guid":{"rendered":"https:\/\/glandine.com\/product\/dolce-gabbana-elegante-weisse-leder-high-top-sneakers\/"},"modified":"2024-11-30T14:36:09","modified_gmt":"2024-11-30T13:36:09","slug":"dolce-gabbana-elegante-weisse-leder-high-top-sneakers","status":"publish","type":"product","link":"https:\/\/tpmadalina42.supserv.cozmoslabs.com\/fi\/tuote-2\/dolce-gabbana-elegante-weisse-leder-high-top-sneakers\/","title":{"rendered":"Dolce &amp; Gabbana Elegante wei\u00dfe Leder-High-Top-Sneakers"},"content":{"rendered":"<p>Gehen Sie stilvoll aus mit diesen umwerfenden wei\u00dfen &#8222;Saint Tropez&#8220; Schn\u00fcrsneakers von <strong>Dolce &amp; Gabbana<\/strong>. Die sorgf\u00e4ltig aus luxuri\u00f6sem 100 % Leder gefertigten High-Top-Sneakers sind eine perfekte Mischung aus Komfort und Stil und sind mit einem schicken goldfarbenen Metall-Logo verziert. Das gepr\u00e4gte Logo auf der knackigen wei\u00dfen Gummisohle verleiht einen zus\u00e4tzlichen Hauch von Eleganz und sorgt daf\u00fcr, dass jeder Schritt, den Sie machen, ein modisches Statement ist. Stolz in Italien hergestellt, sind sie ein wahres Zeugnis f\u00fcr au\u00dfergew\u00f6hnliche Handwerkskunst und zeitloses Design.<\/p>\n<ul>\n<li>Materiaali: 100% nahka<\/li>\n<li>V\u00e4ri: Valkoinen<\/li>\n<li>Alkuper\u00e4maa: IT<\/li>\n<li>Gummisohle mit Logo<\/li>\n<\/ul>","protected":false},"excerpt":{"rendered":"<p>Gehen Sie stilvoll aus mit diesen umwerfenden wei\u00dfen &#8222;Saint Tropez&#8220; Schn\u00fcrsneakers von Dolce &amp; Gabbana. Die sorgf\u00e4ltig aus luxuri\u00f6sem 100 % Leder gefertigten High-Top-Sneakers sind eine perfekte Mischung aus Komfort und Stil und sind mit einem schicken goldfarbenen Metall-Logo verziert. Das gepr\u00e4gte Logo auf der knackigen wei\u00dfen Gummisohle verleiht einen zus\u00e4tzlichen Hauch von Eleganz und [&hellip;]<\/p>","protected":false},"featured_media":227932,"template":"","meta":[],"product_brand":[1620],"product_cat":[1634,1624,1702],"product_tag":[],"class_list":{"0":"post-227940","1":"product","2":"type-product","3":"status-publish","4":"has-post-thumbnail","6":"product_brand-dolce-gabbana","7":"product_cat-maenner-schuhe","8":"product_cat-schuhe","9":"product_cat-turnschuhe","11":"first","12":"instock","13":"sale","14":"taxable","15":"shipping-taxable","16":"purchasable","17":"product-type-variable"},"_links":{"self":[{"href":"https:\/\/tpmadalina42.supserv.cozmoslabs.com\/fi\/wp-json\/wp\/v2\/product\/227940","targetHints":{"allow":["GET"]}}],"collection":[{"href":"https:\/\/tpmadalina42.supserv.cozmoslabs.com\/fi\/wp-json\/wp\/v2\/product"}],"about":[{"href":"https:\/\/tpmadalina42.supserv.cozmoslabs.com\/fi\/wp-json\/wp\/v2\/types\/product"}],"wp:featuredmedia":[{"embeddable":true,"href":"https:\/\/tpmadalina42.supserv.cozmoslabs.com\/fi\/wp-json\/wp\/v2\/media\/227932"}],"wp:attachment":[{"href":"https:\/\/tpmadalina42.supserv.cozmoslabs.com\/fi\/wp-json\/wp\/v2\/media?parent=227940"}],"wp:term":[{"taxonomy":"product_brand","embeddable":true,"href":"https:\/\/tpmadalina42.supserv.cozmoslabs.com\/fi\/wp-json\/wp\/v2\/product_brand?post=227940"},{"taxonomy":"product_cat","embeddable":true,"href":"https:\/\/tpmadalina42.supserv.cozmoslabs.com\/fi\/wp-json\/wp\/v2\/product_cat?post=227940"},{"taxonomy":"product_tag","embeddable":true,"href":"https:\/\/tpmadalina42.supserv.cozmoslabs.com\/fi\/wp-json\/wp\/v2\/product_tag?post=227940"}],"curies":[{"name":"wp","href":"https:\/\/api.w.org\/{rel}","templated":true}]}}